{"id":6644,"date":"2026-01-16T10:40:45","date_gmt":"2026-01-16T09:40:45","guid":{"rendered":"https:\/\/santamariadelmar.es\/?page_id=6644"},"modified":"2026-01-22T10:43:57","modified_gmt":"2026-01-22T09:43:57","slug":"centro-examinador-de-cambridge","status":"publish","type":"page","link":"https:\/\/santamariadelmar.es\/gl\/centro-examinador-de-cambridge\/","title":{"rendered":"Centro examinador de Cambridge"},"content":{"rendered":"<div class=\"wp-block-group is-layout-constrained wp-container-core-group-is-layout-4f9f0532 wp-block-group-is-layout-constrained\">\n<p>Dende hai m\u00e1is de 40 anos, o Colexio Santa Mar\u00eda do Mar \u00e9 Centro Examinador (ES028) das probas de Cambridge Assessment English. Os t\u00edtulos de Cambridge English son reco\u00f1ecidos por cerca de 25.000 universidades, empresas e instituci\u00f3ns p\u00fablicas de todo o mundo, aumentando as oportunidades dos seus titulares de acceder \u00e1 ensinanza superior ou atopar un emprego.<\/p>\n\n\n\n<p>Ao longo de cada curso acad\u00e9mico, o Colexio organiza varias sesi\u00f3ns de exame nas que tanto alumnos do Centro como candidatos externos poden examinarse das diferentes probas de Cambridge Assessment English. As nosas convocatorias de exame incl\u00faen tanto a versi\u00f3n General English, dirixida a todo tipo de candidatos, como a versi\u00f3n For Schools, apropiada para alumnos en idade escolar.<\/p>\n\n\n\n<div class=\"wp-block-group is-content-justification-center is-layout-constrained wp-container-core-group-is-layout-b15c80d6 wp-block-group-is-layout-constrained\">\n<div style=\"height:17px\" aria-hidden=\"true\" class=\"wp-block-spacer\"><\/div>\n\n\n\n<figure class=\"wp-block-image alignleft size-large is-resized\"><img loading=\"lazy\" decoding=\"async\" width=\"1080\" height=\"476\" src=\"https:\/\/santamariadelmar.es\/wp-content\/uploads\/2026\/01\/Pagina-1-1080x476.png\" alt=\"\" class=\"wp-image-6666\" style=\"width:177px;height:auto\" srcset=\"https:\/\/santamariadelmar.es\/wp-content\/uploads\/2026\/01\/Pagina-1-1080x476.png 1080w, https:\/\/santamariadelmar.es\/wp-content\/uploads\/2026\/01\/Pagina-1-540x238.png 540w, https:\/\/santamariadelmar.es\/wp-content\/uploads\/2026\/01\/Pagina-1-768x338.png 768w, https:\/\/santamariadelmar.es\/wp-content\/uploads\/2026\/01\/Pagina-1-1536x677.png 1536w, https:\/\/santamariadelmar.es\/wp-content\/uploads\/2026\/01\/Pagina-1-2048x902.png 2048w\" sizes=\"auto, (max-width: 1080px) 100vw, 1080px\" \/><\/figure>\n\n\n\n<figure class=\"wp-block-image alignleft size-large is-resized\"><img loading=\"lazy\" decoding=\"async\" width=\"1080\" height=\"408\" src=\"https:\/\/santamariadelmar.es\/wp-content\/uploads\/2026\/01\/CET_logo_Stacked_RGB-1080x408.png\" alt=\"\" class=\"wp-image-6649\" style=\"width:177px;height:auto\" srcset=\"https:\/\/santamariadelmar.es\/wp-content\/uploads\/2026\/01\/CET_logo_Stacked_RGB-1080x408.png 1080w, https:\/\/santamariadelmar.es\/wp-content\/uploads\/2026\/01\/CET_logo_Stacked_RGB-540x204.png 540w, https:\/\/santamariadelmar.es\/wp-content\/uploads\/2026\/01\/CET_logo_Stacked_RGB-768x290.png 768w, https:\/\/santamariadelmar.es\/wp-content\/uploads\/2026\/01\/CET_logo_Stacked_RGB-1536x581.png 1536w, https:\/\/santamariadelmar.es\/wp-content\/uploads\/2026\/01\/CET_logo_Stacked_RGB-2048x774.png 2048w\" sizes=\"auto, (max-width: 1080px) 100vw, 1080px\" \/><\/figure>\n<\/div>\n\n\n\n<div style=\"height:17px\" aria-hidden=\"true\" class=\"wp-block-spacer\"><\/div>\n\n\n\n<div class=\"wp-block-group alignwide is-layout-constrained wp-container-core-group-is-layout-8958df9c wp-block-group-is-layout-constrained\" style=\"margin-top:0;margin-bottom:var(--wp--preset--spacing--80);padding-top:0;padding-bottom:0\">\n<div class=\"wp-block-columns alignwide has-border-color has-foreground-background-color has-background is-layout-flex wp-container-core-columns-is-layout-714d85e9 wp-block-columns-is-layout-flex\" style=\"border-color:#d5d5d5;border-width:2px;border-radius:14px\">\n<div class=\"wp-block-column is-vertically-aligned-center is-layout-flow wp-block-column-is-layout-flow\" style=\"flex-basis:100%\">\n<h3 class=\"wp-block-heading has-extra-primary-color has-text-color has-link-color wp-elements-2a16ff05243237a8eb40e9cc7a1b6819\"><strong>C2 Proficiency<\/strong><\/h3>\n\n\n\n<p>A titulaci\u00f3n C2 Proficiency acredita un dominio excepcional da lingua inglesa. Os titulares dun certificado deste nivel pos\u00faen as destrezas ling\u00fc\u00edsticas necesarias para estudar ou traballar nun entorno profesional ou acad\u00e9mico de moi alto nivel, por exemplo, en programas de posgrao ou de doutoramento.<\/p>\n<\/div>\n<\/div>\n\n\n\n<div class=\"wp-block-columns has-border-color has-foreground-background-color has-background is-layout-flex wp-container-core-columns-is-layout-714d85e9 wp-block-columns-is-layout-flex\" style=\"border-color:#d5d5d5;border-width:2px;border-radius:14px\">\n<div class=\"wp-block-column is-vertically-aligned-center is-layout-flow wp-block-column-is-layout-flow\" style=\"flex-basis:100%\">\n<h3 class=\"wp-block-heading has-extra-primary-color has-text-color has-link-color wp-elements-e5b015ccbf579d2645d20d9f383e2f25\"><strong><strong>C1 Advanced<\/strong><\/strong><\/h3>\n\n\n\n<p>A titulaci\u00f3n C1 Advanced acredita, entre outras destrezas, as de seguir un curso acad\u00e9mico de nivel universitario, comunicarse de maneira efectiva a nivel administrativo e profesional e participar con soltura en reuni\u00f3ns de traballo, clases e seminarios acad\u00e9micos.<\/p>\n<\/div>\n<\/div>\n\n\n\n<div class=\"wp-block-columns has-border-color has-foreground-background-color has-background is-layout-flex wp-container-core-columns-is-layout-714d85e9 wp-block-columns-is-layout-flex\" style=\"border-color:#d5d5d5;border-width:2px;border-radius:14px\">\n<div class=\"wp-block-column is-vertically-aligned-center is-layout-flow wp-block-column-is-layout-flow\" style=\"flex-basis:100%\">\n<h3 class=\"wp-block-heading has-extra-primary-color has-text-color has-link-color wp-elements-db45ca6331da0b811eafe946e87ade10\"><strong><strong><strong>B2 First e B2 First for Schools<\/strong><\/strong><\/strong><\/h3>\n\n\n\n<p>\u00c9 unha das titulaci\u00f3ns m\u00e1is co\u00f1ecidas de Cambridge English. Acredita a posu\u00edr as destrezas ling\u00fc\u00edsticas necesarias para vivir e traballar de maneira independente nun pa\u00eds angloparlante, as\u00ed como para estudar cursos impartidos en ingl\u00e9s. \u00c9 reco\u00f1ecida por universidades e instituci\u00f3ns universitarias para realizar programas impartidos en ingl\u00e9s.<\/p>\n<\/div>\n<\/div>\n\n\n\n<div class=\"wp-block-columns has-border-color has-foreground-background-color has-background is-layout-flex wp-container-core-columns-is-layout-714d85e9 wp-block-columns-is-layout-flex\" style=\"border-color:#d5d5d5;border-width:2px;border-radius:14px\">\n<div class=\"wp-block-column is-vertically-aligned-center is-layout-flow wp-block-column-is-layout-flow\" style=\"flex-basis:100%\">\n<h3 class=\"wp-block-heading has-extra-primary-color has-text-color has-link-color wp-elements-0a50d23e1523ae962693c78dd187d1ee\"><strong><strong><strong><strong>B1 Preliminary e B1 Preliminary for Schools<\/strong><\/strong><\/strong><\/strong><\/h3>\n\n\n\n<p>A titulaci\u00f3n B1 Preliminary acredita o dominio dos aspectos fundamentais do ingl\u00e9s e a posu\u00edr destrezas ling\u00fc\u00edsticas necesarias para un uso coti\u00e1n.<\/p>\n<\/div>\n<\/div>\n\n\n\n<div class=\"wp-block-columns has-border-color has-foreground-background-color has-background is-layout-flex wp-container-core-columns-is-layout-714d85e9 wp-block-columns-is-layout-flex\" style=\"border-color:#d5d5d5;border-width:2px;border-radius:14px\">\n<div class=\"wp-block-column is-vertically-aligned-center is-layout-flow wp-block-column-is-layout-flow\" style=\"flex-basis:100%\">\n<h3 class=\"wp-block-heading has-extra-primary-color has-text-color has-link-color wp-elements-58df4e15fdac578f64b0ac61cd672f4e\"><strong><strong><strong><strong><strong>A2 Key for Schools<\/strong><\/strong><\/strong><\/strong><\/strong><\/h3>\n\n\n\n<p>A titulaci\u00f3n A2 Key for Schools demostra que o alumno pode comunicarse en ingl\u00e9s en situaci\u00f3ns simples e coti\u00e1s. Constit\u00fae un bo punto de partida para que os alumnos de primaria ou secundaria se inicien na preparaci\u00f3n de exames de ingl\u00e9s de nivel superior.<\/p>\n<\/div>\n<\/div>\n\n\n\n<div class=\"wp-block-columns has-border-color has-foreground-background-color has-background is-layout-flex wp-container-core-columns-is-layout-714d85e9 wp-block-columns-is-layout-flex\" style=\"border-color:#d5d5d5;border-width:2px;border-radius:14px\">\n<div class=\"wp-block-column is-vertically-aligned-center is-layout-flow wp-block-column-is-layout-flow\" style=\"flex-basis:100%\">\n<h3 class=\"wp-block-heading has-extra-primary-color has-text-color has-link-color wp-elements-7247b6d41e0130c2f438085923752d0b\"><strong><strong><strong><strong><strong><strong>Cambridge English: Young Learners. Pre A1 Starters, A1 Movers<\/strong> e <strong>A2 Flyers<\/strong><\/strong><\/strong><\/strong><\/strong><\/strong><\/h3>\n\n\n\n<p>Son as tres primeiras titulaci\u00f3ns de Cambridge English, exames dese\u00f1ados para alumnos e alumnas de Educaci\u00f3n Primaria que os axudan a iniciar o seu cami\u00f1o na aprendizaxe do ingl\u00e9s de forma divertida. As probas est\u00e1n redactadas en torno a temas que resulten familiares e c\u00e9ntranse nas destrezas necesarias para comunicarse en ingl\u00e9s de maneira efectiva: Reading, Writing, Listening e Speaking. Constit\u00faen un excelente medio para que adquiran confianza e melloren o seu ingl\u00e9s.<\/p>\n<\/div>\n<\/div>\n<\/div>\n<\/div>","protected":false},"excerpt":{"rendered":"<p>Desde hace m\u00e1s de 40 a\u00f1os, el Colegio Santa Mar\u00eda del Mar es Centro Examinador (ES028) de las pruebas de Cambridge Assessment English. Los t\u00edtulos de Cambridge English son reconocidos [&hellip;]<\/p>\n","protected":false},"author":2,"featured_media":6936,"parent":0,"menu_order":0,"comment_status":"closed","ping_status":"closed","template":"pagina-basica","meta":{"_EventAllDay":false,"_EventTimezone":"","_EventStartDate":"","_EventEndDate":"","_EventStartDateUTC":"","_EventEndDateUTC":"","_EventShowMap":false,"_EventShowMapLink":false,"_EventURL":"","_EventCost":"","_EventCostDescription":"","_EventCurrencySymbol":"","_EventCurrencyCode":"","_EventCurrencyPosition":"","_EventDateTimeSeparator":"","_EventTimeRangeSeparator":"","_EventOrganizerID":[],"_EventVenueID":[],"_OrganizerEmail":"","_OrganizerPhone":"","_OrganizerWebsite":"","_VenueAddress":"","_VenueCity":"","_VenueCountry":"","_VenueProvince":"","_VenueState":"","_VenueZip":"","_VenuePhone":"","_VenueURL":"","_VenueStateProvince":"","_VenueLat":"","_VenueLng":"","_VenueShowMap":false,"_VenueShowMapLink":false,"footnotes":""},"class_list":["post-6644","page","type-page","status-publish","has-post-thumbnail","hentry"],"publishpress_future_action":{"enabled":false,"date":"2026-04-29 14:34:34","action":"change-status","newStatus":"draft","terms":[],"taxonomy":"","extraData":[]},"publishpress_future_workflow_manual_trigger":{"enabledWorkflows":[]},"_links":{"self":[{"href":"https:\/\/santamariadelmar.es\/gl\/wp-json\/wp\/v2\/pages\/6644","targetHints":{"allow":["GET"]}}],"collection":[{"href":"https:\/\/santamariadelmar.es\/gl\/wp-json\/wp\/v2\/pages"}],"about":[{"href":"https:\/\/santamariadelmar.es\/gl\/wp-json\/wp\/v2\/types\/page"}],"author":[{"embeddable":true,"href":"https:\/\/santamariadelmar.es\/gl\/wp-json\/wp\/v2\/users\/2"}],"replies":[{"embeddable":true,"href":"https:\/\/santamariadelmar.es\/gl\/wp-json\/wp\/v2\/comments?post=6644"}],"version-history":[{"count":0,"href":"https:\/\/santamariadelmar.es\/gl\/wp-json\/wp\/v2\/pages\/6644\/revisions"}],"wp:featuredmedia":[{"embeddable":true,"href":"https:\/\/santamariadelmar.es\/gl\/wp-json\/wp\/v2\/media\/6936"}],"wp:attachment":[{"href":"https:\/\/santamariadelmar.es\/gl\/wp-json\/wp\/v2\/media?parent=6644"}],"curies":[{"name":"wp","href":"https:\/\/api.w.org\/{rel}","templated":true}]}}