{"id":49,"date":"2025-10-27T14:00:46","date_gmt":"2025-10-27T13:00:46","guid":{"rendered":"https:\/\/santamariadelmar.es\/?page_id=49"},"modified":"2026-02-09T13:19:26","modified_gmt":"2026-02-09T12:19:26","slug":"dimension-humana-orientacion","status":"publish","type":"page","link":"https:\/\/santamariadelmar.es\/gl\/modelo-educativo\/dimension-humana-orientacion\/","title":{"rendered":"Dimensi\u00f3n humana \u00e9 Orientaci\u00f3n"},"content":{"rendered":"<div class=\"wp-block-group is-layout-constrained wp-container-core-group-is-layout-4f9f0532 wp-block-group-is-layout-constrained\">\n<p>A <strong>dimensi\u00f3n humana<\/strong> c\u00e9ntrase no <strong>desenvolvemento integral da persoa<\/strong>, entendendo ao estudante como un ser \u00fanico e en proceso de crecemento. Parte do principio ignaciano do <em>cura personalis<\/em>, \u00e9 dicir, o <strong>coidado de cada persoa na s\u00faa totalidade<\/strong>, atendiendo sus aspectos emocionales, sociales, f\u00edsicos y \u00e9ticos.<\/p>\n<\/div>\n\n\n\n<div class=\"wp-block-group service-outer-box has-background is-layout-constrained wp-container-core-group-is-layout-4f9f0532 wp-block-group-is-layout-constrained\" style=\"background-color:var(--wp--preset--color--extra-primary)\">\n<div style=\"height:100px\" aria-hidden=\"true\" class=\"wp-block-spacer\"><\/div>\n\n\n\n<h2 class=\"wp-block-heading has-text-align-center has-foreground-color has-text-color has-link-color has-bitter-font-family wp-elements-5a3879af99893f05788d4764de3f203d\" style=\"margin-top:var(--wp--preset--spacing--60);margin-bottom:var(--wp--preset--spacing--60)\">\u00bfQue pretende a Dimensi\u00f3n Humana hoxe?<\/h2>\n\n\n\n<ul class=\"wp-block-list\">\n<li class=\"has-foreground-color has-text-color has-link-color wp-elements-2d4d68288ed91f40f4de456e8b5467d6\"><strong>Forman persoas cosncientes de si mesmas<\/strong>, capaces de reco\u00f1ecer as s\u00faas fortalezas e l\u00edmites, e de tomar decisi\u00f3ns responsables.<\/li>\n\n\n\n<li class=\"has-foreground-color has-text-color has-link-color wp-elements-3aba6a403a14da84cb10631d74059a83\"><strong>Favorecer a madurez emocional<\/strong>, promovendo a empat\u00eda, o autocontrol, a resiliencia e a capacidade de afrontar dificultades persoais e sociais.<\/li>\n\n\n\n<li class=\"has-foreground-color has-text-color has-link-color wp-elements-d6a327822dbeb1670fd65fdeb4fab8a4\"><strong>Desenvolver habilidades sociais<\/strong>, como o di\u00e1logo, a escoita, o traballo en equipo e a resoluci\u00f3n pac\u00edfica de conflitos.<\/li>\n\n\n\n<li class=\"has-foreground-color has-text-color has-link-color wp-elements-f310d5ee3cf3baea48acdac70dff422d\"><strong>Promover valores humanos<\/strong>, como o respeto, a honestidade, a xustiza, a solidaridade e o compromiso cos demais.<\/li>\n\n\n\n<li class=\"has-foreground-color has-text-color has-link-color wp-elements-53eaf77f4155d199149cb08c2c1cac0d\"><strong>Acompa\u00f1ar procesos vitais<\/strong>, ofrecendo espazos de tutor\u00eda, orientaci\u00f3n e acompa\u00f1amento persoal, especialmente en contextos de vulnerabilidade ou incertidumbre.<\/li>\n\n\n\n<li class=\"has-foreground-color has-text-color has-link-color wp-elements-afbea76260703b0361c4cc11e97a53e7\"><strong>Preparar para unha ciudadan\u00eda activa e comprometida<\/strong>, capaz de convivir en sociedades plurais e contribuir ao ben com\u00fan.<\/li>\n<\/ul>\n\n\n\n<div style=\"height:100px\" aria-hidden=\"true\" class=\"wp-block-spacer\"><\/div>\n<\/div>\n\n\n\n<div class=\"wp-block-group is-layout-constrained wp-container-core-group-is-layout-7a3688e9 wp-block-group-is-layout-constrained\">\n<div class=\"wp-block-columns is-layout-flex wp-container-core-columns-is-layout-28f84493 wp-block-columns-is-layout-flex\">\n<div class=\"wp-block-column recuadro-personalizado has-primary-background-color has-background is-layout-flow wp-block-column-is-layout-flow\">\n<div class=\"wp-block-font-awesome-icon wp-font-awesome-icon\" style=\"display:flex;justify-content:center\"><svg aria-hidden=\"true\" focusable=\"false\" data-prefix=\"fas\" data-icon=\"user\" class=\"svg-inline--fa fa-user\" role=\"img\" xmlns=\"http:\/\/www.w3.org\/2000\/svg\" viewbox=\"0 0 448 512\" style=\"font-size:4em\" color=\"#118cb0\"><path fill=\"currentColor\" d=\"M224 248a120 120 0 1 0 0-240 120 120 0 1 0 0 240zm-29.7 56C95.8 304 16 383.8 16 482.3 16 498.7 29.3 512 45.7 512l356.6 0c16.4 0 29.7-13.3 29.7-29.7 0-98.5-79.8-178.3-178.3-178.3l-59.4 0z\"><\/path><\/svg><\/div>\n\n\n\n<p class=\"has-foreground-color has-text-color has-link-color wp-elements-fe10735d444f9fa9fac2af6e50dde62d\"><strong>Autoco\u00f1ecemento e desenvolvemento persoal<\/strong>:<br>construcci\u00f3n dunha identidade persoal equilibrada e consciente.<\/p>\n<\/div>\n\n\n\n<div class=\"wp-block-column recuadro-personalizado has-foreground-background-color has-background is-layout-flow wp-block-column-is-layout-flow\">\n<div class=\"wp-block-font-awesome-icon wp-font-awesome-icon\" style=\"display:flex;justify-content:center\"><svg aria-hidden=\"true\" focusable=\"false\" data-prefix=\"fas\" data-icon=\"hand-holding-heart\" class=\"svg-inline--fa fa-hand-holding-heart\" role=\"img\" xmlns=\"http:\/\/www.w3.org\/2000\/svg\" viewbox=\"0 0 576 512\" style=\"font-size:4em\" color=\"#118cb0\"><path fill=\"currentColor\" d=\"M279.6 31C265.5 11.5 242.9 0 218.9 0 177.5 0 144 33.5 144 74.9l0 2.4c0 64.4 82 133.4 122.2 163.3 13 9.7 30.5 9.7 43.5 0 40.2-30 122.2-98.9 122.2-163.3l0-2.4c0-41.4-33.5-74.9-74.9-74.9-24 0-46.6 11.5-60.7 31L288 42.7 279.6 31zM109.3 341.5L66.7 384 32 384c-17.7 0-32 14.3-32 32l0 64c0 17.7 14.3 32 32 32l320.5 0c29 0 57.3-9.3 80.7-26.5l126.6-93.3c17.8-13.1 21.6-38.1 8.5-55.9s-38.1-21.6-55.9-8.5L392.6 416 280 416c-13.3 0-24-10.7-24-24s10.7-24 24-24l72 0c17.7 0 32-14.3 32-32s-14.3-32-32-32l-152.2 0c-33.9 0-66.5 13.5-90.5 37.5z\"><\/path><\/svg><\/div>\n\n\n\n<p><strong>Educaci\u00f3n emocional<\/strong>:<br>reco\u00f1ecemento, expresi\u00f3n e xesti\u00f3n adecuada das emoci\u00f3n.<\/p>\n<\/div>\n\n\n\n<div class=\"wp-block-column recuadro-personalizado has-primary-background-color has-background is-layout-flow wp-block-column-is-layout-flow\">\n<div class=\"wp-block-font-awesome-icon wp-font-awesome-icon\" style=\"display:flex;justify-content:center\"><svg aria-hidden=\"true\" focusable=\"false\" data-prefix=\"fas\" data-icon=\"handshake\" class=\"svg-inline--fa fa-handshake\" role=\"img\" xmlns=\"http:\/\/www.w3.org\/2000\/svg\" viewbox=\"0 0 576 512\" style=\"font-size:4em\" color=\"#118cb0\"><path fill=\"currentColor\" d=\"M268.9 85.2L152.3 214.8c-4.6 5.1-4.4 13 .5 17.9 30.5 30.5 80 30.5 110.5 0l31.8-31.8c4.2-4.2 9.5-6.5 14.9-6.9 6.8-.6 13.8 1.7 19 6.9L505.6 376 576 320 576 32 464 96 440.2 80.1C424.4 69.6 405.9 64 386.9 64l-70.4 0c-1.1 0-2.3 0-3.4 .1-16.9 .9-32.8 8.5-44.2 21.1zM116.6 182.7L223.4 64 183.8 64c-25.5 0-49.9 10.1-67.9 28.1L112 96 0 32 0 320 156.4 450.3c23 19.2 52 29.7 81.9 29.7l15.7 0-7-7c-9.4-9.4-9.4-24.6 0-33.9s24.6-9.4 33.9 0l41 41 9 0c19.1 0 37.8-4.3 54.8-12.3L359 441c-9.4-9.4-9.4-24.6 0-33.9s24.6-9.4 33.9 0l32 32 17.5-17.5c8.9-8.9 11.5-21.8 7.6-33.1l-137.9-136.8-14.9 14.9c-49.3 49.3-129.1 49.3-178.4 0-23-23-23.9-59.9-2.2-84z\"><\/path><\/svg><\/div>\n\n\n\n<p class=\"has-foreground-color has-text-color has-link-color wp-elements-a4c8df43c38d0bd0f9e1ebba01414d12\"><strong>Convivencia e relaci\u00f3ns interpersoais<\/strong>:<br>respeto, empat\u00eda,di\u00e1logo e resoluci\u00f3n pac\u00edfica de conflitos.<\/p>\n<\/div>\n<\/div>\n\n\n\n<div class=\"wp-block-columns is-layout-flex wp-container-core-columns-is-layout-28f84493 wp-block-columns-is-layout-flex\">\n<div class=\"wp-block-column recuadro-personalizado has-foreground-background-color has-background is-layout-flow wp-block-column-is-layout-flow\">\n<div class=\"wp-block-font-awesome-icon wp-font-awesome-icon\" style=\"display:flex;justify-content:center\"><svg aria-hidden=\"true\" focusable=\"false\" data-prefix=\"fas\" data-icon=\"scale-balanced\" class=\"svg-inline--fa fa-scale-balanced\" role=\"img\" xmlns=\"http:\/\/www.w3.org\/2000\/svg\" viewbox=\"0 0 640 512\" style=\"font-size:4em\" color=\"#118cb0\"><path fill=\"currentColor\" d=\"M384 32l128 0c17.7 0 32 14.3 32 32s-14.3 32-32 32L398.4 96c-5.2 25.8-22.9 47.1-46.4 57.3l0 294.7 160 0c17.7 0 32 14.3 32 32s-14.3 32-32 32l-384 0c-17.7 0-32-14.3-32-32s14.3-32 32-32l160 0 0-294.7c-23.5-10.3-41.2-31.6-46.4-57.3L128 96c-17.7 0-32-14.3-32-32s14.3-32 32-32l128 0c14.6-19.4 37.8-32 64-32s49.4 12.6 64 32zm55.6 288L584.4 320 512 195.8 439.6 320zM512 416c-62.9 0-115.2-34-126-78.9-2.6-11 1-22.3 6.7-32.1l95.2-163.2c5-8.6 14.2-13.8 24.1-13.8s19.1 5.3 24.1 13.8l95.2 163.2c5.7 9.8 9.3 21.1 6.7 32.1-10.8 44.8-63.1 78.9-126 78.9zM126.8 195.8L54.4 320 199.3 320 126.8 195.8zM.9 337.1c-2.6-11 1-22.3 6.7-32.1l95.2-163.2c5-8.6 14.2-13.8 24.1-13.8s19.1 5.3 24.1 13.8l95.2 163.2c5.7 9.8 9.3 21.1 6.7 32.1-10.8 44.8-63.1 78.9-126 78.9S11.7 382 .9 337.1z\"><\/path><\/svg><\/div>\n\n\n\n<p><strong>Sentido \u00e9tico e compromiso cr\u00edtico-social<\/strong>:<br>interiorizaci\u00f3n de valores humanos e actitude de servizo aos demais.<\/p>\n<\/div>\n\n\n\n<div class=\"wp-block-column recuadro-personalizado has-primary-background-color has-background is-layout-flow wp-block-column-is-layout-flow\">\n<div class=\"wp-block-font-awesome-icon wp-font-awesome-icon\" style=\"display:flex;justify-content:center\"><svg aria-hidden=\"true\" focusable=\"false\" data-prefix=\"fas\" data-icon=\"circle-check\" class=\"svg-inline--fa fa-circle-check\" role=\"img\" xmlns=\"http:\/\/www.w3.org\/2000\/svg\" viewbox=\"0 0 512 512\" style=\"font-size:4em\" color=\"#118cb0\"><path fill=\"currentColor\" d=\"M256 512a256 256 0 1 1 0-512 256 256 0 1 1 0 512zM374 145.7c-10.7-7.8-25.7-5.4-33.5 5.3L221.1 315.2 169 263.1c-9.4-9.4-24.6-9.4-33.9 0s-9.4 24.6 0 33.9l72 72c5 5 11.8 7.5 18.8 7s13.4-4.1 17.5-9.8L379.3 179.2c7.8-10.7 5.4-25.7-5.3-33.5z\"><\/path><\/svg><\/div>\n\n\n\n<p class=\"has-foreground-color has-text-color has-link-color wp-elements-61115a99ad0a61e71d57773ea1ceb6cf\"><strong>Responsabilidade e autonom\u00eda persoal.<\/strong>:<br>toma de decisi\u00f3ns responsables e desenvolvemento do pensamento cr\u00edtico.<\/p>\n<\/div>\n\n\n\n<div class=\"wp-block-column recuadro-personalizado has-foreground-background-color has-background is-layout-flow wp-block-column-is-layout-flow\">\n<div class=\"wp-block-font-awesome-icon wp-font-awesome-icon\" style=\"display:flex;justify-content:center\"><svg aria-hidden=\"true\" focusable=\"false\" data-prefix=\"fas\" data-icon=\"earth-europe\" class=\"svg-inline--fa fa-earth-europe\" role=\"img\" xmlns=\"http:\/\/www.w3.org\/2000\/svg\" viewbox=\"0 0 512 512\" style=\"font-size:4em\" color=\"#118cb0\"><path fill=\"currentColor\" d=\"M256.2 48c114.8 .1 207.8 93.2 207.8 208 0 22.1-3.4 43.4-9.8 63.4-2 .4-4.1 .6-6.2 .6l-2.7 0c-8.5 0-16.6-3.4-22.6-9.4l-29.3-29.3c-6-6-9.4-14.1-9.4-22.6l0-50.7c0-8.8 7.2-16 16-16s16-7.2 16-16-7.2-16-16-16l-24 0c-13.3 0-24 10.7-24 24s-10.7 24-24 24l-56 0c-8.8 0-16 7.2-16 16s-7.2 16-16 16l-25.4 0c-12.5 0-22.6-10.1-22.6-22.6 0-6 2.4-11.8 6.6-16l70.1-70.1c2.1-2.1 3.3-5 3.3-8 0-6.2-5.1-11.3-11.3-11.3l-14.1 0c-12.5 0-22.6-10.1-22.6-22.6 0-6 2.4-11.8 6.6-16l23.1-23.1c.8-.8 1.6-1.5 2.5-2.2zM438.4 356.1c-32.8 59.6-93.9 101.4-165.2 107.2-.7-2.3-1.1-4.8-1.1-7.3 0-13.3-10.7-24-24-24l-26.7 0c-8.5 0-16.6-3.4-22.6-9.4l-29.3-29.3c-6-6-9.4-14.1-9.4-22.6l0-66.7c0-17.7 14.3-32 32-32l98.7 0c8.5 0 16.6 3.4 22.6 9.4l29.3 29.3c6 6 14.1 9.4 22.6 9.4l5.5 0c8.5 0 16.6 3.4 22.6 9.4l16 16c4.2 4.2 10 6.6 16 6.6 4.8 0 9.3 1.5 13 4.1zM256 512l26.2-1.3c-8.6 .9-17.3 1.3-26.2 1.3zm26.2-1.3C411.3 497.6 512 388.6 512 256 512 114.6 397.4 0 256 0l0 0C114.6 0 0 114.6 0 256 0 383.5 93.2 489.3 215.3 508.8 228.5 510.9 242.1 512 256 512zM187.3 123.3l-32 32c-6.2 6.2-16.4 6.2-22.6 0s-6.2-16.4 0-22.6l32-32c6.2-6.2 16.4-6.2 22.6 0s6.2 16.4 0 22.6z\"><\/path><\/svg><\/div>\n\n\n\n<p><strong>Educaci\u00f3n para a Cidadan\u00eda<\/strong>:<br>formar mozos con conciencia global, comprometidos coa xustiza social, a reconciliaci\u00f3n e co coidado da casa com\u00fan, utilizando valores ignacianos como a responsabilidade, a xustiza e a solidariedade.<\/p>\n<\/div>\n<\/div>\n<\/div>","protected":false},"excerpt":{"rendered":"<p>La dimensi\u00f3n humana se centra en el desarrollo integral de la persona, entendiendo al estudiante como un ser \u00fanico y en proceso de crecimiento. Parte del principio ignaciano del cura [&hellip;]<\/p>\n","protected":false},"author":2,"featured_media":6916,"parent":1904,"menu_order":3,"comment_status":"closed","ping_status":"closed","template":"pagina-basica","meta":{"_EventAllDay":false,"_EventTimezone":"","_EventStartDate":"","_EventEndDate":"","_EventStartDateUTC":"","_EventEndDateUTC":"","_EventShowMap":false,"_EventShowMapLink":false,"_EventURL":"","_EventCost":"","_EventCostDescription":"","_EventCurrencySymbol":"","_EventCurrencyCode":"","_EventCurrencyPosition":"","_EventDateTimeSeparator":"","_EventTimeRangeSeparator":"","_EventOrganizerID":[],"_EventVenueID":[],"_OrganizerEmail":"","_OrganizerPhone":"","_OrganizerWebsite":"","_VenueAddress":"","_VenueCity":"","_VenueCountry":"","_VenueProvince":"","_VenueState":"","_VenueZip":"","_VenuePhone":"","_VenueURL":"","_VenueStateProvince":"","_VenueLat":"","_VenueLng":"","_VenueShowMap":false,"_VenueShowMapLink":false,"footnotes":""},"class_list":["post-49","page","type-page","status-publish","has-post-thumbnail","hentry"],"publishpress_future_action":{"enabled":false,"date":"2026-05-01 14:10:37","action":"change-status","newStatus":"draft","terms":[],"taxonomy":"","extraData":[]},"publishpress_future_workflow_manual_trigger":{"enabledWorkflows":[]},"_links":{"self":[{"href":"https:\/\/santamariadelmar.es\/gl\/wp-json\/wp\/v2\/pages\/49","targetHints":{"allow":["GET"]}}],"collection":[{"href":"https:\/\/santamariadelmar.es\/gl\/wp-json\/wp\/v2\/pages"}],"about":[{"href":"https:\/\/santamariadelmar.es\/gl\/wp-json\/wp\/v2\/types\/page"}],"author":[{"embeddable":true,"href":"https:\/\/santamariadelmar.es\/gl\/wp-json\/wp\/v2\/users\/2"}],"replies":[{"embeddable":true,"href":"https:\/\/santamariadelmar.es\/gl\/wp-json\/wp\/v2\/comments?post=49"}],"version-history":[{"count":2,"href":"https:\/\/santamariadelmar.es\/gl\/wp-json\/wp\/v2\/pages\/49\/revisions"}],"predecessor-version":[{"id":8899,"href":"https:\/\/santamariadelmar.es\/gl\/wp-json\/wp\/v2\/pages\/49\/revisions\/8899"}],"up":[{"embeddable":true,"href":"https:\/\/santamariadelmar.es\/gl\/wp-json\/wp\/v2\/pages\/1904"}],"wp:featuredmedia":[{"embeddable":true,"href":"https:\/\/santamariadelmar.es\/gl\/wp-json\/wp\/v2\/media\/6916"}],"wp:attachment":[{"href":"https:\/\/santamariadelmar.es\/gl\/wp-json\/wp\/v2\/media?parent=49"}],"curies":[{"name":"wp","href":"https:\/\/api.w.org\/{rel}","templated":true}]}}