{"id":3341,"date":"2025-11-27T15:45:19","date_gmt":"2025-11-27T14:45:19","guid":{"rendered":"https:\/\/santamariadelmar.es\/?page_id=3341"},"modified":"2026-04-23T13:13:45","modified_gmt":"2026-04-23T11:13:45","slug":"biblioteca","status":"publish","type":"page","link":"https:\/\/santamariadelmar.es\/gl\/biblioteca\/","title":{"rendered":"Biblioteca"},"content":{"rendered":"<div class=\"wp-block-group is-layout-constrained wp-container-core-group-is-layout-c8f55e50 wp-block-group-is-layout-constrained\" style=\"margin-top:0;margin-bottom:0\">\n<div class=\"wp-block-columns has-border-color has-extra-tertiary-border-color has-extra-primary-background-color has-background is-layout-flex wp-container-core-columns-is-layout-3d428604 wp-block-columns-is-layout-flex\" style=\"border-width:2px;border-radius:20px;margin-top:var(--wp--preset--spacing--50);margin-bottom:var(--wp--preset--spacing--50)\">\n<div class=\"wp-block-column is-vertically-aligned-center is-layout-flow wp-block-column-is-layout-flow\" style=\"flex-basis:20%\">\n<figure class=\"wp-block-image aligncenter size-full is-resized has-custom-border\"><img loading=\"lazy\" decoding=\"async\" width=\"878\" height=\"1240\" src=\"https:\/\/santamariadelmar.es\/wp-content\/uploads\/2026\/04\/Relato-encadenado-Biblioteca-2026-VF_pages-to-jpg-0001.jpg\" alt=\"\" class=\"wp-image-9639\" style=\"border-radius:10px;aspect-ratio:3\/4;object-fit:cover;width:auto;height:300px\" srcset=\"https:\/\/santamariadelmar.es\/wp-content\/uploads\/2026\/04\/Relato-encadenado-Biblioteca-2026-VF_pages-to-jpg-0001.jpg 878w, https:\/\/santamariadelmar.es\/wp-content\/uploads\/2026\/04\/Relato-encadenado-Biblioteca-2026-VF_pages-to-jpg-0001-382x540.jpg 382w, https:\/\/santamariadelmar.es\/wp-content\/uploads\/2026\/04\/Relato-encadenado-Biblioteca-2026-VF_pages-to-jpg-0001-765x1080.jpg 765w, https:\/\/santamariadelmar.es\/wp-content\/uploads\/2026\/04\/Relato-encadenado-Biblioteca-2026-VF_pages-to-jpg-0001-768x1085.jpg 768w, https:\/\/santamariadelmar.es\/wp-content\/uploads\/2026\/04\/Relato-encadenado-Biblioteca-2026-VF_pages-to-jpg-0001-8x12.jpg 8w\" sizes=\"auto, (max-width: 878px) 100vw, 878px\" \/><\/figure>\n<\/div>\n\n\n\n<div class=\"wp-block-column is-vertically-aligned-center is-layout-flow wp-block-column-is-layout-flow\" style=\"flex-basis:80%\">\n<h3 class=\"wp-block-heading has-text-align-left has-foreground-color has-text-color has-link-color has-open-sans-font-family wp-elements-535e06585b10afa89169baef9625b019\">III Relato Encadenado SMM<\/h3>\n\n\n\n<p class=\"has-foreground-color has-text-color has-link-color wp-elements-6d4f68a0920f2e63dd65dd7ed119818e\">El curso pasado celebramos el d\u00eda del libro con la edici\u00f3n del II-Relato Encadenado SMM, titulado \u00abEl viaje de Patitas\u00bb. Este a\u00f1o nuestros alumnos nos han sorprendido con una aventura llena de escenarios espectaculares y personajes tan entra\u00f1ables que nos trasladar\u00e1n a otra realidad en \u00abLa cueva del \u00e1rbol m\u00e1gico\u00bb.<\/p>\n\n\n\n<p class=\"has-foreground-color has-text-color has-link-color wp-elements-c39256d4d3ee4ada079488ad537be2cb\">Os deseamos una agradable lectura.<\/p>\n\n\n\n<div class=\"wp-block-buttons is-content-justification-left is-layout-flex wp-container-core-buttons-is-layout-fc4fd283 wp-block-buttons-is-layout-flex\">\n<div class=\"wp-block-button\"><a class=\"wp-block-button__link has-primary-color has-electric-grass-gradient-background has-text-color has-background has-link-color has-text-align-center wp-element-button\" href=\"https:\/\/santamariadelmar.es\/wp-content\/uploads\/2026\/04\/Relato-encadenado-Biblioteca-2026-VF.pdf\">Leer La cueva del \u00e1rbol m\u00e1gico<\/a><\/div>\n<\/div>\n<\/div>\n<\/div>\n\n\n\n<div class=\"wp-block-columns has-border-color has-extra-tertiary-border-color has-foreground-background-color has-background is-layout-flex wp-container-core-columns-is-layout-3d428604 wp-block-columns-is-layout-flex\" id=\"abril2026\" style=\"border-width:2px;border-radius:20px;margin-top:var(--wp--preset--spacing--50);margin-bottom:var(--wp--preset--spacing--50)\">\n<div class=\"wp-block-column is-vertically-aligned-center is-layout-flow wp-block-column-is-layout-flow\" style=\"flex-basis:20%\">\n<figure class=\"wp-block-image aligncenter size-full is-resized has-custom-border\"><img loading=\"lazy\" decoding=\"async\" width=\"2560\" height=\"1810\" src=\"https:\/\/santamariadelmar.es\/wp-content\/uploads\/2026\/04\/Cartel-abril_page-0001-scaled.jpg\" alt=\"\" class=\"wp-image-9633\" style=\"border-radius:10px;aspect-ratio:3\/4;object-fit:cover;width:auto;height:300px\" srcset=\"https:\/\/santamariadelmar.es\/wp-content\/uploads\/2026\/04\/Cartel-abril_page-0001-scaled.jpg 2560w, https:\/\/santamariadelmar.es\/wp-content\/uploads\/2026\/04\/Cartel-abril_page-0001-540x382.jpg 540w, https:\/\/santamariadelmar.es\/wp-content\/uploads\/2026\/04\/Cartel-abril_page-0001-1080x764.jpg 1080w, https:\/\/santamariadelmar.es\/wp-content\/uploads\/2026\/04\/Cartel-abril_page-0001-768x543.jpg 768w, https:\/\/santamariadelmar.es\/wp-content\/uploads\/2026\/04\/Cartel-abril_page-0001-1536x1086.jpg 1536w, https:\/\/santamariadelmar.es\/wp-content\/uploads\/2026\/04\/Cartel-abril_page-0001-2048x1448.jpg 2048w, https:\/\/santamariadelmar.es\/wp-content\/uploads\/2026\/04\/Cartel-abril_page-0001-18x12.jpg 18w\" sizes=\"auto, (max-width: 2560px) 100vw, 2560px\" \/><\/figure>\n<\/div>\n\n\n\n<div class=\"wp-block-column is-vertically-aligned-center is-layout-flow wp-block-column-is-layout-flow\" style=\"flex-basis:80%\">\n<h3 class=\"wp-block-heading has-text-align-left has-extra-primary-color has-text-color has-link-color has-open-sans-font-family wp-elements-344d4170bd810bacf469d7b0de711af4\">Novedades abril 2026<\/h3>\n\n\n\n<p>Este mes de abril celebraremos el d\u00eda del libro y, como en a\u00f1os anteriores, desde la Biblioteca estamos preparando el III- Relato Encadenado SMM. En su realizaci\u00f3n participan representantes de todas las etapas educativas y su objetivo es aprender elabor\u00e1ndolo y ley\u00e9ndolo entre todos.<\/p>\n\n\n\n<p>Este mismo objetivo es el que tiene la realizaci\u00f3n del cartel de animaci\u00f3n a la lectura que llevan a cabo los alumnos de 4\u00ba EP. El de este mes tiene como lema: \u201cCon la imaginaci\u00f3n aprender\u00e1s, pero leyendo mucho m\u00e1s\u201d. Las autoras son Erin Ward Esmor\u00eds, Emma Leis Campillo, Amalia G\u00f3mez Costas, Menc\u00eda P\u00e9rez Fern\u00e1ndez y Marieta Rom\u00e1n Garc\u00eda de 4\u00ba EP-B. Gracias por participar.<\/p>\n\n\n\n<div class=\"wp-block-buttons is-content-justification-left is-layout-flex wp-container-core-buttons-is-layout-fc4fd283 wp-block-buttons-is-layout-flex\">\n<div class=\"wp-block-button\"><a class=\"wp-block-button__link has-background has-text-align-center wp-element-button\" href=\"https:\/\/santamariadelmar.es\/wp-content\/uploads\/2026\/04\/Triptico-DONACIONES-abril-2026.pdf\" style=\"background:linear-gradient(135deg,rgb(17,140,176) 0%,rgb(11,38,54) 100%)\">Ver bolet\u00edn del mes<\/a><\/div>\n<\/div>\n<\/div>\n<\/div>\n\n\n\n<div class=\"wp-block-columns has-border-color has-extra-tertiary-border-color has-foreground-background-color has-background is-layout-flex wp-container-core-columns-is-layout-3d428604 wp-block-columns-is-layout-flex\" id=\"marzo2026\" style=\"border-width:2px;border-radius:20px;margin-top:var(--wp--preset--spacing--50);margin-bottom:var(--wp--preset--spacing--50)\">\n<div class=\"wp-block-column is-vertically-aligned-center is-layout-flow wp-block-column-is-layout-flow\" style=\"flex-basis:20%\">\n<figure class=\"wp-block-image aligncenter size-full is-resized has-custom-border\"><img loading=\"lazy\" decoding=\"async\" width=\"1810\" height=\"2560\" src=\"https:\/\/santamariadelmar.es\/wp-content\/uploads\/2026\/03\/Cartel-marzo-scaled.jpg\" alt=\"\" class=\"wp-image-9183\" style=\"border-radius:10px;aspect-ratio:3\/4;object-fit:cover;width:auto;height:300px\" srcset=\"https:\/\/santamariadelmar.es\/wp-content\/uploads\/2026\/03\/Cartel-marzo-scaled.jpg 1810w, https:\/\/santamariadelmar.es\/wp-content\/uploads\/2026\/03\/Cartel-marzo-382x540.jpg 382w, https:\/\/santamariadelmar.es\/wp-content\/uploads\/2026\/03\/Cartel-marzo-764x1080.jpg 764w, https:\/\/santamariadelmar.es\/wp-content\/uploads\/2026\/03\/Cartel-marzo-768x1086.jpg 768w, https:\/\/santamariadelmar.es\/wp-content\/uploads\/2026\/03\/Cartel-marzo-1086x1536.jpg 1086w, https:\/\/santamariadelmar.es\/wp-content\/uploads\/2026\/03\/Cartel-marzo-1448x2048.jpg 1448w, https:\/\/santamariadelmar.es\/wp-content\/uploads\/2026\/03\/Cartel-marzo-8x12.jpg 8w\" sizes=\"auto, (max-width: 1810px) 100vw, 1810px\" \/><\/figure>\n<\/div>\n\n\n\n<div class=\"wp-block-column is-vertically-aligned-center is-layout-flow wp-block-column-is-layout-flow\" style=\"flex-basis:80%\">\n<h3 class=\"wp-block-heading has-text-align-left has-extra-primary-color has-text-color has-link-color has-open-sans-font-family wp-elements-e0087c866737b42450a26752f555da4a\">Novedades marzo 2026<\/h3>\n\n\n\n<p>Este mes de marzo os presentamos un Bolet\u00edn de Novedades muy especial. Se trata de un Especial Divulgaci\u00f3n con libros que tratan sobre temas relacionados con la vida y que os van a encantar: Ciencia, Animales, Historia, Naturaleza, Fantas\u00eda y Mitolog\u00eda.<br><br>Precisamente el cartel de este mes, que ha sido realizado por In\u00e9s Somoza de 4\u00ba EP-A lleva como eslogan: \u00abLa vida es una historia, l\u00e9ela\u00bb.<\/p>\n\n\n\n<div class=\"wp-block-buttons is-content-justification-left is-layout-flex wp-container-core-buttons-is-layout-fc4fd283 wp-block-buttons-is-layout-flex\">\n<div class=\"wp-block-button\"><a class=\"wp-block-button__link has-background has-text-align-center wp-element-button\" href=\"https:\/\/santamariadelmar.es\/wp-content\/uploads\/2026\/03\/Triptico-NOVEDADES-marzo-2026.pdf\" style=\"background:linear-gradient(135deg,rgb(17,140,176) 0%,rgb(11,38,54) 100%)\">Ver bolet\u00edn del mes<\/a><\/div>\n<\/div>\n<\/div>\n<\/div>\n\n\n\n<div class=\"wp-block-columns has-border-color has-extra-tertiary-border-color has-foreground-background-color has-background is-layout-flex wp-container-core-columns-is-layout-3d428604 wp-block-columns-is-layout-flex\" id=\"febrero2026\" style=\"border-width:2px;border-radius:20px;margin-top:var(--wp--preset--spacing--50);margin-bottom:var(--wp--preset--spacing--50)\">\n<div class=\"wp-block-column is-vertically-aligned-center is-layout-flow wp-block-column-is-layout-flow\" style=\"flex-basis:20%\">\n<figure class=\"wp-block-image aligncenter size-full is-resized has-custom-border\"><img loading=\"lazy\" decoding=\"async\" width=\"1241\" height=\"1755\" src=\"https:\/\/santamariadelmar.es\/wp-content\/uploads\/2026\/02\/Cartel-febrero_page-0001.jpg\" alt=\"\" class=\"wp-image-7792\" style=\"border-radius:10px;aspect-ratio:3\/4;object-fit:cover;width:auto;height:300px\" srcset=\"https:\/\/santamariadelmar.es\/wp-content\/uploads\/2026\/02\/Cartel-febrero_page-0001.jpg 1241w, https:\/\/santamariadelmar.es\/wp-content\/uploads\/2026\/02\/Cartel-febrero_page-0001-382x540.jpg 382w, https:\/\/santamariadelmar.es\/wp-content\/uploads\/2026\/02\/Cartel-febrero_page-0001-764x1080.jpg 764w, https:\/\/santamariadelmar.es\/wp-content\/uploads\/2026\/02\/Cartel-febrero_page-0001-768x1086.jpg 768w, https:\/\/santamariadelmar.es\/wp-content\/uploads\/2026\/02\/Cartel-febrero_page-0001-1086x1536.jpg 1086w, https:\/\/santamariadelmar.es\/wp-content\/uploads\/2026\/02\/Cartel-febrero_page-0001-8x12.jpg 8w\" sizes=\"auto, (max-width: 1241px) 100vw, 1241px\" \/><\/figure>\n<\/div>\n\n\n\n<div class=\"wp-block-column is-vertically-aligned-center is-layout-flow wp-block-column-is-layout-flow\" style=\"flex-basis:80%\">\n<h3 class=\"wp-block-heading has-text-align-left has-extra-primary-color has-text-color has-link-color has-open-sans-font-family wp-elements-ccdde3a4529b509f82d196c85e809d7b\">Novedades febrero 2026<\/h3>\n\n\n\n<p>Para este mes de febrero tenemos muchos libros novedosos. Os hemos preparado un Bolet\u00edn de Donaciones que os va a encantar.<\/p>\n\n\n\n<p>Las ganadoras del Concurso de Carteles de 4\u00ba EP de febrero son Alba Cerdeiri\u00f1a y Adriana Gal\u00e1n de 4\u00ba EP-D con la frase: \u2018Con los libros vamos a disfrutar, es como coser y cantar\u2019.<\/p>\n\n\n\n<div class=\"wp-block-buttons is-content-justification-left is-layout-flex wp-container-core-buttons-is-layout-fc4fd283 wp-block-buttons-is-layout-flex\">\n<div class=\"wp-block-button\"><a class=\"wp-block-button__link has-background has-text-align-center wp-element-button\" href=\"https:\/\/santamariadelmar.es\/wp-content\/uploads\/2026\/02\/Triptico-DONACIONES-febrero-2026.pdf\" style=\"background:linear-gradient(135deg,rgb(17,140,176) 0%,rgb(11,38,54) 100%)\">Ver bolet\u00edn del mes<\/a><\/div>\n<\/div>\n<\/div>\n<\/div>\n\n\n\n<div class=\"wp-block-columns has-border-color has-extra-tertiary-border-color has-foreground-background-color has-background is-layout-flex wp-container-core-columns-is-layout-3d428604 wp-block-columns-is-layout-flex\" id=\"enero2026\" style=\"border-width:2px;border-radius:20px;margin-top:var(--wp--preset--spacing--50);margin-bottom:var(--wp--preset--spacing--50)\">\n<div class=\"wp-block-column is-vertically-aligned-center is-layout-flow wp-block-column-is-layout-flow\" style=\"flex-basis:20%\">\n<figure class=\"wp-block-image aligncenter size-full is-resized has-custom-border\"><img loading=\"lazy\" decoding=\"async\" width=\"2560\" height=\"1810\" src=\"https:\/\/santamariadelmar.es\/wp-content\/uploads\/2026\/01\/Cartel-ENERO_page-0001-scaled.jpg\" alt=\"\" class=\"wp-image-6605\" style=\"border-radius:10px;aspect-ratio:3\/4;object-fit:cover;width:auto;height:300px\" srcset=\"https:\/\/santamariadelmar.es\/wp-content\/uploads\/2026\/01\/Cartel-ENERO_page-0001-scaled.jpg 2560w, https:\/\/santamariadelmar.es\/wp-content\/uploads\/2026\/01\/Cartel-ENERO_page-0001-540x382.jpg 540w, https:\/\/santamariadelmar.es\/wp-content\/uploads\/2026\/01\/Cartel-ENERO_page-0001-1080x764.jpg 1080w, https:\/\/santamariadelmar.es\/wp-content\/uploads\/2026\/01\/Cartel-ENERO_page-0001-768x543.jpg 768w, https:\/\/santamariadelmar.es\/wp-content\/uploads\/2026\/01\/Cartel-ENERO_page-0001-1536x1086.jpg 1536w, https:\/\/santamariadelmar.es\/wp-content\/uploads\/2026\/01\/Cartel-ENERO_page-0001-2048x1448.jpg 2048w\" sizes=\"auto, (max-width: 2560px) 100vw, 2560px\" \/><\/figure>\n<\/div>\n\n\n\n<div class=\"wp-block-column is-vertically-aligned-center is-layout-flow wp-block-column-is-layout-flow\" style=\"flex-basis:80%\">\n<h3 class=\"wp-block-heading has-text-align-left has-extra-primary-color has-text-color has-link-color has-open-sans-font-family wp-elements-b1ef298bd07390f9960ab1a3c0ef339d\">Novedades enero 2026<\/h3>\n\n\n\n<p>Volvemos de las vacaciones de Navidad con energ\u00edas renovadas y muchas ganas de leer, al igual que nuestros alumnos de 4\u00ba EP, que nos siguen deleitando con sus maravillosas frases para el Concurso de Carteles de Fomento a la Lectura.<\/p>\n\n\n\n<p>Las ganadoras del mes de enero son Irene Carrera y Emma Leis (4\u00ba EP-B) con la frase: \u2018Leer es vivir!!! Leer te hace volar en tu imaginaci\u00f3n\u2019.<\/p>\n\n\n\n<p>Enhorabuena Irene y Emma por vuestro saber hacer.<\/p>\n\n\n\n<p>Os dejamos, como siempre, el Bolet\u00edn de Novedades con las recomendaciones de este mes de enero con el Cartel de Animaci\u00f3n a la lectura para que pod\u00e1is descargarlo.<\/p>\n\n\n\n<div class=\"wp-block-buttons is-content-justification-left is-layout-flex wp-container-core-buttons-is-layout-fc4fd283 wp-block-buttons-is-layout-flex\">\n<div class=\"wp-block-button\"><a class=\"wp-block-button__link has-background has-text-align-center wp-element-button\" href=\"https:\/\/santamariadelmar.es\/wp-content\/uploads\/2026\/01\/Triptico-NOVEDADES-enero-2026.pdf\" style=\"background:linear-gradient(135deg,rgb(17,140,176) 0%,rgb(11,38,54) 100%)\">Ver bolet\u00edn del mes<\/a><\/div>\n<\/div>\n<\/div>\n<\/div>\n\n\n\n<div class=\"wp-block-columns has-border-color has-extra-tertiary-border-color has-foreground-background-color has-background is-layout-flex wp-container-core-columns-is-layout-3d428604 wp-block-columns-is-layout-flex\" id=\"noviembre2025\" style=\"border-width:2px;border-radius:20px;margin-top:var(--wp--preset--spacing--50);margin-bottom:var(--wp--preset--spacing--50)\">\n<div class=\"wp-block-column is-vertically-aligned-center is-layout-flow wp-block-column-is-layout-flow\" style=\"flex-basis:20%\">\n<figure class=\"wp-block-image aligncenter size-full is-resized has-custom-border\"><img loading=\"lazy\" decoding=\"async\" width=\"1811\" height=\"2560\" src=\"https:\/\/santamariadelmar.es\/wp-content\/uploads\/2025\/11\/Cartel-Noviembre_page-0001-scaled.jpg\" alt=\"\" class=\"wp-image-3319\" style=\"border-radius:10px;aspect-ratio:3\/4;object-fit:cover;width:auto;height:300px\" srcset=\"https:\/\/santamariadelmar.es\/wp-content\/uploads\/2025\/11\/Cartel-Noviembre_page-0001-scaled.jpg 1811w, https:\/\/santamariadelmar.es\/wp-content\/uploads\/2025\/11\/Cartel-Noviembre_page-0001-382x540.jpg 382w, https:\/\/santamariadelmar.es\/wp-content\/uploads\/2025\/11\/Cartel-Noviembre_page-0001-764x1080.jpg 764w, https:\/\/santamariadelmar.es\/wp-content\/uploads\/2025\/11\/Cartel-Noviembre_page-0001-768x1086.jpg 768w, https:\/\/santamariadelmar.es\/wp-content\/uploads\/2025\/11\/Cartel-Noviembre_page-0001-1086x1536.jpg 1086w, https:\/\/santamariadelmar.es\/wp-content\/uploads\/2025\/11\/Cartel-Noviembre_page-0001-1448x2048.jpg 1448w\" sizes=\"auto, (max-width: 1811px) 100vw, 1811px\" \/><\/figure>\n<\/div>\n\n\n\n<div class=\"wp-block-column is-vertically-aligned-center is-layout-flow wp-block-column-is-layout-flow\" style=\"flex-basis:80%\">\n<h3 class=\"wp-block-heading has-text-align-left has-extra-primary-color has-text-color has-link-color has-open-sans-font-family wp-elements-6633493fdc3132449fce4ac4ecde90b5\">Novedades noviembre 2025<\/h3>\n\n\n\n<p>Este curso pusimos en marcha un concurso con los alumnos de 4\u00ba EP para hacer carteles de animaci\u00f3n a la lectura. Los ocho m\u00e1s originales aparecer\u00e1n como imagen principal de los Boletines de Novedades que presentamos mensualmente.<\/p>\n\n\n\n<p>Este mes de noviembre los ganadores son Jos\u00e9 Luis Padial Abel y Erin Ward Esmor\u00eds de 4\u00ba EP-B con la frase: \u2018La mejor manera de so\u00f1ar es leer\u2019; \u2018Nunca pares de leer aunque haya papaya de comer\u2019.<\/p>\n\n\n\n<div class=\"wp-block-buttons is-content-justification-left is-layout-flex wp-container-core-buttons-is-layout-fc4fd283 wp-block-buttons-is-layout-flex\">\n<div class=\"wp-block-button\"><a class=\"wp-block-button__link has-background has-text-align-center wp-element-button\" href=\"https:\/\/santamariadelmar.es\/wp-content\/uploads\/2025\/11\/Triptico-NOVEDADES-noviembre-2025.pdf\" style=\"background:linear-gradient(135deg,rgb(17,140,176) 0%,rgb(11,38,54) 100%)\">Ver bolet\u00edn del mes<\/a><\/div>\n<\/div>\n<\/div>\n<\/div>\n\n\n\n<div class=\"wp-block-columns has-border-color has-extra-tertiary-border-color has-foreground-background-color has-background is-layout-flex wp-container-core-columns-is-layout-3d428604 wp-block-columns-is-layout-flex\" id=\"mayo2025\" style=\"border-width:2px;border-radius:20px;margin-top:var(--wp--preset--spacing--50);margin-bottom:var(--wp--preset--spacing--50)\">\n<div class=\"wp-block-column is-vertically-aligned-center is-layout-flow wp-block-column-is-layout-flow\" style=\"flex-basis:20%\">\n<figure class=\"wp-block-image aligncenter size-full is-resized has-custom-border\"><img loading=\"lazy\" decoding=\"async\" width=\"1561\" height=\"2215\" src=\"https:\/\/santamariadelmar.es\/wp-content\/uploads\/2025\/11\/IMG_20240301_12254439.jpg\" alt=\"\" class=\"wp-image-3387\" style=\"border-radius:10px;aspect-ratio:3\/4;object-fit:cover;width:auto;height:300px\" srcset=\"https:\/\/santamariadelmar.es\/wp-content\/uploads\/2025\/11\/IMG_20240301_12254439.jpg 1561w, https:\/\/santamariadelmar.es\/wp-content\/uploads\/2025\/11\/IMG_20240301_12254439-381x540.jpg 381w, https:\/\/santamariadelmar.es\/wp-content\/uploads\/2025\/11\/IMG_20240301_12254439-761x1080.jpg 761w, https:\/\/santamariadelmar.es\/wp-content\/uploads\/2025\/11\/IMG_20240301_12254439-768x1090.jpg 768w, https:\/\/santamariadelmar.es\/wp-content\/uploads\/2025\/11\/IMG_20240301_12254439-1082x1536.jpg 1082w, https:\/\/santamariadelmar.es\/wp-content\/uploads\/2025\/11\/IMG_20240301_12254439-1443x2048.jpg 1443w\" sizes=\"auto, (max-width: 1561px) 100vw, 1561px\" \/><\/figure>\n<\/div>\n\n\n\n<div class=\"wp-block-column is-vertically-aligned-center is-layout-flow wp-block-column-is-layout-flow\" style=\"flex-basis:80%\">\n<h3 class=\"wp-block-heading has-text-align-left has-extra-primary-color has-text-color has-link-color has-open-sans-font-family wp-elements-a6224439c27b96ddcc8b1d5af98a0ff8\">Novedades mayo 2025<\/h3>\n\n\n\n<p>Este 23 de abril celebramos el d\u00eda del libro y venimos llenos de energ\u00eda lectora. Nuestro lema para este mes es: \u201cLeer te da fuerza\u201d, as\u00ed que deseamos que os fortalezc\u00e1is leyendo tanto en castellano como en gallego, y os damos un peque\u00f1o adelanto para que os vay\u00e1is preparando para el \u201cD\u00eda das Letras Galegas\u201d. \u00a1Feliz lectura!<\/p>\n\n\n\n<div class=\"wp-block-buttons is-content-justification-left is-layout-flex wp-container-core-buttons-is-layout-fc4fd283 wp-block-buttons-is-layout-flex\">\n<div class=\"wp-block-button\"><a class=\"wp-block-button__link has-background has-text-align-center wp-element-button\" href=\"https:\/\/santamariadelmar.es\/wp-content\/uploads\/2025\/11\/Triptico-novedades-mayo_202572.pdf\" style=\"background:linear-gradient(135deg,rgb(17,140,176) 0%,rgb(11,38,54) 100%)\">Ver bolet\u00edn del mes<\/a><\/div>\n<\/div>\n<\/div>\n<\/div>\n\n\n\n<div class=\"wp-block-columns has-border-color has-extra-tertiary-border-color has-foreground-background-color has-background is-layout-flex wp-container-core-columns-is-layout-3d428604 wp-block-columns-is-layout-flex\" id=\"abril2025\" style=\"border-width:2px;border-radius:20px;margin-top:var(--wp--preset--spacing--50);margin-bottom:var(--wp--preset--spacing--50)\">\n<div class=\"wp-block-column is-vertically-aligned-center is-layout-flow wp-block-column-is-layout-flow\" style=\"flex-basis:20%\">\n<figure class=\"wp-block-image aligncenter size-full is-resized has-custom-border\"><img loading=\"lazy\" decoding=\"async\" width=\"2411\" height=\"1933\" src=\"https:\/\/santamariadelmar.es\/wp-content\/uploads\/2025\/11\/IMG_20240301_122050.jpg\" alt=\"\" class=\"wp-image-3373\" style=\"border-radius:10px;aspect-ratio:3\/4;object-fit:cover;width:auto;height:300px\" srcset=\"https:\/\/santamariadelmar.es\/wp-content\/uploads\/2025\/11\/IMG_20240301_122050.jpg 2411w, https:\/\/santamariadelmar.es\/wp-content\/uploads\/2025\/11\/IMG_20240301_122050-540x433.jpg 540w, https:\/\/santamariadelmar.es\/wp-content\/uploads\/2025\/11\/IMG_20240301_122050-1080x866.jpg 1080w, https:\/\/santamariadelmar.es\/wp-content\/uploads\/2025\/11\/IMG_20240301_122050-768x616.jpg 768w, https:\/\/santamariadelmar.es\/wp-content\/uploads\/2025\/11\/IMG_20240301_122050-1536x1231.jpg 1536w, https:\/\/santamariadelmar.es\/wp-content\/uploads\/2025\/11\/IMG_20240301_122050-2048x1642.jpg 2048w\" sizes=\"auto, (max-width: 2411px) 100vw, 2411px\" \/><\/figure>\n<\/div>\n\n\n\n<div class=\"wp-block-column is-vertically-aligned-center is-layout-flow wp-block-column-is-layout-flow\" style=\"flex-basis:80%\">\n<h3 class=\"wp-block-heading has-text-align-left has-extra-primary-color has-text-color has-link-color has-open-sans-font-family wp-elements-8a13a024d5e375d6058a6ad59ec479e8\">Novedades abril 2025<\/h3>\n\n\n\n<p>\u201cUno para todos y todos para la lectura\u201d es el lema de este mes para animaros a pasar unas vacaciones de Semana Santa leyendo y disfrutando de las novedades de la Biblioteca. La fantas\u00eda, la magia, la poes\u00eda, los cuentos, el c\u00f3mic y mucho m\u00e1s os esperan a todos para que teng\u00e1is una lectura apasionante durante todo este mes.<\/p>\n\n\n\n<div class=\"wp-block-buttons is-content-justification-left is-layout-flex wp-container-core-buttons-is-layout-fc4fd283 wp-block-buttons-is-layout-flex\">\n<div class=\"wp-block-button\"><a class=\"wp-block-button__link has-background has-text-align-center wp-element-button\" href=\"https:\/\/santamariadelmar.es\/wp-content\/uploads\/2025\/11\/Triptico-novedades-abril_2025.pdf\" style=\"background:linear-gradient(135deg,rgb(17,140,176) 0%,rgb(11,38,54) 100%)\">Ver bolet\u00edn del mes<\/a><\/div>\n<\/div>\n<\/div>\n<\/div>\n<\/div>","protected":false},"excerpt":{"rendered":"<p>III Relato Encadenado SMM El curso pasado celebramos el d\u00eda del libro con la edici\u00f3n del II-Relato Encadenado SMM, titulado \u00abEl viaje de Patitas\u00bb. Este a\u00f1o nuestros alumnos nos han [&hellip;]<\/p>\n","protected":false},"author":2,"featured_media":7498,"parent":0,"menu_order":0,"comment_status":"closed","ping_status":"closed","template":"pagina-basica","meta":{"_EventAllDay":false,"_EventTimezone":"","_EventStartDate":"","_EventEndDate":"","_EventStartDateUTC":"","_EventEndDateUTC":"","_EventShowMap":false,"_EventShowMapLink":false,"_EventURL":"","_EventCost":"","_EventCostDescription":"","_EventCurrencySymbol":"","_EventCurrencyCode":"","_EventCurrencyPosition":"","_EventDateTimeSeparator":"","_EventTimeRangeSeparator":"","_EventOrganizerID":[],"_EventVenueID":[],"_OrganizerEmail":"","_OrganizerPhone":"","_OrganizerWebsite":"","_VenueAddress":"","_VenueCity":"","_VenueCountry":"","_VenueProvince":"","_VenueState":"","_VenueZip":"","_VenuePhone":"","_VenueURL":"","_VenueStateProvince":"","_VenueLat":"","_VenueLng":"","_VenueShowMap":false,"_VenueShowMapLink":false,"footnotes":""},"class_list":["post-3341","page","type-page","status-publish","has-post-thumbnail","hentry"],"publishpress_future_action":{"enabled":false,"date":"2026-05-01 15:56:28","action":"change-status","newStatus":"draft","terms":[],"taxonomy":"","extraData":[]},"publishpress_future_workflow_manual_trigger":{"enabledWorkflows":[]},"_links":{"self":[{"href":"https:\/\/santamariadelmar.es\/gl\/wp-json\/wp\/v2\/pages\/3341","targetHints":{"allow":["GET"]}}],"collection":[{"href":"https:\/\/santamariadelmar.es\/gl\/wp-json\/wp\/v2\/pages"}],"about":[{"href":"https:\/\/santamariadelmar.es\/gl\/wp-json\/wp\/v2\/types\/page"}],"author":[{"embeddable":true,"href":"https:\/\/santamariadelmar.es\/gl\/wp-json\/wp\/v2\/users\/2"}],"replies":[{"embeddable":true,"href":"https:\/\/santamariadelmar.es\/gl\/wp-json\/wp\/v2\/comments?post=3341"}],"version-history":[{"count":10,"href":"https:\/\/santamariadelmar.es\/gl\/wp-json\/wp\/v2\/pages\/3341\/revisions"}],"predecessor-version":[{"id":9642,"href":"https:\/\/santamariadelmar.es\/gl\/wp-json\/wp\/v2\/pages\/3341\/revisions\/9642"}],"wp:featuredmedia":[{"embeddable":true,"href":"https:\/\/santamariadelmar.es\/gl\/wp-json\/wp\/v2\/media\/7498"}],"wp:attachment":[{"href":"https:\/\/santamariadelmar.es\/gl\/wp-json\/wp\/v2\/media?parent=3341"}],"curies":[{"name":"wp","href":"https:\/\/api.w.org\/{rel}","templated":true}]}}