{"id":24,"date":"2025-10-27T11:52:23","date_gmt":"2025-10-27T10:52:23","guid":{"rendered":"https:\/\/santamariadelmar.es\/?page_id=24"},"modified":"2026-02-03T14:25:39","modified_gmt":"2026-02-03T13:25:39","slug":"entorno-seguro","status":"publish","type":"page","link":"https:\/\/santamariadelmar.es\/gl\/nuestro-colegio\/entorno-seguro\/","title":{"rendered":"Entorno seguro"},"content":{"rendered":"<div class=\"wp-block-group is-layout-constrained wp-container-core-group-is-layout-4f9f0532 wp-block-group-is-layout-constrained\">\n<div class=\"wp-block-columns is-layout-flex wp-container-core-columns-is-layout-28f84493 wp-block-columns-is-layout-flex\">\n<div class=\"wp-block-column is-layout-flow wp-block-column-is-layout-flow\" style=\"flex-basis:66.66%\">\n<div class=\"wp-block-group is-content-justification-left is-layout-constrained wp-container-core-group-is-layout-353cc7fb wp-block-group-is-layout-constrained\">\n<p>A Compa\u00f1\u00eda de Xes\u00fas da Provincia de Espa\u00f1a iniciou xa hai un tempo un proceso espec\u00edfico de protecci\u00f3n de menores e adultos en situaci\u00f3n de vulnerabilidade. O sistema de Entorno Seguro pretende xerar e fomentar espazos seguros, actividades seguras e relaci\u00f3ns seguras en cada unha das obras ou instituci\u00f3ns pertencentes ou ligadas \u00e1 Compa\u00f1\u00eda de Xes\u00fas. O Manual de Entorno Seguro que articula o funcionamento do sistema at\u00f3pase dispo\u00f1ible na p\u00e1xina web.&nbsp;<a href=\"https:\/\/entornoseguro.org\/\" target=\"_blank\" rel=\"noreferrer noopener\">https:\/\/entornoseguro.org<\/a>.<\/p>\n\n\n\n<p>Por outra parte, existe un proceso de formaci\u00f3n sobre este tema dirixido a todo o persoal dos centros e instituci\u00f3ns Xesu\u00edtas.<\/p>\n\n\n\n<p>Tam\u00e9n se puxeron en marcha en todas as Plataformas Apost\u00f3licas da Compa\u00f1\u00eda de Xes\u00fas en Espa\u00f1a os \u201cEspazos de Escoita\u201d, impulsados dentro do Sistema de Entorno Seguro.<\/p>\n\n\n\n<p>O obxecto dos Espazos de Escoita \u00e9 acompa\u00f1ar e facer seguimento das persoas que sufriron abusos de calquera tipo por parte dalg\u00fan xesu\u00edta ou dalg\u00faa persoa relacionada coas instituci\u00f3ns da Compa\u00f1\u00eda de Xes\u00fas, ao longo do proceso que viven, respondendo \u00e1s s\u00faas necesidades en cada momento. Os Espazos de Escoita acollen e acompa\u00f1an \u00e1 persoa ao longo do proceso, pero non son espazos de terapia, apoio legal ou acompa\u00f1amento espiritual, sen\u00f3n que recollen as necesidades da persoa atendida e, se \u00e9 necesario e de acordo con ela, d\u00e9rivanas aos servizos de apoio especializado.<\/p>\n\n\n\n<p>Nos Espazos de Escoita haber\u00e1 polo menos un axente; a d\u00eda de hoxe, no caso de Galicia, contamos con tres laicos e un xesu\u00edta formados especialmente para esta tarefa. Eles te\u00f1en experiencia na vida das instituci\u00f3ns e son persoas de referencia na obra. No noso colexio, a persoa de referencia \u00e9 Rosana Fresco G\u00f3mez.<\/p>\n\n\n\n<p>Para co\u00f1ecer mellor o Sistema de Entorno Seguro que se implementa nas instituci\u00f3ns\/centros, para ofrecer calquera comentario ou suxesti\u00f3n, para falar dunha sospeita, para facer unha queixa ou para denunciar de forma confidencial, p\u00f3dense dirixir tanto \u00e1 p\u00e1xina web:&nbsp;<a href=\"http:\/\/www.jesuitas.es\/ses\" target=\"_blank\" rel=\"noreferrer noopener\">www.jesuitas.es\/ses<\/a>&nbsp;como directamente ao correo electr\u00f3nico&nbsp;<a href=\"mailto:proteccion@jesuitas.es\" target=\"_blank\" rel=\"noreferrer noopener\">proteccion@jesuitas.es<\/a><\/p>\n\n\n\n<p>As mensaxes recibidas nesta conta de correo contan con total confidencialidade, chegan directamente \u00e1 persoa que dirixe desde a Provincia de Espa\u00f1a todo o Sistema de Entorno Seguro. Neste momento act\u00edvase o protocolo de actuaci\u00f3n e ofr\u00e9cese \u00e1 persoa a posibilidade de contactar co Espazo de Escoita m\u00e1is pr\u00f3ximo ao seu lugar de residencia, independentemente do lugar onde se foran producido os feitos denunciados. Igualmente, calquera persoa que sufriu alg\u00fan tipo de abuso e sente a necesidade de compartir as s\u00faas vivencias, pode ser acollida por este Espazo de Escoita. O lugar de atenci\u00f3n \u00e1s v\u00edtimas non ser\u00e1 p\u00fablico para salvagardar a confidencialidade e preservar o dereito \u00e1 intimidade das persoas atendidas.<\/p>\n\n\n\n<p><\/p>\n<\/div>\n<\/div>\n\n\n\n<div class=\"wp-block-column is-vertically-aligned-center is-layout-flow wp-block-column-is-layout-flow\" style=\"flex-basis:33.33%\">\n<figure class=\"wp-block-image size-full\"><img loading=\"lazy\" decoding=\"async\" width=\"1000\" height=\"1000\" src=\"https:\/\/santamariadelmar.es\/wp-content\/uploads\/2026\/01\/logo-EntornoSeguro_RGB.png\" alt=\"\" class=\"wp-image-6672\" srcset=\"https:\/\/santamariadelmar.es\/wp-content\/uploads\/2026\/01\/logo-EntornoSeguro_RGB.png 1000w, https:\/\/santamariadelmar.es\/wp-content\/uploads\/2026\/01\/logo-EntornoSeguro_RGB-540x540.png 540w, https:\/\/santamariadelmar.es\/wp-content\/uploads\/2026\/01\/logo-EntornoSeguro_RGB-270x270.png 270w, https:\/\/santamariadelmar.es\/wp-content\/uploads\/2026\/01\/logo-EntornoSeguro_RGB-768x768.png 768w\" sizes=\"auto, (max-width: 1000px) 100vw, 1000px\" \/><\/figure>\n<\/div>\n<\/div>\n<\/div>","protected":false},"excerpt":{"rendered":"<p>La Compa\u00f1\u00eda de Jes\u00fas de la Provincia de Espa\u00f1a ha iniciado hace ya un tiempo un proceso espec\u00edfico de protecci\u00f3n de menores y adultos en situaci\u00f3n de vulnerabilidad. El sistema [&hellip;]<\/p>\n","protected":false},"author":2,"featured_media":6672,"parent":2421,"menu_order":5,"comment_status":"closed","ping_status":"closed","template":"pagina-basica","meta":{"_EventAllDay":false,"_EventTimezone":"","_EventStartDate":"","_EventEndDate":"","_EventStartDateUTC":"","_EventEndDateUTC":"","_EventShowMap":false,"_EventShowMapLink":false,"_EventURL":"","_EventCost":"","_EventCostDescription":"","_EventCurrencySymbol":"","_EventCurrencyCode":"","_EventCurrencyPosition":"","_EventDateTimeSeparator":"","_EventTimeRangeSeparator":"","_EventOrganizerID":[],"_EventVenueID":[],"_OrganizerEmail":"","_OrganizerPhone":"","_OrganizerWebsite":"","_VenueAddress":"","_VenueCity":"","_VenueCountry":"","_VenueProvince":"","_VenueState":"","_VenueZip":"","_VenuePhone":"","_VenueURL":"","_VenueStateProvince":"","_VenueLat":"","_VenueLng":"","_VenueShowMap":false,"_VenueShowMapLink":false,"footnotes":""},"class_list":["post-24","page","type-page","status-publish","has-post-thumbnail","hentry"],"publishpress_future_action":{"enabled":false,"date":"2026-05-01 13:41:56","action":"change-status","newStatus":"draft","terms":[],"taxonomy":"","extraData":[]},"publishpress_future_workflow_manual_trigger":{"enabledWorkflows":[]},"_links":{"self":[{"href":"https:\/\/santamariadelmar.es\/gl\/wp-json\/wp\/v2\/pages\/24","targetHints":{"allow":["GET"]}}],"collection":[{"href":"https:\/\/santamariadelmar.es\/gl\/wp-json\/wp\/v2\/pages"}],"about":[{"href":"https:\/\/santamariadelmar.es\/gl\/wp-json\/wp\/v2\/types\/page"}],"author":[{"embeddable":true,"href":"https:\/\/santamariadelmar.es\/gl\/wp-json\/wp\/v2\/users\/2"}],"replies":[{"embeddable":true,"href":"https:\/\/santamariadelmar.es\/gl\/wp-json\/wp\/v2\/comments?post=24"}],"version-history":[{"count":0,"href":"https:\/\/santamariadelmar.es\/gl\/wp-json\/wp\/v2\/pages\/24\/revisions"}],"up":[{"embeddable":true,"href":"https:\/\/santamariadelmar.es\/gl\/wp-json\/wp\/v2\/pages\/2421"}],"wp:featuredmedia":[{"embeddable":true,"href":"https:\/\/santamariadelmar.es\/gl\/wp-json\/wp\/v2\/media\/6672"}],"wp:attachment":[{"href":"https:\/\/santamariadelmar.es\/gl\/wp-json\/wp\/v2\/media?parent=24"}],"curies":[{"name":"wp","href":"https:\/\/api.w.org\/{rel}","templated":true}]}}