{"id":22,"date":"2025-10-27T10:39:50","date_gmt":"2025-10-27T09:39:50","guid":{"rendered":"https:\/\/santamariadelmar.es\/?page_id=22"},"modified":"2026-02-03T14:23:34","modified_gmt":"2026-02-03T13:23:34","slug":"organigrama","status":"publish","type":"page","link":"https:\/\/santamariadelmar.es\/gl\/nuestro-colegio\/organigrama\/","title":{"rendered":"Organigrama"},"content":{"rendered":"<div class=\"wp-block-group is-content-justification-center is-layout-constrained wp-container-core-group-is-layout-c65d098d wp-block-group-is-layout-constrained\">\n<div class=\"wp-block-group is-layout-constrained wp-block-group-is-layout-constrained\">\n<h4 class=\"wp-block-heading alignfull has-text-align-center has-extra-primary-color has-text-color has-link-color wp-elements-eab70d1426039073041ffc8951a06305\">DIRECTOR XERAL<\/h4>\n\n\n\n<p class=\"has-text-align-center\">Alfonso Luis Trillo Pan<\/p>\n<\/div>\n\n\n\n<hr class=\"wp-block-separator has-text-color has-primary-color has-alpha-channel-opacity has-primary-background-color has-background is-style-wide\"\/>\n\n\n\n<div class=\"wp-block-columns is-layout-flex wp-container-core-columns-is-layout-28f84493 wp-block-columns-is-layout-flex\">\n<div class=\"wp-block-column is-layout-flow wp-block-column-is-layout-flow\">\n<h4 class=\"wp-block-heading has-text-align-center has-extra-primary-color has-text-color has-link-color wp-elements-3f5742b2e1f909e50d8aa05f57d3d298\">Coordinadora de Pastoral<\/h4>\n\n\n\n<p class=\"has-text-align-center\">Mar\u00eda Noel Lamelas Villamonte<\/p>\n<\/div>\n\n\n\n<div class=\"wp-block-column is-layout-flow wp-block-column-is-layout-flow\">\n<h4 class=\"wp-block-heading has-text-align-center has-extra-primary-color has-text-color has-link-color wp-elements-c13bfce4975c7b79e415136367aafb72\">Xefa de estudos<\/h4>\n\n\n\n<p class=\"has-text-align-center\">Angelina Lestao Galdo<\/p>\n<\/div>\n\n\n\n<div class=\"wp-block-column is-layout-flow wp-block-column-is-layout-flow\">\n<h4 class=\"wp-block-heading has-text-align-center has-extra-primary-color has-text-color has-link-color wp-elements-8de98e02f7232ca586b6fa02375e36b7\">Xefe de Formaci\u00f3n e Coordinador DOE<\/h4>\n\n\n\n<p class=\"has-text-align-center\">Ismael Garc\u00eda N\u00fa\u00f1ez<\/p>\n<\/div>\n\n\n\n<div class=\"wp-block-column is-layout-flow wp-block-column-is-layout-flow\">\n<h4 class=\"wp-block-heading has-text-align-center has-extra-primary-color has-text-color has-link-color wp-elements-c972e066032e8d2042e3665a2538a645\">Coordinador de Paraescolares<\/h4>\n\n\n\n<p class=\"has-text-align-center\">Antonio Areal Naya<\/p>\n<\/div>\n<\/div>\n\n\n\n<hr class=\"wp-block-separator has-text-color has-primary-color has-alpha-channel-opacity has-primary-background-color has-background is-style-wide\"\/>\n\n\n\n<div class=\"wp-block-columns is-layout-flex wp-container-core-columns-is-layout-28f84493 wp-block-columns-is-layout-flex\">\n<div class=\"wp-block-column is-layout-flow wp-block-column-is-layout-flow\">\n<h4 class=\"wp-block-heading has-text-align-center has-extra-primary-color has-text-color has-link-color wp-elements-31805aef5e14e12d0a6f6fbd39f0b788\">Directora Ed. Infantil<\/h4>\n\n\n\n<p class=\"has-text-align-center\">Marina Fern\u00e1ndez Delgado<\/p>\n<\/div>\n\n\n\n<div class=\"wp-block-column is-layout-flow wp-block-column-is-layout-flow\">\n<h4 class=\"wp-block-heading has-text-align-center has-extra-primary-color has-text-color has-link-color wp-elements-d055ae87af08ad6ac6e5a22bac9ccb02\">Director Ed. Primaria<\/h4>\n\n\n\n<p class=\"has-text-align-center\">Jos\u00e9 Antonio G\u00f3mez S\u00e1nchez<\/p>\n<\/div>\n\n\n\n<div class=\"wp-block-column is-layout-flow wp-block-column-is-layout-flow\">\n<h4 class=\"wp-block-heading has-text-align-center has-extra-primary-color has-text-color has-link-color wp-elements-616ef0d3205c67030b6437561231b4ed\">Directora Secundaria<\/h4>\n\n\n\n<p class=\"has-text-align-center\">Mar\u00eda Barcea Penas<\/p>\n<\/div>\n\n\n\n<div class=\"wp-block-column is-layout-flow wp-block-column-is-layout-flow\">\n<h4 class=\"wp-block-heading has-text-align-center has-extra-primary-color has-text-color has-link-color wp-elements-3b8e45ebc287b472a1d1ef2d58def9a7\">Director Bacharelato<\/h4>\n\n\n\n<p class=\"has-text-align-center\">Daniel Teresa de Frutos<\/p>\n<\/div>\n<\/div>\n\n\n\n<hr class=\"wp-block-separator has-text-color has-primary-color has-alpha-channel-opacity has-primary-background-color has-background is-style-wide\"\/>\n\n\n\n<div class=\"wp-block-columns is-layout-flex wp-container-core-columns-is-layout-28f84493 wp-block-columns-is-layout-flex\">\n<div class=\"wp-block-column is-layout-flow wp-block-column-is-layout-flow\">\n<h4 class=\"wp-block-heading has-text-align-center has-extra-primary-color has-text-color has-link-color wp-elements-e4957eafcd7c9f66ff00e8782b0c634a\">Directora Administrativa<\/h4>\n\n\n\n<p class=\"has-text-align-center\">Cristina Carretero Pou<\/p>\n<\/div>\n\n\n\n<div class=\"wp-block-column is-layout-flow wp-block-column-is-layout-flow\">\n<h4 class=\"wp-block-heading has-text-align-center has-extra-primary-color has-text-color has-link-color wp-elements-27b92bf03e9e0b6337859d5360f2b698\">Secretario Xeral<\/h4>\n\n\n\n<p class=\"has-text-align-center\">Juan Antonio Garc\u00eda Faraldo<\/p>\n<\/div>\n\n\n\n<div class=\"wp-block-column is-layout-flow wp-block-column-is-layout-flow\">\n<h4 class=\"wp-block-heading has-text-align-center has-extra-primary-color has-text-color has-link-color wp-elements-e29d3cec7bd7e0b0f36749aa13d3a320\">Coordinador de Servizos Xerais<\/h4>\n\n\n\n<p class=\"has-text-align-center\">Fernando Pousada Porteiro<\/p>\n<\/div>\n<\/div>\n<\/div>","protected":false},"excerpt":{"rendered":"<p>DIRECTOR GENERAL Alfonso Luis Trillo Pan Coordinadora de Pastoral Mar\u00eda Noel Lamelas Villamonte Jefa de Estudios Angelina Lestao Galdo Jefe de Formaci\u00f3n y Coordinador DOE Ismael Garc\u00eda N\u00fa\u00f1ez Coordinador de [&hellip;]<\/p>\n","protected":false},"author":2,"featured_media":6945,"parent":2421,"menu_order":3,"comment_status":"closed","ping_status":"closed","template":"pagina-basica","meta":{"_EventAllDay":false,"_EventTimezone":"","_EventStartDate":"","_EventEndDate":"","_EventStartDateUTC":"","_EventEndDateUTC":"","_EventShowMap":false,"_EventShowMapLink":false,"_EventURL":"","_EventCost":"","_EventCostDescription":"","_EventCurrencySymbol":"","_EventCurrencyCode":"","_EventCurrencyPosition":"","_EventDateTimeSeparator":"","_EventTimeRangeSeparator":"","_EventOrganizerID":[],"_EventVenueID":[],"_OrganizerEmail":"","_OrganizerPhone":"","_OrganizerWebsite":"","_VenueAddress":"","_VenueCity":"","_VenueCountry":"","_VenueProvince":"","_VenueState":"","_VenueZip":"","_VenuePhone":"","_VenueURL":"","_VenueStateProvince":"","_VenueLat":"","_VenueLng":"","_VenueShowMap":false,"_VenueShowMapLink":false,"footnotes":""},"class_list":["post-22","page","type-page","status-publish","has-post-thumbnail","hentry"],"publishpress_future_action":{"enabled":false,"date":"2026-05-01 13:30:30","action":"change-status","newStatus":"draft","terms":[],"taxonomy":"","extraData":[]},"publishpress_future_workflow_manual_trigger":{"enabledWorkflows":[]},"_links":{"self":[{"href":"https:\/\/santamariadelmar.es\/gl\/wp-json\/wp\/v2\/pages\/22","targetHints":{"allow":["GET"]}}],"collection":[{"href":"https:\/\/santamariadelmar.es\/gl\/wp-json\/wp\/v2\/pages"}],"about":[{"href":"https:\/\/santamariadelmar.es\/gl\/wp-json\/wp\/v2\/types\/page"}],"author":[{"embeddable":true,"href":"https:\/\/santamariadelmar.es\/gl\/wp-json\/wp\/v2\/users\/2"}],"replies":[{"embeddable":true,"href":"https:\/\/santamariadelmar.es\/gl\/wp-json\/wp\/v2\/comments?post=22"}],"version-history":[{"count":0,"href":"https:\/\/santamariadelmar.es\/gl\/wp-json\/wp\/v2\/pages\/22\/revisions"}],"up":[{"embeddable":true,"href":"https:\/\/santamariadelmar.es\/gl\/wp-json\/wp\/v2\/pages\/2421"}],"wp:featuredmedia":[{"embeddable":true,"href":"https:\/\/santamariadelmar.es\/gl\/wp-json\/wp\/v2\/media\/6945"}],"wp:attachment":[{"href":"https:\/\/santamariadelmar.es\/gl\/wp-json\/wp\/v2\/media?parent=22"}],"curies":[{"name":"wp","href":"https:\/\/api.w.org\/{rel}","templated":true}]}}