{"id":2132,"date":"2025-10-29T09:39:58","date_gmt":"2025-10-29T08:39:58","guid":{"rendered":"https:\/\/santamariadelmar.es\/?page_id=2132"},"modified":"2026-02-03T14:28:07","modified_gmt":"2026-02-03T13:28:07","slug":"etapas","status":"publish","type":"page","link":"https:\/\/santamariadelmar.es\/gl\/etapas\/","title":{"rendered":"Etapas"},"content":{"rendered":"<div class=\"wp-block-group is-layout-constrained wp-container-core-group-is-layout-4f9f0532 wp-block-group-is-layout-constrained\">\n<div class=\"wp-block-columns is-layout-flex wp-container-core-columns-is-layout-28f84493 wp-block-columns-is-layout-flex\">\n<div class=\"wp-block-column recuadro-personalizado has-primary-background-color has-background is-layout-flow wp-block-column-is-layout-flow\">\n<figure class=\"wp-block-image aligncenter size-full is-resized\"><img loading=\"lazy\" decoding=\"async\" width=\"550\" height=\"550\" src=\"https:\/\/santamariadelmar.es\/wp-content\/uploads\/2025\/12\/4.png\" alt=\"\" class=\"wp-image-6393\" style=\"aspect-ratio:1;object-fit:cover;width:200px\" srcset=\"https:\/\/santamariadelmar.es\/wp-content\/uploads\/2025\/12\/4.png 550w, https:\/\/santamariadelmar.es\/wp-content\/uploads\/2025\/12\/4-540x540.png 540w, https:\/\/santamariadelmar.es\/wp-content\/uploads\/2025\/12\/4-270x270.png 270w\" sizes=\"auto, (max-width: 550px) 100vw, 550px\" \/><\/figure>\n\n\n\n<h3 class=\"wp-block-heading has-foreground-color has-text-color has-link-color wp-elements-3664aa20f896f4c491f2580896b0a8fd\"><a href=\"https:\/\/santamariadelmar.es\/gl\/infantil\/\" data-type=\"page\" data-id=\"50\">EDUCACI\u00d3N INFANTIL<\/a><\/h3>\n\n\n\n<p class=\"has-foreground-color has-text-color has-link-color wp-elements-fb36ebf1a5e2b7a2504f6d6da29c1807\">Adquirindo&nbsp;<strong>valores, h\u00e1bitos e autonom\u00eda<\/strong>&nbsp;en colaboraci\u00f3n coas&nbsp;<strong>familias<\/strong>.<\/p>\n<\/div>\n\n\n\n<div class=\"wp-block-column recuadro-personalizado-2 has-foreground-background-color has-background is-layout-flow wp-block-column-is-layout-flow\">\n<figure class=\"wp-block-image aligncenter size-full is-resized\"><img loading=\"lazy\" decoding=\"async\" width=\"550\" height=\"550\" src=\"https:\/\/santamariadelmar.es\/wp-content\/uploads\/2025\/12\/1.png\" alt=\"\" class=\"wp-image-6390\" style=\"aspect-ratio:1;object-fit:cover;width:200px\" srcset=\"https:\/\/santamariadelmar.es\/wp-content\/uploads\/2025\/12\/1.png 550w, https:\/\/santamariadelmar.es\/wp-content\/uploads\/2025\/12\/1-540x540.png 540w, https:\/\/santamariadelmar.es\/wp-content\/uploads\/2025\/12\/1-270x270.png 270w\" sizes=\"auto, (max-width: 550px) 100vw, 550px\" \/><\/figure>\n\n\n\n<h3 class=\"wp-block-heading has-primary-color has-text-color has-link-color wp-elements-4621b2f15948170b63281b0129f7ed94\"><a href=\"https:\/\/santamariadelmar.es\/gl\/primaria\/\" data-type=\"page\" data-id=\"51\">EDUCACI\u00d3N PRIMARIA<\/a><\/h3>\n\n\n\n<p>Conxugando o&nbsp;<strong>esforzo persoal<\/strong>&nbsp;e o&nbsp;<strong>traballo cooperativo<\/strong>&nbsp;en todas as dimensi\u00f3ns educativas.<\/p>\n<\/div>\n\n\n\n<div class=\"wp-block-column recuadro-personalizado-2 has-foreground-background-color has-background is-layout-flow wp-block-column-is-layout-flow\">\n<figure class=\"wp-block-image aligncenter size-full is-resized\"><img loading=\"lazy\" decoding=\"async\" width=\"550\" height=\"550\" src=\"https:\/\/santamariadelmar.es\/wp-content\/uploads\/2025\/12\/2.png\" alt=\"\" class=\"wp-image-6391\" style=\"aspect-ratio:1;object-fit:cover;width:200px\" srcset=\"https:\/\/santamariadelmar.es\/wp-content\/uploads\/2025\/12\/2.png 550w, https:\/\/santamariadelmar.es\/wp-content\/uploads\/2025\/12\/2-540x540.png 540w, https:\/\/santamariadelmar.es\/wp-content\/uploads\/2025\/12\/2-270x270.png 270w\" sizes=\"auto, (max-width: 550px) 100vw, 550px\" \/><\/figure>\n\n\n\n<h3 class=\"wp-block-heading has-primary-color has-text-color has-link-color wp-elements-83fa34d4daf90dd6f8bd36593a1b1a49\"><a href=\"https:\/\/santamariadelmar.es\/gl\/eso\/\" data-type=\"page\" data-id=\"52\">ESO<\/a><\/h3>\n\n\n\n<p>Afianzando as bases&nbsp;<strong>acad\u00e9micas, sociais e espirituais<\/strong>&nbsp;durante a adolescencia.<\/p>\n<\/div>\n\n\n\n<div class=\"wp-block-column recuadro-personalizado has-primary-background-color has-background is-layout-flow wp-block-column-is-layout-flow\">\n<figure class=\"wp-block-image aligncenter size-full is-resized\"><img loading=\"lazy\" decoding=\"async\" width=\"550\" height=\"550\" src=\"https:\/\/santamariadelmar.es\/wp-content\/uploads\/2025\/12\/3.png\" alt=\"\" class=\"wp-image-6392\" style=\"aspect-ratio:1;object-fit:cover;width:200px\" srcset=\"https:\/\/santamariadelmar.es\/wp-content\/uploads\/2025\/12\/3.png 550w, https:\/\/santamariadelmar.es\/wp-content\/uploads\/2025\/12\/3-540x540.png 540w, https:\/\/santamariadelmar.es\/wp-content\/uploads\/2025\/12\/3-270x270.png 270w\" sizes=\"auto, (max-width: 550px) 100vw, 550px\" \/><\/figure>\n\n\n\n<h3 class=\"wp-block-heading has-foreground-color has-text-color has-link-color wp-elements-8b81f7485f02727ff0ed4b40166d3d1b\"><a href=\"https:\/\/santamariadelmar.es\/gl\/bachillerato\/\" data-type=\"page\" data-id=\"53\">BACHARELATO<\/a><\/h3>\n\n\n\n<p class=\"has-foreground-color has-text-color has-link-color wp-elements-edc4e83d96d57767fe1026d8555c373c\">Culminando a vida escolar con&nbsp;<strong>madurez<\/strong>&nbsp;e&nbsp;<strong>compromiso coa compaix\u00f3n<\/strong>.<\/p>\n<\/div>\n<\/div>\n<\/div>\n\n\n\n<p><\/p>","protected":false},"excerpt":{"rendered":"<p>EDUCACI\u00d3N INFANTIL Adquiriendo&nbsp;valores, h\u00e1bitos y autonom\u00eda&nbsp;en colaboraci\u00f3n con las&nbsp;familias. EDUCACI\u00d3N PRIMARIA Conjugando el&nbsp;esfuerzo personal&nbsp;y el&nbsp;trabajo cooperativo&nbsp;en todas las dimensiones educativas. ESO Afianzando las bases&nbsp;acad\u00e9micas, sociales y espirituales&nbsp;durante la adolescencia. BACHILLERATO [&hellip;]<\/p>\n","protected":false},"author":2,"featured_media":6898,"parent":0,"menu_order":4,"comment_status":"closed","ping_status":"closed","template":"pagina-basica","meta":{"_EventAllDay":false,"_EventTimezone":"","_EventStartDate":"","_EventEndDate":"","_EventStartDateUTC":"","_EventEndDateUTC":"","_EventShowMap":false,"_EventShowMapLink":false,"_EventURL":"","_EventCost":"","_EventCostDescription":"","_EventCurrencySymbol":"","_EventCurrencyCode":"","_EventCurrencyPosition":"","_EventDateTimeSeparator":"","_EventTimeRangeSeparator":"","_EventOrganizerID":[],"_EventVenueID":[],"_OrganizerEmail":"","_OrganizerPhone":"","_OrganizerWebsite":"","_VenueAddress":"","_VenueCity":"","_VenueCountry":"","_VenueProvince":"","_VenueState":"","_VenueZip":"","_VenuePhone":"","_VenueURL":"","_VenueStateProvince":"","_VenueLat":"","_VenueLng":"","_VenueShowMap":false,"_VenueShowMapLink":false,"footnotes":""},"class_list":["post-2132","page","type-page","status-publish","has-post-thumbnail","hentry"],"publishpress_future_action":{"enabled":false,"date":"2026-04-29 14:13:34","action":"change-status","newStatus":"draft","terms":[],"taxonomy":"","extraData":[]},"publishpress_future_workflow_manual_trigger":{"enabledWorkflows":[]},"_links":{"self":[{"href":"https:\/\/santamariadelmar.es\/gl\/wp-json\/wp\/v2\/pages\/2132","targetHints":{"allow":["GET"]}}],"collection":[{"href":"https:\/\/santamariadelmar.es\/gl\/wp-json\/wp\/v2\/pages"}],"about":[{"href":"https:\/\/santamariadelmar.es\/gl\/wp-json\/wp\/v2\/types\/page"}],"author":[{"embeddable":true,"href":"https:\/\/santamariadelmar.es\/gl\/wp-json\/wp\/v2\/users\/2"}],"replies":[{"embeddable":true,"href":"https:\/\/santamariadelmar.es\/gl\/wp-json\/wp\/v2\/comments?post=2132"}],"version-history":[{"count":0,"href":"https:\/\/santamariadelmar.es\/gl\/wp-json\/wp\/v2\/pages\/2132\/revisions"}],"wp:featuredmedia":[{"embeddable":true,"href":"https:\/\/santamariadelmar.es\/gl\/wp-json\/wp\/v2\/media\/6898"}],"wp:attachment":[{"href":"https:\/\/santamariadelmar.es\/gl\/wp-json\/wp\/v2\/media?parent=2132"}],"curies":[{"name":"wp","href":"https:\/\/api.w.org\/{rel}","templated":true}]}}