{"id":21,"date":"2025-10-27T10:20:51","date_gmt":"2025-10-27T09:20:51","guid":{"rendered":"https:\/\/santamariadelmar.es\/?page_id=21"},"modified":"2026-02-04T14:24:16","modified_gmt":"2026-02-04T13:24:16","slug":"paradigma-de-pedagogia-ignaciana","status":"publish","type":"page","link":"https:\/\/santamariadelmar.es\/gl\/nuestro-colegio\/paradigma-de-pedagogia-ignaciana\/","title":{"rendered":"Paradigma de pedagox\u00eda ignaciana"},"content":{"rendered":"<div class=\"wp-block-group is-layout-constrained wp-container-core-group-is-layout-4f9f0532 wp-block-group-is-layout-constrained\">\n<hr class=\"wp-block-separator has-text-color has-extra-primary-color has-alpha-channel-opacity has-extra-primary-background-color has-background is-style-wide\"\/>\n\n\n\n<p>A&nbsp;<strong>pedagox\u00eda ignaciana<\/strong>&nbsp;\u00e9 o modelo de ense\u00f1anza-aprendizaxe propio dos colexios da<strong>&nbsp;Compa\u00f1\u00eda de Xes\u00fas<\/strong>&nbsp;e ten como obxectivos:<\/p>\n\n\n\n<ul class=\"wp-block-list\">\n<li>Ensinar a&nbsp;<strong>ser<\/strong>.<\/li>\n\n\n\n<li>Ensinar a&nbsp;<strong>pensar<\/strong>.<\/li>\n\n\n\n<li>Ensinar a&nbsp;<strong>aprender<\/strong>.<\/li>\n<\/ul>\n\n\n\n<p>Esta pedagox\u00eda propia apoia nos \u00e1mbitos cient\u00edfico-t\u00e9cnico e humano-cristi\u00e1n de tal maneira que os alumnos \u00ab<em>volvan a casa non s\u00f3 m\u00e1is sabios sen\u00f3n mellores<\/em>\u00bb (San Ignacio de Loyola).<\/p>\n\n\n\n<hr class=\"wp-block-separator has-text-color has-extra-primary-color has-alpha-channel-opacity has-extra-primary-background-color has-background is-style-wide\"\/>\n\n\n\n<p>O&nbsp;<strong>modelo pedag\u00f3xico ignaciano<\/strong>&nbsp;desenv\u00f3lvese ao longo de cinco movementos sucesivos.<\/p>\n\n\n\n<div class=\"wp-block-columns is-layout-flex wp-container-core-columns-is-layout-28f84493 wp-block-columns-is-layout-flex\">\n<div class=\"wp-block-column is-layout-flow wp-block-column-is-layout-flow\">\n<figure class=\"wp-block-image size-full is-resized\"><img loading=\"lazy\" decoding=\"async\" width=\"1000\" height=\"1000\" src=\"https:\/\/santamariadelmar.es\/wp-content\/uploads\/2025\/10\/travel_explore_1000dp_118CB0_FILL0_wght400_GRAD0_opsz48.png\" alt=\"\" class=\"wp-image-1583\" style=\"width:100px\" srcset=\"https:\/\/santamariadelmar.es\/wp-content\/uploads\/2025\/10\/travel_explore_1000dp_118CB0_FILL0_wght400_GRAD0_opsz48.png 1000w, https:\/\/santamariadelmar.es\/wp-content\/uploads\/2025\/10\/travel_explore_1000dp_118CB0_FILL0_wght400_GRAD0_opsz48-540x540.png 540w, https:\/\/santamariadelmar.es\/wp-content\/uploads\/2025\/10\/travel_explore_1000dp_118CB0_FILL0_wght400_GRAD0_opsz48-270x270.png 270w, https:\/\/santamariadelmar.es\/wp-content\/uploads\/2025\/10\/travel_explore_1000dp_118CB0_FILL0_wght400_GRAD0_opsz48-768x768.png 768w\" sizes=\"auto, (max-width: 1000px) 100vw, 1000px\" \/><\/figure>\n\n\n\n<h6 class=\"wp-block-heading has-extra-primary-color has-text-color has-link-color wp-elements-33677701a3100805ed12197acb21c16f\">Situar a realidade nun contexto<\/h6>\n\n\n\n<p>teniendo en cuenta la situaci\u00f3n personal de cada uno de sus alumnos y la realidad del momento hist\u00f3rico y del \u00e1mbito social en el que se encuentra.<\/p>\n<\/div>\n\n\n\n<div class=\"wp-block-column is-layout-flow wp-block-column-is-layout-flow\">\n<figure class=\"wp-block-image size-full is-resized\"><img loading=\"lazy\" decoding=\"async\" width=\"1000\" height=\"1000\" src=\"https:\/\/santamariadelmar.es\/wp-content\/uploads\/2025\/10\/personal_injury_1000dp_118CB0_FILL0_wght400_GRAD0_opsz48.png\" alt=\"\" class=\"wp-image-1584\" style=\"width:100px\" srcset=\"https:\/\/santamariadelmar.es\/wp-content\/uploads\/2025\/10\/personal_injury_1000dp_118CB0_FILL0_wght400_GRAD0_opsz48.png 1000w, https:\/\/santamariadelmar.es\/wp-content\/uploads\/2025\/10\/personal_injury_1000dp_118CB0_FILL0_wght400_GRAD0_opsz48-540x540.png 540w, https:\/\/santamariadelmar.es\/wp-content\/uploads\/2025\/10\/personal_injury_1000dp_118CB0_FILL0_wght400_GRAD0_opsz48-270x270.png 270w, https:\/\/santamariadelmar.es\/wp-content\/uploads\/2025\/10\/personal_injury_1000dp_118CB0_FILL0_wght400_GRAD0_opsz48-768x768.png 768w\" sizes=\"auto, (max-width: 1000px) 100vw, 1000px\" \/><\/figure>\n\n\n\n<h6 class=\"wp-block-heading has-extra-primary-color has-text-color has-link-color wp-elements-d6c71845fdbe4d7b1874a4cfaf7b2ad4\">Experimentar dende a realidade<\/h6>\n\n\n\n<p>promovendo actividades de ensino-aprendizaxe, con variedade metodol\u00f3xica, que se transformen nunha experiencia de aprendizaxe cognoscitiva, psicomotriz, afectiva e imaxinativa. A pedagox\u00eda ignaciana busca que toda a persoa (mente, coraz\u00f3n e vontade) se implique na experiencia educativa.<\/p>\n<\/div>\n\n\n\n<div class=\"wp-block-column is-layout-flow wp-block-column-is-layout-flow\">\n<figure class=\"wp-block-image size-full is-resized\"><img loading=\"lazy\" decoding=\"async\" width=\"1000\" height=\"1000\" src=\"https:\/\/santamariadelmar.es\/wp-content\/uploads\/2025\/10\/graph_3_1000dp_118CB0_FILL0_wght400_GRAD0_opsz48.png\" alt=\"\" class=\"wp-image-1585\" style=\"width:100px\" srcset=\"https:\/\/santamariadelmar.es\/wp-content\/uploads\/2025\/10\/graph_3_1000dp_118CB0_FILL0_wght400_GRAD0_opsz48.png 1000w, https:\/\/santamariadelmar.es\/wp-content\/uploads\/2025\/10\/graph_3_1000dp_118CB0_FILL0_wght400_GRAD0_opsz48-540x540.png 540w, https:\/\/santamariadelmar.es\/wp-content\/uploads\/2025\/10\/graph_3_1000dp_118CB0_FILL0_wght400_GRAD0_opsz48-270x270.png 270w, https:\/\/santamariadelmar.es\/wp-content\/uploads\/2025\/10\/graph_3_1000dp_118CB0_FILL0_wght400_GRAD0_opsz48-768x768.png 768w\" sizes=\"auto, (max-width: 1000px) 100vw, 1000px\" \/><\/figure>\n\n\n\n<h6 class=\"wp-block-heading has-extra-primary-color has-text-color has-link-color wp-elements-9b48835b253740d0ef6f93fc96710d0c\">Reflexionar sobre as experiencias de aprendizaxe<\/h6>\n\n\n\n<p>de xeito que o alumno poida entender e interiorizar a importancia e o significado do que est\u00e1 estudando.<\/p>\n<\/div>\n\n\n\n<div class=\"wp-block-column is-layout-flow wp-block-column-is-layout-flow\">\n<figure class=\"wp-block-image size-full is-resized\"><img loading=\"lazy\" decoding=\"async\" width=\"1000\" height=\"1000\" src=\"https:\/\/santamariadelmar.es\/wp-content\/uploads\/2025\/10\/build_1000dp_118CB0_FILL0_wght400_GRAD0_opsz48.png\" alt=\"\" class=\"wp-image-1586\" style=\"width:100px\" srcset=\"https:\/\/santamariadelmar.es\/wp-content\/uploads\/2025\/10\/build_1000dp_118CB0_FILL0_wght400_GRAD0_opsz48.png 1000w, https:\/\/santamariadelmar.es\/wp-content\/uploads\/2025\/10\/build_1000dp_118CB0_FILL0_wght400_GRAD0_opsz48-540x540.png 540w, https:\/\/santamariadelmar.es\/wp-content\/uploads\/2025\/10\/build_1000dp_118CB0_FILL0_wght400_GRAD0_opsz48-270x270.png 270w, https:\/\/santamariadelmar.es\/wp-content\/uploads\/2025\/10\/build_1000dp_118CB0_FILL0_wght400_GRAD0_opsz48-768x768.png 768w\" sizes=\"auto, (max-width: 1000px) 100vw, 1000px\" \/><\/figure>\n\n\n\n<h6 class=\"wp-block-heading has-extra-primary-color has-text-color has-link-color wp-elements-e2cdd49249637297967b949cafc6f8ff\">Actuar segundo o aprendido<br><\/h6>\n\n\n\n<p>desenvolvendo as s\u00faas competencias e xeneralizando o aprendido a outros contornos diferentes \u00e1s \u00e1reas acad\u00e9micas, de maneira que poidan ser competentes en situaci\u00f3ns novas.<\/p>\n<\/div>\n\n\n\n<div class=\"wp-block-column is-layout-flow wp-block-column-is-layout-flow\">\n<figure class=\"wp-block-image size-full is-resized\"><img loading=\"lazy\" decoding=\"async\" width=\"1000\" height=\"1000\" src=\"https:\/\/santamariadelmar.es\/wp-content\/uploads\/2025\/10\/checklist_1000dp_118CB0_FILL0_wght400_GRAD0_opsz48.png\" alt=\"\" class=\"wp-image-1587\" style=\"width:100px\" srcset=\"https:\/\/santamariadelmar.es\/wp-content\/uploads\/2025\/10\/checklist_1000dp_118CB0_FILL0_wght400_GRAD0_opsz48.png 1000w, https:\/\/santamariadelmar.es\/wp-content\/uploads\/2025\/10\/checklist_1000dp_118CB0_FILL0_wght400_GRAD0_opsz48-540x540.png 540w, https:\/\/santamariadelmar.es\/wp-content\/uploads\/2025\/10\/checklist_1000dp_118CB0_FILL0_wght400_GRAD0_opsz48-270x270.png 270w, https:\/\/santamariadelmar.es\/wp-content\/uploads\/2025\/10\/checklist_1000dp_118CB0_FILL0_wght400_GRAD0_opsz48-768x768.png 768w\" sizes=\"auto, (max-width: 1000px) 100vw, 1000px\" \/><\/figure>\n\n\n\n<h6 class=\"wp-block-heading has-extra-primary-color has-text-color has-link-color wp-elements-3391857d0743f54ebf23765b1fbe9546\">Avaliar a acci\u00f3n e o proceso seguido<\/h6>\n\n\n\n<p>pretendendo unha avaliaci\u00f3n integral do alumno, que po\u00f1a o foco non s\u00f3 no dominio cognitivo, sen\u00f3n que te\u00f1a en conta o nivel de madurez, a capacidade de reflexi\u00f3n e as actitudes que vai desenvolvendo. Promove igualmente que os alumnos aval\u00eden os seus propios procesos e resultados da aprendizaxe, adquirindo esquemas persoais que lles poden servir en futuras situaci\u00f3ns e circunstancias.<\/p>\n<\/div>\n<\/div>\n<\/div>\n\n\n\n<div class=\"wp-block-buttons is-content-justification-center is-layout-flex wp-container-core-buttons-is-layout-a89b3969 wp-block-buttons-is-layout-flex\">\n<div class=\"wp-block-button\"><a class=\"wp-block-button__link has-background wp-element-button\" href=\"https:\/\/santamariadelmar.es\/wp-content\/uploads\/2025\/10\/2223_ppi.pdf\" style=\"background:linear-gradient(135deg,rgb(17,140,176) 0%,rgb(11,38,54) 100%)\" target=\"_blank\" rel=\"noreferrer noopener\">Paradigma de Pedagox\u00eda Ignaciana (PDF)<\/a><\/div>\n<\/div>\n\n\n\n<figure class=\"wp-block-image aligncenter size-large\"><img loading=\"lazy\" decoding=\"async\" width=\"1080\" height=\"1080\" src=\"https:\/\/santamariadelmar.es\/wp-content\/uploads\/2026\/02\/Diseno-sin-titulo-7-1080x1080.png\" alt=\"\" class=\"wp-image-8589\" srcset=\"https:\/\/santamariadelmar.es\/wp-content\/uploads\/2026\/02\/Diseno-sin-titulo-7-1080x1080.png 1080w, https:\/\/santamariadelmar.es\/wp-content\/uploads\/2026\/02\/Diseno-sin-titulo-7-540x540.png 540w, https:\/\/santamariadelmar.es\/wp-content\/uploads\/2026\/02\/Diseno-sin-titulo-7-270x270.png 270w, https:\/\/santamariadelmar.es\/wp-content\/uploads\/2026\/02\/Diseno-sin-titulo-7-768x768.png 768w, https:\/\/santamariadelmar.es\/wp-content\/uploads\/2026\/02\/Diseno-sin-titulo-7-1536x1536.png 1536w, https:\/\/santamariadelmar.es\/wp-content\/uploads\/2026\/02\/Diseno-sin-titulo-7-2048x2048.png 2048w, https:\/\/santamariadelmar.es\/wp-content\/uploads\/2026\/02\/Diseno-sin-titulo-7-12x12.png 12w\" sizes=\"auto, (max-width: 1080px) 100vw, 1080px\" \/><\/figure>","protected":false},"excerpt":{"rendered":"<p>La&nbsp;pedagog\u00eda ignaciana&nbsp;es el modelo de ense\u00f1anza-aprendizaje propio de los colegios de la&nbsp;Compa\u00f1\u00eda de Jes\u00fas&nbsp;y tiene como objetivos: Esta pedagog\u00eda propia se apoya en los \u00e1mbitos cient\u00edfico-t\u00e9cnico y humano-cristiano de tal [&hellip;]<\/p>\n","protected":false},"author":2,"featured_media":6885,"parent":2421,"menu_order":2,"comment_status":"closed","ping_status":"closed","template":"pagina-basica","meta":{"_EventAllDay":false,"_EventTimezone":"","_EventStartDate":"","_EventEndDate":"","_EventStartDateUTC":"","_EventEndDateUTC":"","_EventShowMap":false,"_EventShowMapLink":false,"_EventURL":"","_EventCost":"","_EventCostDescription":"","_EventCurrencySymbol":"","_EventCurrencyCode":"","_EventCurrencyPosition":"","_EventDateTimeSeparator":"","_EventTimeRangeSeparator":"","_EventOrganizerID":[],"_EventVenueID":[],"_OrganizerEmail":"","_OrganizerPhone":"","_OrganizerWebsite":"","_VenueAddress":"","_VenueCity":"","_VenueCountry":"","_VenueProvince":"","_VenueState":"","_VenueZip":"","_VenuePhone":"","_VenueURL":"","_VenueStateProvince":"","_VenueLat":"","_VenueLng":"","_VenueShowMap":false,"_VenueShowMapLink":false,"footnotes":""},"class_list":["post-21","page","type-page","status-publish","has-post-thumbnail","hentry"],"publishpress_future_action":{"enabled":false,"date":"2026-05-01 13:31:02","action":"change-status","newStatus":"draft","terms":[],"taxonomy":"","extraData":[]},"publishpress_future_workflow_manual_trigger":{"enabledWorkflows":[]},"_links":{"self":[{"href":"https:\/\/santamariadelmar.es\/gl\/wp-json\/wp\/v2\/pages\/21","targetHints":{"allow":["GET"]}}],"collection":[{"href":"https:\/\/santamariadelmar.es\/gl\/wp-json\/wp\/v2\/pages"}],"about":[{"href":"https:\/\/santamariadelmar.es\/gl\/wp-json\/wp\/v2\/types\/page"}],"author":[{"embeddable":true,"href":"https:\/\/santamariadelmar.es\/gl\/wp-json\/wp\/v2\/users\/2"}],"replies":[{"embeddable":true,"href":"https:\/\/santamariadelmar.es\/gl\/wp-json\/wp\/v2\/comments?post=21"}],"version-history":[{"count":4,"href":"https:\/\/santamariadelmar.es\/gl\/wp-json\/wp\/v2\/pages\/21\/revisions"}],"predecessor-version":[{"id":8707,"href":"https:\/\/santamariadelmar.es\/gl\/wp-json\/wp\/v2\/pages\/21\/revisions\/8707"}],"up":[{"embeddable":true,"href":"https:\/\/santamariadelmar.es\/gl\/wp-json\/wp\/v2\/pages\/2421"}],"wp:featuredmedia":[{"embeddable":true,"href":"https:\/\/santamariadelmar.es\/gl\/wp-json\/wp\/v2\/media\/6885"}],"wp:attachment":[{"href":"https:\/\/santamariadelmar.es\/gl\/wp-json\/wp\/v2\/media?parent=21"}],"curies":[{"name":"wp","href":"https:\/\/api.w.org\/{rel}","templated":true}]}}