{"id":2095,"date":"2025-10-28T13:47:01","date_gmt":"2025-10-28T12:47:01","guid":{"rendered":"https:\/\/santamariadelmar.es\/?page_id=2095"},"modified":"2026-02-12T10:41:09","modified_gmt":"2026-02-12T09:41:09","slug":"politica-de-cookies","status":"publish","type":"page","link":"https:\/\/santamariadelmar.es\/gl\/rgpd\/politica-de-cookies\/","title":{"rendered":"Pol\u00edtica de Cookies"},"content":{"rendered":"<div class=\"wp-block-group is-layout-constrained wp-container-core-group-is-layout-7a3688e9 wp-block-group-is-layout-constrained\">\n<p>Qu\u00e9 son as cookies?<\/p>\n\n\n\n<p>En ingl\u00e9s, o termo \u201ccookie\u201d significa galleta, pero no \u00e1mbito da navegaci\u00f3n web, unha \u201ccookie\u201d \u00e9 algo completamente distinto. Cando accede ao noso Sitio Web, no navegador do seu dispositivo almac\u00e9nase unha pequena cantidade de texto que se denomina \u201ccookie\u201d. Este texto cont\u00e9n informaci\u00f3n variada sobre a s\u00faa navegaci\u00f3n, h\u00e1bitos, preferencias, personalizaci\u00f3ns de contidos, etc\u2026<\/p>\n\n\n\n<p>Existen outras tecnolox\u00edas que funcionan de maneira similar e que tam\u00e9n se usan para recompilar datos sobre a t\u00faa actividade de navegaci\u00f3n. Chamaremos \u201ccookies\u201d a todas estas tecnolox\u00edas no seu conxunto.<\/p>\n\n\n\n<p>Os usos concretos que facemos destas tecnolox\u00edas descr\u00edbense no presente documento.<\/p>\n\n\n\n<h2 class=\"wp-block-heading\">Para que se empregan as cookies nesta web?<\/h2>\n\n\n\n<p>As cookies son unha parte esencial de como funciona o Sitio Web. O obxectivo principal das nosas cookies \u00e9 mellorar a s\u00faa experiencia na navegaci\u00f3n. Por exemplo, para lembrar as s\u00faas preferencias (idioma, pa\u00eds, etc.) durante a navegaci\u00f3n e en futuras visitas. A informaci\u00f3n recollida nas cookies perm\u00edtenos ademais mellorar a web, adaptala aos seus intereses como usuario, acelerar as buscas que realice, etc..<\/p>\n\n\n\n<p>En determinados casos, se obtivemos o seu previo consentimento informado, poderemos utilizar cookies para outros usos, como por exemplo para obter informaci\u00f3n que nos permita amosarlle publicidade baseada na an\u00e1lise dos seus h\u00e1bitos de navegaci\u00f3n.<\/p>\n\n\n\n<h2 class=\"wp-block-heading\">Para que NON se utilizan as cookies nesta web?<\/h2>\n\n\n\n<p>Nas cookies que utilizamos non se almacena informaci\u00f3n sensible de identificaci\u00f3n persoal como o seu nome, enderezo, o seu contrasinal, etc\u2026<\/p>\n\n\n\n<h2 class=\"wp-block-heading\">Quen emprega a informaci\u00f3n almacenada nas cookies?<\/h2>\n\n\n\n<p>A informaci\u00f3n almacenada nas cookies do noso Sitio Web \u00e9 utilizada exclusivamente por n\u00f3s, a excepci\u00f3n daquelas identificadas m\u00e1is adiante como \u201ccookie de terceros\u201d, que son utilizadas e xestionadas por entidades externas que nos proporcionan servizos que melloran a experiencia do usuario. Por exemplo as estat\u00edsticas que se recollen sobre o n\u00famero de visitas, o contido que m\u00e1is gusta, etc\u2026 adoita xestionalo Google Analytics.<\/p>\n\n\n\n<h2 class=\"wp-block-heading\">Como pode evitarse o uso de cookies neste Sitio Web?<\/h2>\n\n\n\n<p>Se prefire evitar o uso das cookies, pode REXEITAR o seu uso ou pode CONFIGURAR as que quere evitar e as que permite utilizar (neste documento d\u00e1moslle informaci\u00f3n ampliada ao respecto de cada tipo de cookie, a s\u00faa finalidade, destinatario, temporalidade, etc\u2026 ).<\/p>\n\n\n\n<p>Se as aceptou, non volveremos preguntarlle a menos que borre as cookies no seu dispositivo segundo se indica no apartado seguinte. Se quere revogar o consentimento ter\u00e1 que eliminar as cookies e volver configuralas.<\/p>\n\n\n\n<h2 class=\"wp-block-heading\">Como deshabilito e elimino a utilizaci\u00f3n de cookies?<\/h2>\n\n\n\n<p>O Titular amosa informaci\u00f3n sobre a s\u00faa Pol\u00edtica de cookies no banner de cookies accesible en todas as p\u00e1xinas do Sitio Web. O banner de cookies amosa informaci\u00f3n esencial sobre o tratamento de datos e permite ao Usuario realizar as seguintes acci\u00f3ns:<\/p>\n\n\n\n<ul class=\"wp-block-list\">\n<li>ACEPTAR ou REXEITAR a instalaci\u00f3n de cookies, ou retirar o consentimento previamente outorgado.<\/li>\n\n\n\n<li>Cambiar as preferencias de cookies desde a p\u00e1xina Personalizar Cookies, \u00e1 que pode acceder desde o Aviso de Cookies ou desde a p\u00e1xina de&nbsp;<a href=\"https:\/\/santamariadelmar.es\/gl\/personalizar-cookies\/\">Personalizar Cookies<\/a>.<\/li>\n\n\n\n<li>Obter informaci\u00f3n adicional na p\u00e1xina de&nbsp;<a href=\"https:\/\/santamariadelmar.es\/gl\/rgpd\/politica-de-cookies\/\">Pol\u00edtica de Cookies<\/a>.<\/li>\n<\/ul>\n\n\n\n<p>Para restrinxir, bloquear ou borrar as cookies deste Sitio Web (e as usadas por terceiros) pode facelo, en calquera momento, modificando a configuraci\u00f3n do seu navegador. Te\u00f1a en conta que esta configuraci\u00f3n \u00e9 diferente en cada navegador.<\/p>\n\n\n\n<p>Nos seguintes ligaz\u00f3ns encontrar\u00e1 instruci\u00f3ns para habilitar ou deshabilitar as cookies nos navegadores m\u00e1is com\u00fans.<\/p>\n\n\n\n<ul class=\"wp-block-list\">\n<li><a href=\"http:\/\/support.mozilla.org\/es\/kb\/habilitar-y-deshabilitar-cookies-que-los-sitios-we\" target=\"_blank\" rel=\"noreferrer noopener\">Firefox<\/a><\/li>\n\n\n\n<li><a href=\"https:\/\/support.google.com\/chrome\/answer\/95647?hl=es\" target=\"_blank\" rel=\"noreferrer noopener\">Google Chrome<\/a><\/li>\n\n\n\n<li><a href=\"https:\/\/support.microsoft.com\/es-es\/help\/17442\/windows-internet-explorer-delete-manage-cookies#ie=%22ie-10\" target=\"_blank\" rel=\"noreferrer noopener\">Internet Explorer<\/a><\/li>\n\n\n\n<li><a href=\"https:\/\/support.microsoft.com\/es-es\/help\/4468242\/microsoft-edge-browsing-data-and-privacy\" target=\"_blank\" rel=\"noreferrer noopener\">Microsoft Edge<\/a><\/li>\n\n\n\n<li><a href=\"http:\/\/support.apple.com\/kb\/HT1677?viewlocale=es_ES\" target=\"_blank\" rel=\"noreferrer noopener\">Safari<\/a><\/li>\n<\/ul>\n\n\n\n<h2 class=\"wp-block-heading\">Que tipos de cookies empr\u00e9ganse nesta p\u00e1xina web?<\/h2>\n\n\n\n<p>Cada p\u00e1xina web utiliza as s\u00faas propias cookies. Na nosa web utilizamos as que se indican a continuaci\u00f3n:<\/p>\n\n\n\n<p><strong>SEGUNDO A ENTIDADE QUE O XESTIONA<\/strong><\/p>\n\n\n\n<p><strong>Cookies propias:<\/strong><\/p>\n\n\n\n<p>Son aquelas que se env\u00edan ao equipo terminal do Usuario desde un equipo ou dominio xestionado polo propio editor e desde o que se presta o servizo solicitado polo Usuario.<\/p>\n\n\n\n<p><strong>Cookies de terceiros:<\/strong><\/p>\n\n\n\n<p>Son aquelas que se env\u00edan ao equipo terminal do Usuario desde un equipo ou dominio que non \u00e9 xestionado polo editor, sen\u00f3n por outra entidade que trata os datos obtidos a trav\u00e9s das cookies.<\/p>\n\n\n\n<p>No caso de que as cookies sexan servidas desde un equipo ou dominio xestionado polo propio editor, pero a informaci\u00f3n que se recolla mediante estas sexa xestionada por un terceiro, non poden considerarse como cookies propias se o terceiro as utiliza para as s\u00faas propias finalidades (por exemplo, a mellora dos servizos que presta ou a prestaci\u00f3n de servizos de car\u00e1cter publicitario a favor de outras entidades).<\/p>\n\n\n\n<p><strong>SEGUNDO A FINALIDADE<\/strong><\/p>\n\n\n\n<p><strong>Cookies t\u00e9cnicas:<\/strong><\/p>\n\n\n\n<p>Son aquelas necesarias para a navegaci\u00f3n e o bo funcionamento do noso Sitio Web, como por exemplo, controlar o tr\u00e1fico e a comunicaci\u00f3n de datos, identificar a sesi\u00f3n, acceder a partes de acceso restrinxido, realizar a solicitude de inscrici\u00f3n ou participaci\u00f3n nun evento, contar visitas a efectos da facturaci\u00f3n de licenzas do software co que funciona o servizo do Sitio Web, utilizar elementos de seguridade durante a navegaci\u00f3n, almacenar contidos para a difusi\u00f3n de v\u00eddeos ou son, habilitar contidos din\u00e1micos (por exemplo, animaci\u00f3n de carga dun texto ou imaxe) ou compartir contidos a trav\u00e9s de redes sociais.<\/p>\n\n\n\n<p><strong>Cookies de an\u00e1lise:<\/strong><\/p>\n\n\n\n<p>Permiten cuantificar o n\u00famero de usuarios e as\u00ed realizar a medici\u00f3n e an\u00e1lise estat\u00edstica da utilizaci\u00f3n que fan os usuarios do Sitio Web.<\/p>\n\n\n\n<p><strong>Cookies de preferencias ou personalizaci\u00f3n:<\/strong><\/p>\n\n\n\n<p>Son aquelas que permiten lembrar informaci\u00f3n para que o Usuario acceda ao servizo con determinadas caracter\u00edsticas que poden diferenciar a s\u00faa experiencia da doutros usuarios, como, por exemplo, o idioma, o n\u00famero de resultados a mostrar cando o Usuario realiza unha busca, o aspecto ou contido do servizo en funci\u00f3n do tipo de navegador a trav\u00e9s do cal o Usuario accede ao servizo ou da rexi\u00f3n desde a que accede ao servizo, etc.<\/p>\n\n\n\n<p><strong>SEGUNDO O PRAZO DE TEMPO QUE PERMANECEN ACTIVADAS<\/strong><\/p>\n\n\n\n<p><strong>Cookies de sesi\u00f3n:<\/strong><\/p>\n\n\n\n<p>Son aquelas dese\u00f1adas para recompilar e almacenar datos mentres o Usuario accede a unha p\u00e1xina web.<\/p>\n\n\n\n<p>Soen empregarse para almacenar informaci\u00f3n que s\u00f3 interesa conservar para a prestaci\u00f3n do servizo solicitado polo Usuario nunha \u00fanica ocasi\u00f3n (por exemplo, unha lista de produtos adquiridos) e desaparecen ao rematar a sesi\u00f3n.<\/p>\n\n\n\n<p><strong>Cookies persistentes:<\/strong><\/p>\n\n\n\n<p>Son aquelas nas que os datos permanecen almacenados no terminal e poden ser accedidos e tratados durante un per\u00edodo definido polo responsable da cookie, e que pode ir duns minutos a varios anos. A este respecto debe valorarse especificamente se \u00e9 necesaria a utilizaci\u00f3n de cookies persistentes, posto que os riscos para a privacidade poder\u00edan reducirse mediante a utilizaci\u00f3n de cookies de sesi\u00f3n. En todo caso, cando se instalen cookies persistentes, recom\u00e9ndase reducir ao m\u00ednimo necesario a s\u00faa duraci\u00f3n temporal atendendo \u00e1 finalidade do seu uso. A estes efectos, o Ditame 4\/2012 do GT29 indicou que para que unha cookie poida estar exenta do deber de consentimento informado, a s\u00faa caducidade debe estar relacionada coa s\u00faa finalidade. Debido a iso, \u00e9 moito m\u00e1is probable que se consideren como exentas as cookies de sesi\u00f3n que as persistentes.<\/p>\n\n\n\n<p><strong>Detalle de cookies utilizadas nesta web:<\/strong><\/p>\n\n\n\n<figure class=\"wp-block-table\"><table class=\"has-fixed-layout\"><thead><tr><th>Cookie<\/th><th>Descripci\u00f3n<\/th><\/tr><\/thead><tbody><tr><td>_ga<\/td><td>Google Analytics calcula os datos de visitantes, sesi\u00f3ns e campa\u00f1as e tam\u00e9n realiza un seguimento do uso do sitio para o informe anal\u00edtico. A cookie almacena informaci\u00f3n de forma an\u00f3nima e asigna un n\u00famero xerado aleatoriamente para reco\u00f1ecer visitantes \u00fanicos.<\/td><\/tr><tr><td>_gat_calameo_view<\/td><td>Google Analytics configura esta cookie para acelerar a navegaci\u00f3n.<\/td><\/tr><tr><td>_gid<\/td><td>Google Analytics almacena informaci\u00f3n sobre como os visitantes usan esta web, ao mesmo tempo que crea un informe anal\u00edtico do rendemento do sitio. Alg\u00fans dos datos que recompilan incl\u00faen o n\u00famero de visitantes, a s\u00faa orixe e as p\u00e1xinas que visitan de forma an\u00f3nima.<\/td><\/tr><\/tbody><\/table><\/figure>\n\n\n\n<h2 class=\"wp-block-heading\">Como pode configurar a utilizaci\u00f3n de cookies no seu navegador?<\/h2>\n\n\n\n<p>Ao navegar e continuar no noso sitio web estar\u00e1 a consentir o uso das cookies nas condici\u00f3ns contidas na presente pol\u00edtica de cookies. Vostede, como usuario, ten a posibilidade de exercer o seu dereito a bloquear, eliminar e rexeitar o uso de cookies, en todo momento, accedendo \u00e1 configuraci\u00f3n de cookies ou modificando as opci\u00f3ns do seu navegador.<\/p>\n\n\n\n<p>A continuaci\u00f3n detallamos as opci\u00f3ns para que configure a privacidade xeral sobre cookies no seu dispositivo:<\/p>\n\n\n\n<ul class=\"wp-block-list\">\n<li>Chrome: Configuraci\u00f3n &gt; Amosar opci\u00f3ns avanzadas &gt; Privacidade &gt; Configuraci\u00f3n de contido. Para m\u00e1is informaci\u00f3n, pode consultar o soporte de Google ou a axuda do navegador.<\/li>\n\n\n\n<li>Firefox: Ferramentas &gt; Opci\u00f3ns &gt; Privacidade &gt; Historial &gt; Configuraci\u00f3n Personalizada. Para m\u00e1is informaci\u00f3n, pode consultar o soporte de Mozilla ou a axuda do navegador.<\/li>\n\n\n\n<li>Safari: Preferencias &gt; Seguridade. Para m\u00e1is informaci\u00f3n, pode consultar o soporte de Apple ou a Axuda do navegador.<\/li>\n\n\n\n<li>Edge\/Internet Explorer: Ferramentas &gt; Opci\u00f3ns de Internet &gt; Privacidade &gt; Configuraci\u00f3n. Para m\u00e1is informaci\u00f3n, pode consultar o soporte de Microsoft ou a axuda do navegador.<\/li>\n\n\n\n<li>\u00d3pera: Configuraci\u00f3n &gt; Opci\u00f3ns &gt; Avanzado &gt; Cookies. Para m\u00e1is informaci\u00f3n, pode consultar o soporte de \u00d3pera ou a axuda do navegador.<\/li>\n<\/ul>\n\n\n\n<p>Se usa outro navegador distinto aos anteriores, consulte a s\u00faa pol\u00edtica de instalaci\u00f3n, uso e bloqueo de cookies.<\/p>\n\n\n\n<h2 class=\"wp-block-heading\">Que ocorre se se deshabilitan as cookies?<\/h2>\n\n\n\n<p>Algunhas funcionalidades dos servizos e \u00e1reas deste sitio web poder\u00edan non funcionar correctamente ou como se espera delas se se deshabilitan as cookies.<\/p>\n\n\n\n<h2 class=\"wp-block-heading\">Actualizaci\u00f3n da nosa pol\u00edtica de cookies<\/h2>\n\n\n\n<p>\u00c9 posible que actualicemos a pol\u00edtica de cookies da nosa p\u00e1xina web, polo que recomendamos revisar esta pol\u00edtica cada vez que acceda ao noso sitio web co obxectivo de estar adecuadamente informado sobre como e para que usamos as cookies.<\/p>\n\n\n\n<p>\u00a9 Copyright 2022 Colexio Santa Mar\u00eda do Mar. Todos os dereitos reservados. 11 de marzo de 2022.<\/p>\n<\/div>","protected":false},"excerpt":{"rendered":"<p>\u00bfQu\u00e9 son las cookies? En ingl\u00e9s, el t\u00e9rmino \u00abcookie\u00bb significa galleta, pero en el \u00e1mbito de la navegaci\u00f3n web, una \u00abcookie\u00bb es algo completamente distinto. Cuando accede a nuestro Sitio [&hellip;]<\/p>\n","protected":false},"author":2,"featured_media":8943,"parent":57,"menu_order":3,"comment_status":"closed","ping_status":"closed","template":"pagina-basica","meta":{"_EventAllDay":false,"_EventTimezone":"","_EventStartDate":"","_EventEndDate":"","_EventStartDateUTC":"","_EventEndDateUTC":"","_EventShowMap":false,"_EventShowMapLink":false,"_EventURL":"","_EventCost":"","_EventCostDescription":"","_EventCurrencySymbol":"","_EventCurrencyCode":"","_EventCurrencyPosition":"","_EventDateTimeSeparator":"","_EventTimeRangeSeparator":"","_EventOrganizerID":[],"_EventVenueID":[],"_OrganizerEmail":"","_OrganizerPhone":"","_OrganizerWebsite":"","_VenueAddress":"","_VenueCity":"","_VenueCountry":"","_VenueProvince":"","_VenueState":"","_VenueZip":"","_VenuePhone":"","_VenueURL":"","_VenueStateProvince":"","_VenueLat":"","_VenueLng":"","_VenueShowMap":false,"_VenueShowMapLink":false,"footnotes":""},"class_list":["post-2095","page","type-page","status-publish","has-post-thumbnail","hentry"],"publishpress_future_action":{"enabled":false,"date":"2026-05-01 15:15:01","action":"change-status","newStatus":"draft","terms":[],"taxonomy":"","extraData":[]},"publishpress_future_workflow_manual_trigger":{"enabledWorkflows":[]},"_links":{"self":[{"href":"https:\/\/santamariadelmar.es\/gl\/wp-json\/wp\/v2\/pages\/2095","targetHints":{"allow":["GET"]}}],"collection":[{"href":"https:\/\/santamariadelmar.es\/gl\/wp-json\/wp\/v2\/pages"}],"about":[{"href":"https:\/\/santamariadelmar.es\/gl\/wp-json\/wp\/v2\/types\/page"}],"author":[{"embeddable":true,"href":"https:\/\/santamariadelmar.es\/gl\/wp-json\/wp\/v2\/users\/2"}],"replies":[{"embeddable":true,"href":"https:\/\/santamariadelmar.es\/gl\/wp-json\/wp\/v2\/comments?post=2095"}],"version-history":[{"count":3,"href":"https:\/\/santamariadelmar.es\/gl\/wp-json\/wp\/v2\/pages\/2095\/revisions"}],"predecessor-version":[{"id":8957,"href":"https:\/\/santamariadelmar.es\/gl\/wp-json\/wp\/v2\/pages\/2095\/revisions\/8957"}],"up":[{"embeddable":true,"href":"https:\/\/santamariadelmar.es\/gl\/wp-json\/wp\/v2\/pages\/57"}],"wp:featuredmedia":[{"embeddable":true,"href":"https:\/\/santamariadelmar.es\/gl\/wp-json\/wp\/v2\/media\/8943"}],"wp:attachment":[{"href":"https:\/\/santamariadelmar.es\/gl\/wp-json\/wp\/v2\/media?parent=2095"}],"curies":[{"name":"wp","href":"https:\/\/api.w.org\/{rel}","templated":true}]}}