{"id":2090,"date":"2025-10-28T13:42:54","date_gmt":"2025-10-28T12:42:54","guid":{"rendered":"https:\/\/santamariadelmar.es\/?page_id=2090"},"modified":"2026-02-10T09:31:18","modified_gmt":"2026-02-10T08:31:18","slug":"aviso-legal","status":"publish","type":"page","link":"https:\/\/santamariadelmar.es\/gl\/rgpd\/aviso-legal\/","title":{"rendered":"Aviso Legal"},"content":{"rendered":"<div class=\"wp-block-group is-layout-constrained wp-container-core-group-is-layout-4f9f0532 wp-block-group-is-layout-constrained\">\n<h2 class=\"wp-block-heading\">Identificaci\u00f3n e Titularidade<\/h2>\n\n\n\n<p>En cumprimento do artigo 10 da Lei 34\/2002, do 11 de xullo, de Servizos da Sociedade da Informaci\u00f3n e Comercio Electr\u00f3nico, o Titular exp\u00f3n os seus datos identificativos:<\/p>\n\n\n\n<ul class=\"wp-block-list\">\n<li><strong>Titular:<\/strong>\u00a0 Fundaci\u00f3n Educativa Xesu\u00edtas Noroeste.<\/li>\n\n\n\n<li><strong>NIF:<\/strong>\u00a0G56798226<\/li>\n\n\n\n<li><strong>Domicilio:<\/strong>\u00a0 C\/ Ruiz Hern\u00e1ndez 10, Valladolid \u2013 Espa\u00f1a.<\/li>\n\n\n\n<li><strong>Correo electr\u00f3nico:<\/strong>\u00a0 dpdNO@fejenoroeste.com<\/li>\n\n\n\n<li><strong>Sitio Web:<\/strong>\u00a0\u00a0<a href=\"https:\/\/santamariadelmar.es\/gl\/\">https:\/\/santamariadelmar.es<\/a><\/li>\n<\/ul>\n\n\n\n<h2 class=\"wp-block-heading\">Condici\u00f3ns de Uso<\/h2>\n\n\n\n<p>A utilizaci\u00f3n do Sitio Web out\u00f3rgalle a condici\u00f3n de Usuario, e implica a aceptaci\u00f3n completa de todas as cl\u00e1usulas e condici\u00f3ns de uso inclu\u00eddas nas p\u00e1xinas:<\/p>\n\n\n\n<ul class=\"wp-block-list\">\n<li><a href=\"https:\/\/santamariadelmar.es\/gl\/rgpd\/aviso-legal\/\">Aviso Legal<\/a><\/li>\n\n\n\n<li><a href=\"https:\/\/santamariadelmar.es\/gl\/rgpd\/politica-de-privacidad\/\">Pol\u00edtica de Privacidade<\/a><\/li>\n<\/ul>\n\n\n\n<p>Se non estivese conforme con todas e cada unha destas cl\u00e1usulas e condici\u00f3ns abste\u00f1ase de utilizar o Sitio Web.<\/p>\n\n\n\n<p>O acceso ao Sitio Web non sup\u00f3n, en ning\u00fan caso, o inicio dunha relaci\u00f3n comercial co Titular.<\/p>\n\n\n\n<p>A trav\u00e9s do Sitio Web, o Titular facil\u00edtalle o acceso e a utilizaci\u00f3n de diversos contidos que o Titular e\/ou os seus colaboradores publicaron por medio de Internet.<\/p>\n\n\n\n<p>A tal efecto, est\u00e1 obrigado e comprometido a NON utilizar calquera dos contidos do Sitio Web con fins ou efectos il\u00edcitos, prohibidos neste Aviso Legal ou pola lexislaci\u00f3n vixente, lesivos dos dereitos e intereses de terceiros, ou que de calquera forma poidan danar, inutilizar, sobrecargar, deteriorar ou impedir a normal utilizaci\u00f3n dos contidos, os equipos inform\u00e1ticos ou os documentos, arquivos e toda clase de contidos almacenados en calquera equipo inform\u00e1tico propios ou contratados polo Titular, doutros usuarios ou de calquera usuario de Internet.<\/p>\n\n\n\n<h2 class=\"wp-block-heading\">Medidas de seguridade<\/h2>\n\n\n\n<p>Os datos persoais que facilite ao Titular poden ser almacenados en bases de datos automatizadas ou non, cuxa titularidade corresponde en exclusiva ao Titular, que asume todas as medidas de \u00edndole t\u00e9cnica, organizativa e de seguridade que garantan a confidencialidade, integridade e calidade da informaci\u00f3n contida nas mesmas de acordo co establecido na normativa vixente en protecci\u00f3n de datos.<\/p>\n\n\n\n<p>Non obstante, debe ser consciente de que as medidas de seguridade dos sistemas inform\u00e1ticos en Internet non son enteramente fiables e que, por tanto, o Titular non pode garantir a inexistencia de virus ou outros elementos que poidan producir alteraci\u00f3ns nos sistemas inform\u00e1ticos (software e hardware) do Usuario ou nos seus documentos electr\u00f3nicos e ficheiros contidos nos mesmos, a\u00ednda que o Titular pon todos os medios necesarios e toma as medidas de seguridade oportunas para evitar a presenza destes elementos prexudiciais.<\/p>\n\n\n\n<h2 class=\"wp-block-heading\">Tratamento de Datos Persoais<\/h2>\n\n\n\n<p>Pode consultar toda a informaci\u00f3n relativa ao tratamento de datos persoais que recolle o Titular na p\u00e1xina de&nbsp;<a href=\"https:\/\/santamariadelmar.es\/gl\/rgpd\/politica-de-privacidad\/\">Pol\u00edtica de Privacidade<\/a>.<\/p>\n\n\n\n<h2 class=\"wp-block-heading\">Contidos<\/h2>\n\n\n\n<p>O Titular obtivo a informaci\u00f3n, o contido multimedia e os materiais inclu\u00eddos no Sitio Web de fontes que considera fiables, pero, a\u00ednda que tomou todas as medidas razoables para asegurar que a informaci\u00f3n contida \u00e9 correcta, o Titular non garante que sexa exacta, completa ou actualizada. O Titular declina expresamente calquera responsabilidade por erro ou omisi\u00f3n na informaci\u00f3n contida nas p\u00e1xinas do Sitio Web.<\/p>\n\n\n\n<p>Queda prohibido transmitir ou enviar a trav\u00e9s do Sitio Web calquera contido ilegal ou il\u00edcito, virus inform\u00e1ticos, ou mensaxes que, en xeral, afecten ou violen dereitos do Titular ou de terceiros.<\/p>\n\n\n\n<p>Os contidos do Sitio Web te\u00f1en unicamente unha finalidade informativa e baixo ningunha circunstancia deben usarse nin considerarse como oferta de venda, solicitude dunha oferta de compra nin recomendaci\u00f3n para realizar calquera outra operaci\u00f3n, salvo que as\u00ed se indique expresamente.<\/p>\n\n\n\n<p>O Titular res\u00e9rvase o dereito a modificar, suspender, cancelar ou restrinxir o contido do Sitio Web, os v\u00ednculos ou a informaci\u00f3n obtida a trav\u00e9s do Sitio Web, sen necesidade de previo aviso.<\/p>\n\n\n\n<p>O Titular non \u00e9 responsable dos danos e prexu\u00edzos que poidan derivarse da utilizaci\u00f3n da informaci\u00f3n do Sitio Web ou da contida nas redes sociais do Titular.<\/p>\n\n\n\n<h2 class=\"wp-block-heading\">Pol\u00edtica de cookies<\/h2>\n\n\n\n<p>O Titular obt\u00e9n e conserva a seguinte informaci\u00f3n acerca dos visitantes do Sitio Web:<\/p>\n\n\n\n<ul class=\"wp-block-list\">\n<li>O nome de dominio do provedor (PSI) e\/ou enderezo IP que lles d\u00e1 acceso \u00e1 rede.<\/li>\n\n\n\n<li>A data e hora de acceso ao Sitio Web.<\/li>\n\n\n\n<li>O enderezo de Internet de orixe do enlace que dirixe ao Sitio Web.<\/li>\n\n\n\n<li>O n\u00famero de visitantes diarios de cada secci\u00f3n.<\/li>\n\n\n\n<li>A informaci\u00f3n obtida \u00e9 totalmente an\u00f3nima, e en ning\u00fan caso pode ser asociada a un Usuario concreto e identificado.<\/li>\n<\/ul>\n\n\n\n<h2 class=\"wp-block-heading\">Enlaces a outros sitios Web<\/h2>\n\n\n\n<p>O Titular pode proporcionarlle acceso a sitios Web de terceiros mediante enlaces coa finalidade exclusiva de informar sobre a existencia doutras fontes de informaci\u00f3n en Internet nas que poder\u00e1 ampliar os datos ofrecidos no Sitio Web.<\/p>\n\n\n\n<p>Estes enlaces a outros sitios Web non supo\u00f1en en ning\u00fan caso unha suxesti\u00f3n ou recomendaci\u00f3n para que vostede visite as p\u00e1xinas web de destino, que est\u00e1n f\u00f3ra do control do Titular, polo que o Titular non \u00e9 responsable do contido dos sitios web vinculados nin do resultado que obte\u00f1a ao seguir os enlaces. As\u00ed mesmo, o Titular non responde dos links ou enlaces situados nos sitios web vinculados aos que lle proporciona acceso.<\/p>\n\n\n\n<p>O establecemento do enlace non implica en ning\u00fan caso a existencia de relaci\u00f3ns entre o Titular e o propietario do sitio no que se estableza o enlace, nin a aceptaci\u00f3n ou aprobaci\u00f3n por parte do Titular dos seus contidos ou servizos.<\/p>\n\n\n\n<p>Se accede a un sitio web externo desde un enlace que atope no Sitio Web vostede deber\u00e1 ler a propia pol\u00edtica de privacidade do outro sitio web, que pode ser diferente da deste Sitio Web.<\/p>\n\n\n\n<h2 class=\"wp-block-heading\">Propiedade intelectual e industrial<\/h2>\n\n\n\n<p>Todos os dereitos est\u00e1n reservados.<\/p>\n\n\n\n<p>Todo acceso a este Sitio Web est\u00e1 suxeito \u00e1s seguintes condici\u00f3ns: a reproduci\u00f3n, almacenamento permanente e a difusi\u00f3n dos contidos ou calquera outro uso que te\u00f1a finalidade p\u00fablica ou comercial queda expresamente prohibida sen o consentimento previo expreso e por escrito do Titular.<\/p>\n\n\n\n<h2 class=\"wp-block-heading\">Limitaci\u00f3n de responsabilidade<\/h2>\n\n\n\n<p>A informaci\u00f3n e os servizos inclu\u00eddos ou dispo\u00f1ibles a trav\u00e9s do Sitio Web poden inclu\u00edr incorrecci\u00f3ns ou erros tipogr\u00e1ficos. De forma peri\u00f3dica o Titular incorpora melloras e\/ou cambios \u00e1 informaci\u00f3n contida e\/ou aos Servizos que pode introducir en calquera momento.<\/p>\n\n\n\n<p>O Titular non declara nin garante que os servizos ou contidos estean interrompidos ou que estean libres de erros, que os defectos sexan corrixidos, ou que o servizo ou o servidor que o pon \u00e1 disposici\u00f3n estean libres de virus ou outros compo\u00f1entes nocivos, sen prexu\u00edzo de que o Titular realiza todos os esforzos para evitar este tipo de incidentes.<\/p>\n\n\n\n<p>O Titular declina calquera responsabilidade no caso de que existan interrupci\u00f3ns ou un mal funcionamento dos Servizos ou contidos ofrecidos en Internet, calquera que sexa a s\u00faa causa. As\u00ed mesmo, o Titular non se fai responsable por ca\u00eddas da rede, perdas de negocio como consecuencia de dichas ca\u00eddas, suspensi\u00f3ns temporais de flu\u00eddo el\u00e9ctrico ou calquera outro tipo de dano indirecto que lle poida ser causado por causas alleas ao Titular.<\/p>\n\n\n\n<p>Antes de tomar decisi\u00f3ns e\/ou acci\u00f3ns con base na informaci\u00f3n inclu\u00edda no Sitio Web, o Titular recom\u00e9ndalle comprobar e contrastar a informaci\u00f3n recibida con outras fontes.<\/p>\n\n\n\n<h2 class=\"wp-block-heading\">Xurisdicci\u00f3n<\/h2>\n\n\n\n<p>Este Aviso Legal r\u00e9xese \u00edntegramente pola lexislaci\u00f3n espa\u00f1ola.<\/p>\n\n\n\n<p>Sempre que non haxa unha norma que obrigue a outra cousa, para cantas cuesti\u00f3ns se susciten sobre a interpretaci\u00f3n, aplicaci\u00f3n e cumprimento deste Aviso Legal, as\u00ed como das reclamaci\u00f3ns que poidan derivarse do seu uso, as partes acordan someterse aos Xulgados e Tribunais da provincia de Valladolid, con renuncia expresa de calquera outra xurisdici\u00f3n que lles puidese corresponder.<\/p>\n\n\n\n<h2 class=\"wp-block-heading\">Contacto<\/h2>\n\n\n\n<p>No caso de que vostede te\u00f1a calquera d\u00fabida acerca deste Aviso Legal ou queira realizar calquera comentario sobre o Sitio Web, pode enviar unha mensaxe de correo electr\u00f3nico \u00e1 direcci\u00f3n: dpdNO@fejenoroeste.com<\/p>\n\n\n\n<p>As presentes Condici\u00f3ns Xerais te\u00f1en por obxecto regular as condici\u00f3ns de uso do sitio web https:\/\/santamariadelmar.es (en adiante, \u201ca web\u201d), cuxo titular \u00e9 COLEXIO SANTA MAR\u00cdA DEL MAR, (en adiante CSMM), con CIF R1500012H, domicilio en Avenida do Pasaxe 69, 15006 de A Coru\u00f1a e inscrita no Rexistro de Entidades Relixiosas co n\u00famero 004250, centro autorizado por orde ministerial do 30 de xaneiro de 1967 e co que se pode po\u00f1er en contacto a trav\u00e9s dos correos electr\u00f3nicos&nbsp;<a href=\"mailto:afragabrum@csmm.es\">afragabrum@csmm.es<\/a>&nbsp;e&nbsp;<a href=\"mailto:direccion@csmm.es\">direccion@csmm.es<\/a>&nbsp;e do tel\u00e9fono +34 981 283 000.<\/p>\n\n\n\n<p><strong>1. Condici\u00f3ns de acceso<\/strong><\/p>\n\n\n\n<p>A finalidade desta web \u00e9 facilitar informaci\u00f3n sobre os nosos servizos e actividades. A s\u00faa utilizaci\u00f3n sup\u00f3n a aceptaci\u00f3n plena por parte do usuario destas condici\u00f3ns, polo que se non est\u00e1 de acordo co contido das mesmas deber\u00e1 abste\u00f1erse de facer uso da web, as\u00ed como dos servizos ofrecidos nela. CSMM res\u00e9rvase o dereito a efectuar as modificaci\u00f3ns que estime oportunas, podendo modificar, suprimir ou inclu\u00edr, sen previo aviso, novos contidos e\/ou servizos, as\u00ed como a forma en que estes aparezan presentados e localizados e as condici\u00f3ns de uso da web.<\/p>\n\n\n\n<p>O usuario acepta que o acceso e uso da web e dos contidos inclu\u00eddos na mesma ten lugar libre e conscientemente, baixo a s\u00faa exclusiva responsabilidade, e en consecuencia comprom\u00e9tese a:<\/p>\n\n\n\n<ul class=\"wp-block-list\">\n<li>Non utilizar a web para a realizaci\u00f3n de actividades contrarias \u00e1 lei, \u00e1 moral, ao orde p\u00fablico, en xeral, e facer un uso l\u00edcito e honrado conforme \u00e1s presentes Condici\u00f3ns Xerais, as\u00ed como abste\u00f1erse de realizar calquera acto que puidese danar, inutilizar, sobrecargar ou deteriorar a web e\/ou impedir o normal uso e utilizaci\u00f3n por parte do resto de usuarios.<\/li>\n\n\n\n<li>Non manipular ou alterar calquera contido da web sen o consentimento expreso e por escrito do seu titular. Calquera alteraci\u00f3n, modificaci\u00f3n ou manipulaci\u00f3n sen o consentimento do seu titular, exime a este de calquera responsabilidade.<\/li>\n\n\n\n<li>Non reproducir, copiar, distribu\u00edr, comunicar p\u00fablicamente, transformar ou modificar os contidos, a menos que se conte coa preceptiva autorizaci\u00f3n do titular dos correspondentes dereitos ou isto resulte legalmente permitido; as\u00ed como suprimir, eludir ou manipular o Copyright e demais datos identificativos dos dereitos de CSMM ou dos seus titulares incorporados aos contidos, as\u00ed como os dispositivos t\u00e9cnicos de protecci\u00f3n, ou calquera mecanismo de informaci\u00f3n que puidesen conter os referidos contidos.<\/li>\n\n\n\n<li>Non introducir ou difundir na web, programas de datos (virus ou calquera tipo de software de car\u00e1cter nocivo) susceptibles de provocar danos na web.<\/li>\n<\/ul>\n\n\n\n<p>CSMM non garante a dispo\u00f1ibilidade e continuidade da web nin se fai responsable de calquera dano e prexu\u00edzo que poidan producirse, nin dos defectos t\u00e9cnicos, inclu\u00eddos virus ou outros elementos prexudiciais, calquera que sexa a s\u00faa natureza, derivados do uso da informaci\u00f3n e dos materiais contidos na web.<\/p>\n\n\n\n<p><strong>2. Uso de cookies<\/strong><\/p>\n\n\n\n<p>Co obxecto de prestar un mellor servizo, CSMM pode almacenar no ordenador do usuario pequenos ficheiros de informaci\u00f3n denominados cookies, utilizados para o correcto funcionamento dalg\u00fans dos servizos que se ofrecen, as\u00ed como para realizar estat\u00edsticas de uso, diagnosticar problemas na web, e para a administraci\u00f3n dalg\u00fans dos servizos ofrecidos. Para limitar ou restrinxir a admisi\u00f3n de cookies no seu equipo, o usuario pode configurar o seu navegador para estes efectos. Para m\u00e1is informaci\u00f3n, por favor visite a nosa&nbsp;<a href=\"https:\/\/santamariadelmar.es\/gl\/?page_id=26892\">Pol\u00edtica de cookies<\/a>.<\/p>\n\n\n\n<p><strong>3. Responsabilidades<\/strong><\/p>\n\n\n\n<p>O usuario responder\u00e1 dos danos e prexu\u00edzos de toda natureza que CSMM ou calquera terceiro poida sufrir como consecuencia do incumprimento de calquera das obrigas \u00e1s que queda sometido polas presentes Condici\u00f3ns Xerais.<\/p>\n\n\n\n<p>CSMM non asume ningunha responsabilidade nin realiza ning\u00fan control sobre os posibles enlaces que conte\u00f1a a web a contidos externos \u00e1 mesma; non obstante, retirar\u00e1 aqueles enlaces que incl\u00faan contidos il\u00edcitos tan pronto como poida telo co\u00f1ecido.<\/p>\n\n\n\n<p><strong>4. Propiedade Intelectual e Industrial<\/strong><\/p>\n\n\n\n<p>O usuario reco\u00f1ece que todos os contidos da web e, en concreto, de toda a informaci\u00f3n e materiais, a estrutura, selecci\u00f3n, ordenaci\u00f3n e prestaci\u00f3n dos seus contidos, programas e desenvolvemento de aplicaci\u00f3ns utilizados en relaci\u00f3n con eles, est\u00e1n protexidos por dereitos de propiedade intelectual e industrial pertencentes ao titular da web ou, no seu caso, a terceiros.<\/p>\n\n\n\n<p>En ning\u00fan caso o acceso aos mesmos ou a s\u00faa utilizaci\u00f3n por parte do usuario implicar\u00e1 ning\u00fan tipo de renuncia, transmisi\u00f3n ou cesi\u00f3n total nin parcial destes dereitos, nin confire ning\u00fan dereito de utilizaci\u00f3n, alteraci\u00f3n, explotaci\u00f3n, reproduci\u00f3n, distribuci\u00f3n ou comunicaci\u00f3n p\u00fablica sobre dichos contidos sen a previa e expresa autorizaci\u00f3n especificamente outorgada a tal efecto por parte de CSMM ou do terceiro titular dos dereitos afectados.<\/p>\n\n\n\n<p>CSMM \u00e9 titular dos elementos que integran o dese\u00f1o gr\u00e1fico da s\u00faa web, logotipo, men\u00fas, bot\u00f3ns de navegaci\u00f3n, o c\u00f3digo, os textos, imaxes, texturas, gr\u00e1ficos e calquera outro contido da p\u00e1xina web ou, noutros casos, disp\u00f3n da correspondente autorizaci\u00f3n para a utilizaci\u00f3n destes elementos.<\/p>\n\n\n\n<p>Todas as marcas, nomes comerciais ou signos distintivos mostrados nesta p\u00e1xina son propiedade de CSMM e\/ou de terceiras empresas. Proh\u00edbese usalos ou descargalos permanentemente, copialos ou distribu\u00edlos por calquera medio sen o preceptivo consentimento do seu titular.<\/p>\n\n\n\n<p>No caso de que calquera usuario ou un terceiro considere que calquera dos contidos foi introducido na web con violaci\u00f3n dos seus dereitos de Propiedade Intelectual ou Industrial deber\u00e1 enviar unha notificaci\u00f3n a CSMM identific\u00e1ndose a si mesmo e ao titular dos dereitos de propiedade intelectual ou industrial supostamente infringidos, achegando t\u00edtulo ou acreditaci\u00f3n da representaci\u00f3n dos mencionados dereitos.<\/p>\n\n\n\n<p><strong>5. Protecci\u00f3n de datos<\/strong><\/p>\n\n\n\n<p>Para obter informaci\u00f3n acerca do uso dos seus datos, consulte a nosa&nbsp;<a href=\"https:\/\/santamariadelmar.es\/gl\/?page_id=19782\">Politica de privacidade<\/a>.<\/p>\n\n\n\n<p><strong>6. Confidencialidade<\/strong><\/p>\n\n\n\n<p>Toda informaci\u00f3n que calquera das partes comunique ou facilite \u00e1 outra ou \u00e1 que te\u00f1an acceso calquera delas, ser\u00e1 considerada confidencial e non poder\u00e1 ser divulgada, mostrada, reproducida, copiada, discutida con terceiros, nin empregada por ningunha das partes para fins alleos aos que motivaron a s\u00faa comunicaci\u00f3n.<\/p>\n\n\n\n<p><strong>7. Lexislaci\u00f3n aplicable e xurisdicci\u00f3n<\/strong><\/p>\n\n\n\n<p>As presentes Condici\u00f3ns Xerais rexiranse polo disposto na lexislaci\u00f3n espa\u00f1ola. Para cantas cuesti\u00f3ns puidesen suscitarse entre as partes en relaci\u00f3n coa interpretaci\u00f3n e execuci\u00f3n do presente documento, ambas as partes acordan de forma expresa e con renuncia de calquera outro foro que lles puidese corresponder, \u00e1 xurisdici\u00f3n dos Xulgados e Tribunais de A Coru\u00f1a.<\/p>\n\n\n\n<p>\u00a9 Copyright 2022 Colexio Santa Mar\u00eda do Mar. Todos os dereitos reservados. 11 de marzo de 2022.<\/p>\n<\/div>","protected":false},"excerpt":{"rendered":"<p>Identificaci\u00f3n y Titularidad En cumplimiento del art\u00edculo 10 de la Ley 34\/2002, de 11 de julio, de Servicios de la Sociedad de la Informaci\u00f3n y Comercio Electr\u00f3nico, el Titular expone [&hellip;]<\/p>\n","protected":false},"author":2,"featured_media":0,"parent":57,"menu_order":1,"comment_status":"closed","ping_status":"closed","template":"pagina-basica","meta":{"_EventAllDay":false,"_EventTimezone":"","_EventStartDate":"","_EventEndDate":"","_EventStartDateUTC":"","_EventEndDateUTC":"","_EventShowMap":false,"_EventShowMapLink":false,"_EventURL":"","_EventCost":"","_EventCostDescription":"","_EventCurrencySymbol":"","_EventCurrencyCode":"","_EventCurrencyPosition":"","_EventDateTimeSeparator":"","_EventTimeRangeSeparator":"","_EventOrganizerID":[],"_EventVenueID":[],"_OrganizerEmail":"","_OrganizerPhone":"","_OrganizerWebsite":"","_VenueAddress":"","_VenueCity":"","_VenueCountry":"","_VenueProvince":"","_VenueState":"","_VenueZip":"","_VenuePhone":"","_VenueURL":"","_VenueStateProvince":"","_VenueLat":"","_VenueLng":"","_VenueShowMap":false,"_VenueShowMapLink":false,"footnotes":""},"class_list":["post-2090","page","type-page","status-publish","hentry"],"publishpress_future_action":{"enabled":false,"date":"2026-05-01 18:04:19","action":"change-status","newStatus":"draft","terms":[],"taxonomy":"","extraData":[]},"publishpress_future_workflow_manual_trigger":{"enabledWorkflows":[]},"_links":{"self":[{"href":"https:\/\/santamariadelmar.es\/gl\/wp-json\/wp\/v2\/pages\/2090","targetHints":{"allow":["GET"]}}],"collection":[{"href":"https:\/\/santamariadelmar.es\/gl\/wp-json\/wp\/v2\/pages"}],"about":[{"href":"https:\/\/santamariadelmar.es\/gl\/wp-json\/wp\/v2\/types\/page"}],"author":[{"embeddable":true,"href":"https:\/\/santamariadelmar.es\/gl\/wp-json\/wp\/v2\/users\/2"}],"replies":[{"embeddable":true,"href":"https:\/\/santamariadelmar.es\/gl\/wp-json\/wp\/v2\/comments?post=2090"}],"version-history":[{"count":3,"href":"https:\/\/santamariadelmar.es\/gl\/wp-json\/wp\/v2\/pages\/2090\/revisions"}],"predecessor-version":[{"id":8938,"href":"https:\/\/santamariadelmar.es\/gl\/wp-json\/wp\/v2\/pages\/2090\/revisions\/8938"}],"up":[{"embeddable":true,"href":"https:\/\/santamariadelmar.es\/gl\/wp-json\/wp\/v2\/pages\/57"}],"wp:attachment":[{"href":"https:\/\/santamariadelmar.es\/gl\/wp-json\/wp\/v2\/media?parent=2090"}],"curies":[{"name":"wp","href":"https:\/\/api.w.org\/{rel}","templated":true}]}}