{"id":20,"date":"2025-10-27T09:47:54","date_gmt":"2025-10-27T08:47:54","guid":{"rendered":"https:\/\/santamariadelmar.es\/?page_id=20"},"modified":"2026-02-12T11:22:55","modified_gmt":"2026-02-12T10:22:55","slug":"caracter-propio","status":"publish","type":"page","link":"https:\/\/santamariadelmar.es\/gl\/nuestro-colegio\/caracter-propio\/","title":{"rendered":"Car\u00e1cter propio"},"content":{"rendered":"<div class=\"wp-block-group is-layout-constrained wp-container-core-group-is-layout-12243e0f wp-block-group-is-layout-constrained\">\n<h2 class=\"wp-block-heading has-bitter-font-family\">Santa Mar\u00eda do Mar como centro da Compa\u00f1\u00eda de Xes\u00fas<\/h2>\n\n\n\n<p class=\"has-open-sans-font-family\">Santa Mar\u00eda do Mar est\u00e1 integrado na&nbsp;<strong>rede educativa da Compa\u00f1\u00eda de Xes\u00fas<\/strong>. Todos os seus centros insp\u00edranse na experiencia de San Ignacio de Loyola e procuran traducila nun xeito propio de educar. As\u00ed, en primeiro lugar, nunha experiencia cristiana. Ignacio de Loyola parte dunha vivencia persoal de Xes\u00fas como ser humano e, por esa raz\u00f3n, nada do que \u00e9 humano se pode exclu\u00edr como profano.&nbsp;<strong>O Colexio quere que os seus alumnos desenvolvan ao m\u00e1ximo as s\u00faas capacidades humanas, f\u00edsicas, intelectuais, art\u00edsticas e t\u00e9cnicas<\/strong>; que saiban pensar; que sexan cr\u00edticos; que dominen as t\u00e9cnicas; que te\u00f1an, nunha palabra, as claves que lles permitan ler o tempo que lles tocou vivir.<\/p>\n\n\n\n<p class=\"has-open-sans-font-family\">En segundo lugar, \u00e9 unha\u00a0<strong>experiencia de liberdade interior<\/strong>. A reflexi\u00f3n sobre a s\u00faa existencia levou a Ignacio a decatarse de que servir a Deus, aos demais e ao mundo esixe unha persoa interiormente libre. Por iso, no Colexio procuramos educar aos nosos alumnos no\u00a0<strong>saber discernir e tomar decisi\u00f3ns<\/strong>\u00a0co esp\u00edrito libre; na aceptaci\u00f3n de si mesmos e dos demais tal como son; en facer posible o seu desenvolvemento como persoas que se constr\u00faen desde dentro de si, que se valoran pola forza e calidade dos seus motivos, das s\u00faas raz\u00f3ns para vivir. A experiencia pedag\u00f3xica xesu\u00edtica require discernimento, \u00e9 dicir, reflexi\u00f3n sobre o vivido sacando as conclusi\u00f3ns pertinentes ou introducindo adaptaci\u00f3ns nos seus xeitos de servir mellor al\u00ed onde haxa m\u00e1is necesidades.<\/p>\n\n\n\n<p class=\"has-open-sans-font-family\">Na vida de Santa Mar\u00eda do Mar realizamos este discernimento na avaliaci\u00f3n do que facemos, dos m\u00e9todos, da pedagox\u00eda, e de todos aqueles elementos do ambiente escolar, para descubrir os medios que mellor nos axuden a acadar os obxectivos da nosa tarefa educativa.<\/p>\n\n\n\n<p class=\"has-open-sans-font-family\">Ademais, esta experiencia ignaciana leva consigo&nbsp;<strong>impulso radical de comunicaci\u00f3n e de servizo aos demais<\/strong>. Santa Mar\u00eda do Mar, como calquera outro centro educativo da Compa\u00f1\u00eda de Xes\u00fas, non ter\u00eda sentido se non procurase que os seus alumnos vivan e sexan para e con os demais; que busquen o m\u00e1ximo desenvolvemento da s\u00faa personalidade, non en competici\u00f3n cos outros sen\u00f3n en solidariedade con eles; que sexan sensibles a calquera forma de deshumanizaci\u00f3n e inxustiza e que act\u00faen en consecuencia.<\/p>\n<\/div>\n\n\n\n<div class=\"wp-block-group is-layout-constrained wp-container-core-group-is-layout-610dbaf7 wp-block-group-is-layout-constrained\" style=\"margin-top:var(--wp--preset--spacing--80);margin-bottom:var(--wp--preset--spacing--80)\">\n<div class=\"wp-block-group is-nowrap is-layout-flex wp-container-core-group-is-layout-6c531013 wp-block-group-is-layout-flex\">\n<div class=\"wp-block-group has-border-color has-extra-primary-border-color has-primary-background-color has-background is-vertical is-content-justification-left is-layout-flex wp-container-core-group-is-layout-d37e1b28 wp-block-group-is-layout-flex\" style=\"border-width:2px;border-radius:14px;margin-top:var(--wp--preset--spacing--50);margin-bottom:var(--wp--preset--spacing--50);padding-top:var(--wp--preset--spacing--50);padding-right:var(--wp--preset--spacing--50);padding-bottom:var(--wp--preset--spacing--50);padding-left:var(--wp--preset--spacing--50)\">\n<figure class=\"wp-block-image size-full is-resized\"><img loading=\"lazy\" decoding=\"async\" width=\"1000\" height=\"1000\" src=\"https:\/\/santamariadelmar.es\/wp-content\/uploads\/2025\/10\/globe_location_pin_1000dp_CFDAE0_FILL0_wght400_GRAD0_opsz48.png\" alt=\"\" class=\"wp-image-1571\" style=\"width:64px\" srcset=\"https:\/\/santamariadelmar.es\/wp-content\/uploads\/2025\/10\/globe_location_pin_1000dp_CFDAE0_FILL0_wght400_GRAD0_opsz48.png 1000w, https:\/\/santamariadelmar.es\/wp-content\/uploads\/2025\/10\/globe_location_pin_1000dp_CFDAE0_FILL0_wght400_GRAD0_opsz48-540x540.png 540w, https:\/\/santamariadelmar.es\/wp-content\/uploads\/2025\/10\/globe_location_pin_1000dp_CFDAE0_FILL0_wght400_GRAD0_opsz48-270x270.png 270w, https:\/\/santamariadelmar.es\/wp-content\/uploads\/2025\/10\/globe_location_pin_1000dp_CFDAE0_FILL0_wght400_GRAD0_opsz48-768x768.png 768w\" sizes=\"auto, (max-width: 1000px) 100vw, 1000px\" \/><\/figure>\n\n\n\n<h2 class=\"wp-block-heading has-extra-primary-color has-text-color has-bitter-font-family\">MISI\u00d3N<\/h2>\n\n\n\n<p class=\"has-foreground-color has-text-color has-link-color has-open-sans-font-family has-small-font-size wp-elements-7c801f3c9f199db239560c77e762c30f\" style=\"padding-top:0;padding-right:0;padding-bottom:0;padding-left:0\">Santa Mar\u00eda do Mar \u00e9 un&nbsp;<strong>centro educativo da Compa\u00f1\u00eda de Xes\u00fas<\/strong>, privado e concertado cuxo obxectivo \u00e9 alcanzar a&nbsp;<strong>formaci\u00f3n integral<\/strong>&nbsp;(acad\u00e9mica e humano-cristi\u00e1) dos nosos alumnos, co fin de axudalos a ser homes e mulleres conscientes, competentes, compasivos e comprometidos, en actitudes e feitos, no servizo aos demais.<\/p>\n<\/div>\n\n\n\n<figure class=\"wp-block-image aligncenter size-large has-custom-border\"><img loading=\"lazy\" decoding=\"async\" width=\"2560\" height=\"1756\" src=\"https:\/\/santamariadelmar.es\/wp-content\/uploads\/2025\/12\/DSC_0662-edited-scaled.jpg\" alt=\"\" class=\"wp-image-4163\" style=\"border-top-left-radius:10px;border-top-right-radius:10px;border-bottom-left-radius:10px;border-bottom-right-radius:10px;aspect-ratio:3\/2;object-fit:cover\" srcset=\"https:\/\/santamariadelmar.es\/wp-content\/uploads\/2025\/12\/DSC_0662-edited-scaled.jpg 2560w, https:\/\/santamariadelmar.es\/wp-content\/uploads\/2025\/12\/DSC_0662-edited-540x370.jpg 540w, https:\/\/santamariadelmar.es\/wp-content\/uploads\/2025\/12\/DSC_0662-edited-1080x741.jpg 1080w, https:\/\/santamariadelmar.es\/wp-content\/uploads\/2025\/12\/DSC_0662-edited-768x527.jpg 768w, https:\/\/santamariadelmar.es\/wp-content\/uploads\/2025\/12\/DSC_0662-edited-1536x1054.jpg 1536w, https:\/\/santamariadelmar.es\/wp-content\/uploads\/2025\/12\/DSC_0662-edited-2048x1405.jpg 2048w\" sizes=\"auto, (max-width: 2560px) 100vw, 2560px\" \/><\/figure>\n<\/div>\n\n\n\n<div class=\"wp-block-group is-nowrap is-layout-flex wp-container-core-group-is-layout-6c531013 wp-block-group-is-layout-flex\">\n<figure class=\"wp-block-image size-full has-custom-border\"><img loading=\"lazy\" decoding=\"async\" width=\"2560\" height=\"1568\" src=\"https:\/\/santamariadelmar.es\/wp-content\/uploads\/2025\/12\/IMG_5748-scaled.jpg\" alt=\"\" class=\"wp-image-4175\" style=\"border-top-left-radius:10px;border-top-right-radius:10px;border-bottom-left-radius:10px;border-bottom-right-radius:10px;aspect-ratio:3\/2;object-fit:cover\" srcset=\"https:\/\/santamariadelmar.es\/wp-content\/uploads\/2025\/12\/IMG_5748-scaled.jpg 2560w, https:\/\/santamariadelmar.es\/wp-content\/uploads\/2025\/12\/IMG_5748-540x331.jpg 540w, https:\/\/santamariadelmar.es\/wp-content\/uploads\/2025\/12\/IMG_5748-1080x662.jpg 1080w, https:\/\/santamariadelmar.es\/wp-content\/uploads\/2025\/12\/IMG_5748-768x470.jpg 768w, https:\/\/santamariadelmar.es\/wp-content\/uploads\/2025\/12\/IMG_5748-1536x941.jpg 1536w, https:\/\/santamariadelmar.es\/wp-content\/uploads\/2025\/12\/IMG_5748-2048x1255.jpg 2048w\" sizes=\"auto, (max-width: 2560px) 100vw, 2560px\" \/><\/figure>\n\n\n\n<div class=\"wp-block-group has-border-color has-extra-primary-border-color is-vertical is-content-justification-left is-layout-flex wp-container-core-group-is-layout-d37e1b28 wp-block-group-is-layout-flex\" style=\"border-width:2px;border-radius:14px;margin-top:var(--wp--preset--spacing--50);margin-bottom:var(--wp--preset--spacing--50);padding-top:var(--wp--preset--spacing--50);padding-right:var(--wp--preset--spacing--50);padding-bottom:var(--wp--preset--spacing--50);padding-left:var(--wp--preset--spacing--50)\">\n<figure class=\"wp-block-image size-full is-resized\"><img loading=\"lazy\" decoding=\"async\" width=\"1000\" height=\"1000\" src=\"https:\/\/santamariadelmar.es\/wp-content\/uploads\/2025\/10\/diversity_3_1000dp_CFDAE0_FILL0_wght400_GRAD0_opsz48.png\" alt=\"\" class=\"wp-image-1573\" style=\"width:64px\" srcset=\"https:\/\/santamariadelmar.es\/wp-content\/uploads\/2025\/10\/diversity_3_1000dp_CFDAE0_FILL0_wght400_GRAD0_opsz48.png 1000w, https:\/\/santamariadelmar.es\/wp-content\/uploads\/2025\/10\/diversity_3_1000dp_CFDAE0_FILL0_wght400_GRAD0_opsz48-540x540.png 540w, https:\/\/santamariadelmar.es\/wp-content\/uploads\/2025\/10\/diversity_3_1000dp_CFDAE0_FILL0_wght400_GRAD0_opsz48-270x270.png 270w, https:\/\/santamariadelmar.es\/wp-content\/uploads\/2025\/10\/diversity_3_1000dp_CFDAE0_FILL0_wght400_GRAD0_opsz48-768x768.png 768w\" sizes=\"auto, (max-width: 1000px) 100vw, 1000px\" \/><\/figure>\n\n\n\n<h2 class=\"wp-block-heading has-extra-primary-color has-text-color has-bitter-font-family\">VISI\u00d3N<\/h2>\n\n\n\n<p class=\"has-open-sans-font-family has-small-font-size\" style=\"padding-top:0;padding-right:0;padding-bottom:0;padding-left:0\">O colexio quere avanzar, cada vez m\u00e1is, como comunidade educativa de servizo aos alumnos, con especial atenci\u00f3n aos que m\u00e1is o necesiten, aos seus pais, \u00e1 sociedade e \u00e1 Igrexa. E quere facelo desde a coherencia crecente cos principios cristi\u00e1n-ignacianos que lle dan sentido: a&nbsp;<strong>excelencia acad\u00e9mica e a excelencia en valores humano-cristi\u00e1ns para servir aos demais<\/strong>, sen ning\u00fan tipo de discriminaci\u00f3n e&nbsp;<strong>con preferencia polos que padecen alg\u00fan tipo de desvantaxe<\/strong>, e as\u00ed contribuir \u00e1&nbsp;<strong>transformaci\u00f3n da sociedade nun lugar m\u00e1is xusto, m\u00e1is pac\u00edfico, m\u00e1is fraterno e m\u00e1is libre<\/strong>.<\/p>\n<\/div>\n<\/div>\n\n\n\n<div class=\"wp-block-group has-border-color has-extra-primary-border-color has-primary-background-color has-background is-vertical is-content-justification-left is-layout-flex wp-container-core-group-is-layout-d37e1b28 wp-block-group-is-layout-flex\" style=\"border-width:2px;border-radius:14px;margin-top:var(--wp--preset--spacing--50);margin-bottom:var(--wp--preset--spacing--50);padding-top:var(--wp--preset--spacing--50);padding-right:var(--wp--preset--spacing--50);padding-bottom:var(--wp--preset--spacing--50);padding-left:var(--wp--preset--spacing--50)\">\n<figure class=\"wp-block-image size-full is-resized\"><img loading=\"lazy\" decoding=\"async\" width=\"1000\" height=\"1000\" src=\"https:\/\/santamariadelmar.es\/wp-content\/uploads\/2025\/10\/circle_circle_1000dp_CFDAE0_FILL0_wght400_GRAD0_opsz48.png\" alt=\"\" class=\"wp-image-1572\" style=\"width:64px\" srcset=\"https:\/\/santamariadelmar.es\/wp-content\/uploads\/2025\/10\/circle_circle_1000dp_CFDAE0_FILL0_wght400_GRAD0_opsz48.png 1000w, https:\/\/santamariadelmar.es\/wp-content\/uploads\/2025\/10\/circle_circle_1000dp_CFDAE0_FILL0_wght400_GRAD0_opsz48-540x540.png 540w, https:\/\/santamariadelmar.es\/wp-content\/uploads\/2025\/10\/circle_circle_1000dp_CFDAE0_FILL0_wght400_GRAD0_opsz48-270x270.png 270w, https:\/\/santamariadelmar.es\/wp-content\/uploads\/2025\/10\/circle_circle_1000dp_CFDAE0_FILL0_wght400_GRAD0_opsz48-768x768.png 768w\" sizes=\"auto, (max-width: 1000px) 100vw, 1000px\" \/><\/figure>\n\n\n\n<h2 class=\"wp-block-heading has-extra-primary-color has-text-color has-bitter-font-family\">VALORES<\/h2>\n\n\n\n<p class=\"has-foreground-color has-text-color has-link-color has-open-sans-font-family has-small-font-size wp-elements-12f5c40aa7cdc844593e1f6463701ff7\" style=\"padding-top:0;padding-right:0;padding-bottom:0;padding-left:0\"><strong>O colexio:<\/strong><\/p>\n\n\n\n<ol style=\"margin-top:var(--wp--preset--spacing--20);margin-bottom:var(--wp--preset--spacing--60);padding-top:0;padding-right:var(--wp--preset--spacing--70);padding-bottom:0;padding-left:var(--wp--preset--spacing--70)\" class=\"wp-block-list has-foreground-color has-text-color has-link-color has-open-sans-font-family has-small-font-size wp-elements-22a9bf10b03364dd1c235396902b4769\">\n<li class=\"has-small-font-size\">Busca a&nbsp;<strong>excelencia&nbsp;<\/strong>de sus alumnos<strong>&nbsp;no acad\u00e9mico e no humano-cristi\u00e1n<\/strong>.<\/li>\n\n\n\n<li>Busca educar dende un<strong>&nbsp;liderzgo de servizo<\/strong>&nbsp;no traballo.<\/li>\n\n\n\n<li style=\"padding-top:0;padding-bottom:0\">Traballa en equipo, promovendo o&nbsp;<strong>di\u00e1logo e a participaci\u00f3n<\/strong>.<\/li>\n\n\n\n<li>Promove unha cultura de paz no&nbsp;<strong>respeto \u00e1 pluralidade<\/strong>&nbsp;e a diferenza.<\/li>\n\n\n\n<li>Fomenta a formaci\u00f3n no&nbsp;<strong>desenvolvemento persoal e humano-cristi\u00e1n<\/strong>.<\/li>\n\n\n\n<li>Vive a honestidade como expresi\u00f3n de<strong>&nbsp;coherencia<\/strong>&nbsp;do que \u00e9 e do que fai.<\/li>\n\n\n\n<li>Promove o&nbsp;<strong>sentido cr\u00edtico<\/strong>&nbsp;e a b\u00fasqueda de alternativas de soluci\u00f3n.<\/li>\n\n\n\n<li>Promove a&nbsp;<strong>equidade<\/strong>&nbsp;no seu quefacer educativo.<\/li>\n\n\n\n<li>Emprega os m\u00e9todos de an\u00e1lise, reflexi\u00f3n e di\u00e1logo propios do&nbsp;<strong>discernimento ignaciano na toma de decisi\u00f3ns.<\/strong>.<\/li>\n\n\n\n<li><strong>Celebramos<\/strong>&nbsp;todo o que nos fai m\u00e1is e mellor comunidade educativa.<\/li>\n<\/ol>\n<\/div>\n<\/div>","protected":false},"excerpt":{"rendered":"<p>Santa Mar\u00eda del Mar como centro de la Compa\u00f1\u00eda de Jes\u00fas Santa Mar\u00eda del Mar est\u00e1 integrado en la&nbsp;red educativa de la Compa\u00f1\u00eda de Jes\u00fas. Todos sus centros se inspiran [&hellip;]<\/p>\n","protected":false},"author":2,"featured_media":6877,"parent":2421,"menu_order":1,"comment_status":"closed","ping_status":"closed","template":"wp-custom-template-p-gina-y-relacionadas","meta":{"_EventAllDay":false,"_EventTimezone":"","_EventStartDate":"","_EventEndDate":"","_EventStartDateUTC":"","_EventEndDateUTC":"","_EventShowMap":false,"_EventShowMapLink":false,"_EventURL":"","_EventCost":"","_EventCostDescription":"","_EventCurrencySymbol":"","_EventCurrencyCode":"","_EventCurrencyPosition":"","_EventDateTimeSeparator":"","_EventTimeRangeSeparator":"","_EventOrganizerID":[],"_EventVenueID":[],"_OrganizerEmail":"","_OrganizerPhone":"","_OrganizerWebsite":"","_VenueAddress":"","_VenueCity":"","_VenueCountry":"","_VenueProvince":"","_VenueState":"","_VenueZip":"","_VenuePhone":"","_VenueURL":"","_VenueStateProvince":"","_VenueLat":"","_VenueLng":"","_VenueShowMap":false,"_VenueShowMapLink":false,"footnotes":""},"class_list":["post-20","page","type-page","status-publish","has-post-thumbnail","hentry"],"publishpress_future_action":{"enabled":false,"date":"2026-05-01 15:15:02","action":"change-status","newStatus":"draft","terms":[],"taxonomy":"","extraData":[]},"publishpress_future_workflow_manual_trigger":{"enabledWorkflows":[]},"_links":{"self":[{"href":"https:\/\/santamariadelmar.es\/gl\/wp-json\/wp\/v2\/pages\/20","targetHints":{"allow":["GET"]}}],"collection":[{"href":"https:\/\/santamariadelmar.es\/gl\/wp-json\/wp\/v2\/pages"}],"about":[{"href":"https:\/\/santamariadelmar.es\/gl\/wp-json\/wp\/v2\/types\/page"}],"author":[{"embeddable":true,"href":"https:\/\/santamariadelmar.es\/gl\/wp-json\/wp\/v2\/users\/2"}],"replies":[{"embeddable":true,"href":"https:\/\/santamariadelmar.es\/gl\/wp-json\/wp\/v2\/comments?post=20"}],"version-history":[{"count":1,"href":"https:\/\/santamariadelmar.es\/gl\/wp-json\/wp\/v2\/pages\/20\/revisions"}],"predecessor-version":[{"id":8973,"href":"https:\/\/santamariadelmar.es\/gl\/wp-json\/wp\/v2\/pages\/20\/revisions\/8973"}],"up":[{"embeddable":true,"href":"https:\/\/santamariadelmar.es\/gl\/wp-json\/wp\/v2\/pages\/2421"}],"wp:featuredmedia":[{"embeddable":true,"href":"https:\/\/santamariadelmar.es\/gl\/wp-json\/wp\/v2\/media\/6877"}],"wp:attachment":[{"href":"https:\/\/santamariadelmar.es\/gl\/wp-json\/wp\/v2\/media?parent=20"}],"curies":[{"name":"wp","href":"https:\/\/api.w.org\/{rel}","templated":true}]}}