{"id":1798,"date":"2025-10-27T14:05:17","date_gmt":"2025-10-27T13:05:17","guid":{"rendered":"https:\/\/santamariadelmar.es\/?page_id=1798"},"modified":"2026-02-04T16:01:21","modified_gmt":"2026-02-04T15:01:21","slug":"dimension-paraescolar","status":"publish","type":"page","link":"https:\/\/santamariadelmar.es\/gl\/modelo-educativo\/dimension-paraescolar\/","title":{"rendered":"Dimensi\u00f3n paraescolar"},"content":{"rendered":"<div class=\"wp-block-group is-layout-constrained wp-container-core-group-is-layout-4f9f0532 wp-block-group-is-layout-constrained\">\n<div class=\"wp-block-columns is-layout-flex wp-container-core-columns-is-layout-28f84493 wp-block-columns-is-layout-flex\">\n<div class=\"wp-block-column is-vertically-aligned-stretch is-layout-flow wp-block-column-is-layout-flow\" style=\"flex-basis:50%\">\n<p>Dende os inicios da tradici\u00f3n educativa da Compa\u00f1\u00eda de Xes\u00fas, os colexios deron gran importancia \u00e1s actividades extracurriculares.<\/p>\n\n\n\n<p>\"A educaci\u00f3n xesu\u00edta \u00e9 integral, \u00e9 todo: a capela, a clase, o deporte, a clase de pintura e as exposici\u00f3ns que se fan, teatro, etc., todo \u00e9 capela, todo \u00e9 sagrado, porque todo \u00e9 crecemento destes nenos que est\u00e1n medrando diante de Deus\" (Padre Adolfo Nicol\u00e1s, S.J.).<\/p>\n\n\n\n<p>As Paraescolares nos nosos colexios non son meros complementos do horario escolar, son unha parte esencial da nosa formaci\u00f3n integral. Por iso buscamos crear espazos onde o alumnado poida desenvolverse, axud\u00e1ndoo a:<\/p>\n\n\n\n<ul class=\"wp-block-list\">\n<li>Desenvolver actitudes e valores sociais de convivencia e solidaridade.<\/li>\n\n\n\n<li>Cultivar as s\u00faas habilidades f\u00edsicas, art\u00edsticas e cognitivas.<\/li>\n\n\n\n<li>Promover os beneficios da actividade f\u00edsica ao longo da s\u00faa vida.<\/li>\n\n\n\n<li>Consolidar afici\u00f3ns persoais \u00fatiles para o cultivo do ocio e o tempo libre.<\/li>\n<\/ul>\n\n\n\n<div style=\"height:61px\" aria-hidden=\"true\" class=\"wp-block-spacer\"><\/div>\n\n\n\n<h6 class=\"wp-block-heading has-extra-primary-color has-text-color has-link-color wp-elements-15e2972ffdbf3df1fd5785cfeb59b1a8\">ASPECTOS ORGANIZATIVOS<\/h6>\n\n\n\n<figure class=\"wp-block-table is-style-stripes\"><table><tbody><tr><td><strong>INICIO<\/strong><\/td><td>ESO<\/td><td>8 setembro de 2025<\/td><\/tr><tr><td><\/td><td>5\u00ba e 6\u00ba educaci\u00f3n primaria<\/td><td>9 setembro de 2025<\/td><\/tr><tr><td><\/td><td>Todos os cursos<\/td><td>10 de setembro de 2025<\/td><\/tr><tr><td><strong>FINALIZACI\u00d3N<\/strong><\/td><td>\u00daltimo d\u00eda lectivo do curso<\/td><td><\/td><\/tr><tr><td><strong>HORARIOS<\/strong><\/td><td>De 16:30 a 17:45 (os 5 d\u00edas da semana)<\/td><td><\/td><\/tr><tr><td><strong>INSCRIPCI\u00d3NS<\/strong><\/td><td>Entre o 30 de maio e o 15 de xu\u00f1o<\/td><td><\/td><\/tr><tr><td><strong>CAMBIOS DE ACTIVIDADE<\/strong><\/td><td>So poder\u00e1n realizarse entre os meses de setembro, outubro, xaneiro e febreiro.<\/td><td><\/td><\/tr><tr><td><strong>PUNTOS DE RECOLLIDA<\/strong><\/td><td>Educaci\u00f3n infantil e 1\u00ba e 2\u00ba de primaria<\/td><td>Patio cuberto<\/td><\/tr><tr><td><\/td><td>Educaci\u00f3n primaria e ESO<\/td><td>Kiss and Drive<\/td><\/tr><\/tbody><\/table><\/figure>\n\n\n\n<div style=\"height:61px\" aria-hidden=\"true\" class=\"wp-block-spacer\"><\/div>\n\n\n\n<h6 class=\"wp-block-heading has-extra-primary-color has-text-color has-link-color wp-elements-29427192ab10a36bd4c96ddcfc482c5f\">FESTIVAIS<\/h6>\n\n\n\n<figure class=\"wp-block-table is-style-stripes\"><table class=\"has-fixed-layout\"><tbody><tr><td><strong>Festival de Nadal<\/strong><\/td><td>18 de decembro de 2025<\/td><\/tr><tr><td><strong>Festival de fin de curso<\/strong><\/td><td>4 de xu\u00f1o de 2026<\/td><\/tr><\/tbody><\/table><\/figure>\n\n\n\n<div style=\"height:61px\" aria-hidden=\"true\" class=\"wp-block-spacer\"><\/div>\n\n\n\n<h6 class=\"wp-block-heading has-extra-primary-color has-text-color has-link-color wp-elements-b8cad5fa439412cac5e95e93c4f9c51b\">EQUIPACI\u00d3NS<\/h6>\n\n\n\n<figure class=\"wp-block-table is-style-stripes\"><table><tbody><tr><td><strong>MACRON<\/strong> <br>Pol\u00edgono de A Grela <br>R\u00faa Gutemberg, 23 15008 A Coru\u00f1a<\/td><td><a href=\"https:\/\/clubshop.macron.com\/coruna\/santa-maria-del-mar-coru-a-basket\" rel=\"nofollow\"><strong><mark style=\"background-color:rgba(0, 0, 0, 0)\" class=\"has-inline-color has-extra-primary-color\">Compra aqu\u00ed as t\u00faas equipaci\u00f3ns<\/mark><\/strong><\/a><\/td><\/tr><tr><td><strong>1\u00ba E 2\u00ba ED. PRIMARIA<br>(f\u00fatbol)<\/strong><\/td><td>Pantal\u00f3n Medias (S\u00f3 en caso de f\u00fabtol)<\/td><\/tr><tr><td><strong>A PARTIR DE 3\u00ba ED.<br>PRIMARIA E 2\u00ba ED.<br>PRIMARIA (hockey)<\/strong><\/td><td>Camiseta personalizada Pantal\u00f3n Medias (so en caso de f\u00fabol)<br>Camiseta para quentar (so en caso de baloncesto)<\/td><\/tr><\/tbody><\/table><\/figure>\n<\/div>\n\n\n\n<div class=\"wp-block-column is-vertically-aligned-stretch is-layout-flow wp-block-column-is-layout-flow\" style=\"flex-basis:50%\">\n<div class=\"wp-block-group is-layout-constrained wp-container-core-group-is-layout-4f9f0532 wp-block-group-is-layout-constrained\">\n<div class=\"wp-block-columns is-layout-flex wp-container-core-columns-is-layout-28f84493 wp-block-columns-is-layout-flex\">\n<div class=\"wp-block-column is-layout-flow wp-block-column-is-layout-flow\">\n<figure class=\"wp-block-image size-large\"><img loading=\"lazy\" decoding=\"async\" width=\"1080\" height=\"1009\" src=\"https:\/\/santamariadelmar.es\/wp-content\/uploads\/2025\/11\/IMG-20251027-WA0009-1080x1009.jpg\" alt=\"\" class=\"wp-image-2643\" style=\"aspect-ratio:4\/3;object-fit:cover\" srcset=\"https:\/\/santamariadelmar.es\/wp-content\/uploads\/2025\/11\/IMG-20251027-WA0009-1080x1009.jpg 1080w, https:\/\/santamariadelmar.es\/wp-content\/uploads\/2025\/11\/IMG-20251027-WA0009-540x504.jpg 540w, https:\/\/santamariadelmar.es\/wp-content\/uploads\/2025\/11\/IMG-20251027-WA0009-768x717.jpg 768w, https:\/\/santamariadelmar.es\/wp-content\/uploads\/2025\/11\/IMG-20251027-WA0009-1536x1435.jpg 1536w, https:\/\/santamariadelmar.es\/wp-content\/uploads\/2025\/11\/IMG-20251027-WA0009-2048x1913.jpg 2048w\" sizes=\"auto, (max-width: 1080px) 100vw, 1080px\" \/><\/figure>\n<\/div>\n\n\n\n<div class=\"wp-block-column is-layout-flow wp-block-column-is-layout-flow\">\n<figure class=\"wp-block-image size-large\"><img loading=\"lazy\" decoding=\"async\" width=\"1080\" height=\"833\" src=\"https:\/\/santamariadelmar.es\/wp-content\/uploads\/2025\/11\/IMG-20251023-WA0000-1080x833.jpg\" alt=\"\" class=\"wp-image-2644\" style=\"aspect-ratio:4\/3;object-fit:cover\" srcset=\"https:\/\/santamariadelmar.es\/wp-content\/uploads\/2025\/11\/IMG-20251023-WA0000-1080x833.jpg 1080w, https:\/\/santamariadelmar.es\/wp-content\/uploads\/2025\/11\/IMG-20251023-WA0000-540x416.jpg 540w, https:\/\/santamariadelmar.es\/wp-content\/uploads\/2025\/11\/IMG-20251023-WA0000-768x592.jpg 768w, https:\/\/santamariadelmar.es\/wp-content\/uploads\/2025\/11\/IMG-20251023-WA0000-1536x1184.jpg 1536w, https:\/\/santamariadelmar.es\/wp-content\/uploads\/2025\/11\/IMG-20251023-WA0000.jpg 2048w\" sizes=\"auto, (max-width: 1080px) 100vw, 1080px\" \/><\/figure>\n<\/div>\n<\/div>\n\n\n\n<div class=\"wp-block-columns is-layout-flex wp-container-core-columns-is-layout-28f84493 wp-block-columns-is-layout-flex\">\n<div class=\"wp-block-column is-layout-flow wp-block-column-is-layout-flow\">\n<figure class=\"wp-block-image size-large\"><img loading=\"lazy\" decoding=\"async\" width=\"810\" height=\"1080\" src=\"https:\/\/santamariadelmar.es\/wp-content\/uploads\/2025\/11\/fase_final_interescuelas_benajamines_1-810x1080.jpg\" alt=\"\" class=\"wp-image-2645\" style=\"aspect-ratio:4\/3;object-fit:cover\" srcset=\"https:\/\/santamariadelmar.es\/wp-content\/uploads\/2025\/11\/fase_final_interescuelas_benajamines_1-810x1080.jpg 810w, https:\/\/santamariadelmar.es\/wp-content\/uploads\/2025\/11\/fase_final_interescuelas_benajamines_1-405x540.jpg 405w, https:\/\/santamariadelmar.es\/wp-content\/uploads\/2025\/11\/fase_final_interescuelas_benajamines_1-768x1024.jpg 768w, https:\/\/santamariadelmar.es\/wp-content\/uploads\/2025\/11\/fase_final_interescuelas_benajamines_1-1152x1536.jpg 1152w, https:\/\/santamariadelmar.es\/wp-content\/uploads\/2025\/11\/fase_final_interescuelas_benajamines_1.jpg 1200w\" sizes=\"auto, (max-width: 810px) 100vw, 810px\" \/><\/figure>\n<\/div>\n\n\n\n<div class=\"wp-block-column is-layout-flow wp-block-column-is-layout-flow\">\n<figure class=\"wp-block-image size-large\"><img loading=\"lazy\" decoding=\"async\" width=\"1080\" height=\"720\" src=\"https:\/\/santamariadelmar.es\/wp-content\/uploads\/2025\/11\/Prueba-Judo-1080x720.png\" alt=\"\" class=\"wp-image-2775\" style=\"aspect-ratio:4\/3;object-fit:cover\" srcset=\"https:\/\/santamariadelmar.es\/wp-content\/uploads\/2025\/11\/Prueba-Judo-1080x720.png 1080w, https:\/\/santamariadelmar.es\/wp-content\/uploads\/2025\/11\/Prueba-Judo-540x360.png 540w, https:\/\/santamariadelmar.es\/wp-content\/uploads\/2025\/11\/Prueba-Judo-768x512.png 768w, https:\/\/santamariadelmar.es\/wp-content\/uploads\/2025\/11\/Prueba-Judo-1536x1024.png 1536w, https:\/\/santamariadelmar.es\/wp-content\/uploads\/2025\/11\/Prueba-Judo-2048x1365.png 2048w\" sizes=\"auto, (max-width: 1080px) 100vw, 1080px\" \/><\/figure>\n<\/div>\n<\/div>\n\n\n\n<div class=\"wp-block-columns is-layout-flex wp-container-core-columns-is-layout-28f84493 wp-block-columns-is-layout-flex\">\n<div class=\"wp-block-column is-layout-flow wp-block-column-is-layout-flow\">\n<figure class=\"wp-block-image size-large\"><img loading=\"lazy\" decoding=\"async\" width=\"1080\" height=\"720\" src=\"https:\/\/santamariadelmar.es\/wp-content\/uploads\/2025\/11\/pruebaballet-1080x720.png\" alt=\"\" class=\"wp-image-2777\" style=\"aspect-ratio:4\/3;object-fit:cover\" srcset=\"https:\/\/santamariadelmar.es\/wp-content\/uploads\/2025\/11\/pruebaballet-1080x720.png 1080w, https:\/\/santamariadelmar.es\/wp-content\/uploads\/2025\/11\/pruebaballet-540x360.png 540w, https:\/\/santamariadelmar.es\/wp-content\/uploads\/2025\/11\/pruebaballet-768x512.png 768w, https:\/\/santamariadelmar.es\/wp-content\/uploads\/2025\/11\/pruebaballet-1536x1024.png 1536w, https:\/\/santamariadelmar.es\/wp-content\/uploads\/2025\/11\/pruebaballet-2048x1365.png 2048w\" sizes=\"auto, (max-width: 1080px) 100vw, 1080px\" \/><\/figure>\n<\/div>\n\n\n\n<div class=\"wp-block-column is-layout-flow wp-block-column-is-layout-flow\">\n<figure class=\"wp-block-image size-large\"><img loading=\"lazy\" decoding=\"async\" width=\"1080\" height=\"810\" src=\"https:\/\/santamariadelmar.es\/wp-content\/uploads\/2025\/11\/infantil_femenino-1080x810.jpeg\" alt=\"\" class=\"wp-image-2648\" style=\"aspect-ratio:4\/3;object-fit:cover\" srcset=\"https:\/\/santamariadelmar.es\/wp-content\/uploads\/2025\/11\/infantil_femenino-1080x810.jpeg 1080w, https:\/\/santamariadelmar.es\/wp-content\/uploads\/2025\/11\/infantil_femenino-540x405.jpeg 540w, https:\/\/santamariadelmar.es\/wp-content\/uploads\/2025\/11\/infantil_femenino-768x576.jpeg 768w, https:\/\/santamariadelmar.es\/wp-content\/uploads\/2025\/11\/infantil_femenino-1536x1152.jpeg 1536w, https:\/\/santamariadelmar.es\/wp-content\/uploads\/2025\/11\/infantil_femenino-2048x1536.jpeg 2048w\" sizes=\"auto, (max-width: 1080px) 100vw, 1080px\" \/><\/figure>\n<\/div>\n<\/div>\n<\/div>\n\n\n\n<div class=\"wp-block-group services-box-personalizado is-layout-constrained wp-block-group-is-layout-constrained\">\n<figure class=\"wp-block-image aligncenter size-full is-resized\"><img loading=\"lazy\" decoding=\"async\" width=\"1000\" height=\"1000\" src=\"https:\/\/santamariadelmar.es\/wp-content\/uploads\/2025\/10\/sports_and_outdoors_1000dp_118CB0_FILL0_wght400_GRAD0_opsz48.png\" alt=\"\" class=\"wp-image-1806\" style=\"width:85px\" srcset=\"https:\/\/santamariadelmar.es\/wp-content\/uploads\/2025\/10\/sports_and_outdoors_1000dp_118CB0_FILL0_wght400_GRAD0_opsz48.png 1000w, https:\/\/santamariadelmar.es\/wp-content\/uploads\/2025\/10\/sports_and_outdoors_1000dp_118CB0_FILL0_wght400_GRAD0_opsz48-540x540.png 540w, https:\/\/santamariadelmar.es\/wp-content\/uploads\/2025\/10\/sports_and_outdoors_1000dp_118CB0_FILL0_wght400_GRAD0_opsz48-270x270.png 270w, https:\/\/santamariadelmar.es\/wp-content\/uploads\/2025\/10\/sports_and_outdoors_1000dp_118CB0_FILL0_wght400_GRAD0_opsz48-768x768.png 768w\" sizes=\"auto, (max-width: 1000px) 100vw, 1000px\" \/><\/figure>\n\n\n\n<h3 class=\"wp-block-heading has-text-align-center has-text-color has-link-color has-green-market-poppins-font-family wp-elements-f4d367a2c7f02e59d5d4eeaab56d3b96\" style=\"color:var(--wp--preset--color--extra-primary);font-size:20px;font-style:normal;font-weight:600;line-height:1.3\"><a href=\"https:\/\/santamariadelmar.es\/gl\/libros-de-texto-curso-2025-26\/\" data-type=\"page\" data-id=\"1748\">Ofertas de <\/a><a href=\"https:\/\/santamariadelmar.es\/wp-content\/uploads\/2025\/10\/2526_paraescolares_actividades.pdf\" data-type=\"page\" data-id=\"1748\" target=\"_blank\" rel=\"noreferrer noopener\">actividades<\/a><a href=\"https:\/\/santamariadelmar.es\/wp-content\/uploads\/2025\/10\/2526_paraescolares_actividades.pdf\" data-type=\"page\" data-id=\"1748\">Paraescolares Curso 2025\/26<\/a><\/h3>\n<\/div>\n<\/div>\n<\/div>\n\n\n\n<p><\/p>\n<\/div>","protected":false},"excerpt":{"rendered":"<p>Desde los inicios de la tradici\u00f3n educativa de la Compa\u00f1\u00eda de Jes\u00fas, los colegios dieron gran importancia a las actividades extracurriculares. \u00abLa educaci\u00f3n jesuita es integral, es todo: la capilla, [&hellip;]<\/p>\n","protected":false},"author":2,"featured_media":6896,"parent":1904,"menu_order":4,"comment_status":"closed","ping_status":"closed","template":"pagina-basica","meta":{"_EventAllDay":false,"_EventTimezone":"","_EventStartDate":"","_EventEndDate":"","_EventStartDateUTC":"","_EventEndDateUTC":"","_EventShowMap":false,"_EventShowMapLink":false,"_EventURL":"","_EventCost":"","_EventCostDescription":"","_EventCurrencySymbol":"","_EventCurrencyCode":"","_EventCurrencyPosition":"","_EventDateTimeSeparator":"","_EventTimeRangeSeparator":"","_EventOrganizerID":[],"_EventVenueID":[],"_OrganizerEmail":"","_OrganizerPhone":"","_OrganizerWebsite":"","_VenueAddress":"","_VenueCity":"","_VenueCountry":"","_VenueProvince":"","_VenueState":"","_VenueZip":"","_VenuePhone":"","_VenueURL":"","_VenueStateProvince":"","_VenueLat":"","_VenueLng":"","_VenueShowMap":false,"_VenueShowMapLink":false,"footnotes":""},"class_list":["post-1798","page","type-page","status-publish","has-post-thumbnail","hentry"],"publishpress_future_action":{"enabled":false,"date":"2026-05-01 14:31:43","action":"change-status","newStatus":"draft","terms":[],"taxonomy":"","extraData":[]},"publishpress_future_workflow_manual_trigger":{"enabledWorkflows":[]},"_links":{"self":[{"href":"https:\/\/santamariadelmar.es\/gl\/wp-json\/wp\/v2\/pages\/1798","targetHints":{"allow":["GET"]}}],"collection":[{"href":"https:\/\/santamariadelmar.es\/gl\/wp-json\/wp\/v2\/pages"}],"about":[{"href":"https:\/\/santamariadelmar.es\/gl\/wp-json\/wp\/v2\/types\/page"}],"author":[{"embeddable":true,"href":"https:\/\/santamariadelmar.es\/gl\/wp-json\/wp\/v2\/users\/2"}],"replies":[{"embeddable":true,"href":"https:\/\/santamariadelmar.es\/gl\/wp-json\/wp\/v2\/comments?post=1798"}],"version-history":[{"count":3,"href":"https:\/\/santamariadelmar.es\/gl\/wp-json\/wp\/v2\/pages\/1798\/revisions"}],"predecessor-version":[{"id":8619,"href":"https:\/\/santamariadelmar.es\/gl\/wp-json\/wp\/v2\/pages\/1798\/revisions\/8619"}],"up":[{"embeddable":true,"href":"https:\/\/santamariadelmar.es\/gl\/wp-json\/wp\/v2\/pages\/1904"}],"wp:featuredmedia":[{"embeddable":true,"href":"https:\/\/santamariadelmar.es\/gl\/wp-json\/wp\/v2\/media\/6896"}],"wp:attachment":[{"href":"https:\/\/santamariadelmar.es\/gl\/wp-json\/wp\/v2\/media?parent=1798"}],"curies":[{"name":"wp","href":"https:\/\/api.w.org\/{rel}","templated":true}]}}